{"id":19605,"date":"2019-07-04T11:19:40","date_gmt":"2019-07-04T11:19:40","guid":{"rendered":"https:\/\/estetoscopiolittmann.com\/?page_id=19605"},"modified":"2021-05-19T13:04:06","modified_gmt":"2021-05-19T13:04:06","slug":"contact","status":"publish","type":"page","link":"https:\/\/stethoscope24.com\/estetoscopio-littmann\/contact\/","title":{"rendered":"Cont\u00e1ctenos"},"content":{"rendered":"<p>Aqu\u00ed es donde nos reunimos, cuando tiene preguntas sin resolver y nosotros le brindamos el mejor servicio al cliente para su satisfacci\u00f3n.<\/p>\n<h4>\u00bfC\u00f3mo contactarnos?<\/h4>\n<ol>\n<li>Puede contactarnos mediante el formulario de contacto<\/li>\n<li>Ll\u00e1manos en horario comercial (09:00 &#8211; 17:00)<\/li>\n<li>Encu\u00e9ntrenos en Facebook<\/li>\n<li>Chatee con nosotros ahora mismo<\/li>\n<\/ol>\n<p>Si no estamos conectados, nos comunicaremos con usted lo antes posible.<\/p>\n<p><strong>M\u00e1s formas de comunicarse con nosotros:<\/strong> simplemente env\u00edenos un correo electr\u00f3nico, respondemos a los correos electr\u00f3nicos en menos de 24 horas.<br \/>\n<strong>\u00bfNecesitas una respuesta ahora?<\/strong> ll\u00e1menos durante los d\u00edas h\u00e1biles de lunes a viernes de 09:00 a 17:00.<br \/>\nPregunte Ahora: <a href=\"tel:+49-162-4980932\">+49-162-4980932<\/a><\/p>\n<p>N\u00famero local \u00a1Pronto!<br \/>\n<a href=\"mailto:support@danawu.de\">support@danawu.de<\/a><br \/>\n<a href=\"mailto:sales@danawu.de\">sales@danawu.de<\/a><br \/>\n9 Pfarrer-Jungklaus-Str., 13189, Berl\u00edn, Alemania<\/p>\n<p>Mo \u2013 Fr 9 am to 5 pm<br \/>\n<span style=\"font-size: inherit;\">Su \u2013 10 am to 3 pm<\/span><\/p>\n<p>Complete los campos del formulario de contacto y nos comunicaremos con usted por correo electr\u00f3nico o una llamada lo antes posible y a m\u00e1s tardar dentro de 24 horas.<br \/>\n\n<div class=\"wpcf7 no-js\" id=\"wpcf7-f18178-o1\" lang=\"en-US\" dir=\"ltr\" data-wpcf7-id=\"18178\">\n<div class=\"screen-reader-response\"><p role=\"status\" aria-live=\"polite\" aria-atomic=\"true\"><\/p> <ul><\/ul><\/div>\n<form action=\"\/estetoscopio-littmann\/wp-json\/wp\/v2\/pages\/19605#wpcf7-f18178-o1\" method=\"post\" class=\"wpcf7-form init\" aria-label=\"Contact form\" novalidate=\"novalidate\" data-status=\"init\">\n<fieldset class=\"hidden-fields-container\"><input type=\"hidden\" name=\"_wpcf7\" value=\"18178\" \/><input type=\"hidden\" name=\"_wpcf7_version\" value=\"6.1.4\" \/><input type=\"hidden\" name=\"_wpcf7_locale\" value=\"en_US\" \/><input type=\"hidden\" name=\"_wpcf7_unit_tag\" value=\"wpcf7-f18178-o1\" \/><input type=\"hidden\" name=\"_wpcf7_container_post\" value=\"0\" \/><input type=\"hidden\" name=\"_wpcf7_posted_data_hash\" value=\"\" \/>\n<\/fieldset>\n<p><span class=\"wpcf7-form-control-wrap\" data-name=\"Name\"><input size=\"40\" maxlength=\"400\" class=\"wpcf7-form-control wpcf7-text wpcf7-validates-as-required\" aria-required=\"true\" aria-invalid=\"false\" placeholder=\"Nombre\" value=\"\" type=\"text\" name=\"Name\" \/><\/span><span class=\"wpcf7-form-control-wrap\" data-name=\"Email\"><input size=\"40\" maxlength=\"400\" class=\"wpcf7-form-control wpcf7-email wpcf7-validates-as-required wpcf7-text wpcf7-validates-as-email\" aria-required=\"true\" aria-invalid=\"false\" placeholder=\"Email\" value=\"\" type=\"email\" name=\"Email\" \/><\/span><span class=\"wpcf7-form-control-wrap\" data-name=\"Message\"><textarea cols=\"40\" rows=\"10\" maxlength=\"2000\" class=\"wpcf7-form-control wpcf7-textarea\" aria-invalid=\"false\" placeholder=\"Mensaje\" name=\"Message\"><\/textarea><\/span><input class=\"wpcf7-form-control wpcf7-submit has-spinner dt-sc-button\" type=\"submit\" value=\"Enviar\" \/>\n<\/p><p style=\"display: none !important;\" class=\"akismet-fields-container\" data-prefix=\"_wpcf7_ak_\"><label>&#916;<textarea name=\"_wpcf7_ak_hp_textarea\" cols=\"45\" rows=\"8\" maxlength=\"100\"><\/textarea><\/label><input type=\"hidden\" id=\"ak_js_1\" name=\"_wpcf7_ak_js\" value=\"147\"\/><script>document.getElementById( \"ak_js_1\" ).setAttribute( \"value\", ( new Date() ).getTime() );<\/script><\/p><div class=\"wpcf7-response-output\" aria-hidden=\"true\"><\/div>\n<\/form>\n<\/div>\n<\/p>\n","protected":false},"excerpt":{"rendered":"<p>Aqu\u00ed es donde nos reunimos, cuando tiene preguntas sin resolver y nosotros le brindamos el mejor servicio al cliente para su satisfacci\u00f3n. \u00bfC\u00f3mo contactarnos? Puede contactarnos mediante el formulario de contacto Ll\u00e1manos en horario comercial (09:00 &#8211; 17:00) Encu\u00e9ntrenos en Facebook Chatee con nosotros ahora mismo Si no estamos conectados, nos comunicaremos con usted lo [&hellip;]<\/p>\n","protected":false},"author":1,"featured_media":0,"parent":0,"menu_order":0,"comment_status":"closed","ping_status":"closed","template":"","meta":{"footnotes":""},"class_list":["post-19605","page","type-page","status-publish","hentry"],"yoast_head":"<!-- This site is optimized with the Yoast SEO plugin v27.4 - https:\/\/yoast.com\/product\/yoast-seo-wordpress\/ -->\n<title>Cont\u00e1ctenos - Estetoscopio Littmann<\/title>\n<meta name=\"description\" content=\"Complete los campos del formulario de contacto y nos comunicaremos con usted por correo electr\u00f3nico o una llamada lo antes posible y a m\u00e1s tardar dentro de 24 horas.\" \/>\n<meta name=\"robots\" content=\"index, follow, max-snippet:-1, max-image-preview:large, max-video-preview:-1\" \/>\n<link rel=\"canonical\" href=\"https:\/\/stethoscope24.com\/estetoscopio-littmann\/contact\/\" \/>\n<meta property=\"og:locale\" content=\"es_MX\" \/>\n<meta property=\"og:type\" content=\"article\" \/>\n<meta property=\"og:title\" content=\"Cont\u00e1ctenos - Estetoscopio Littmann\" \/>\n<meta property=\"og:description\" content=\"Complete los campos del formulario de contacto y nos comunicaremos con usted por correo electr\u00f3nico o una llamada lo antes posible y a m\u00e1s tardar dentro de 24 horas.\" \/>\n<meta property=\"og:url\" content=\"https:\/\/stethoscope24.com\/estetoscopio-littmann\/contact\/\" \/>\n<meta property=\"og:site_name\" content=\"Estetoscopio Littmann\" \/>\n<meta property=\"article:modified_time\" content=\"2021-05-19T13:04:06+00:00\" \/>\n<meta name=\"twitter:card\" content=\"summary_large_image\" \/>\n<meta name=\"twitter:label1\" content=\"Tiempo de lectura\" \/>\n\t<meta name=\"twitter:data1\" content=\"1 minuto\" \/>\n<script type=\"application\/ld+json\" class=\"yoast-schema-graph\">{\"@context\":\"https:\\\/\\\/schema.org\",\"@graph\":[{\"@type\":\"WebPage\",\"@id\":\"https:\\\/\\\/stethoscope24.com\\\/estetoscopio-littmann\\\/contact\\\/\",\"url\":\"https:\\\/\\\/stethoscope24.com\\\/estetoscopio-littmann\\\/contact\\\/\",\"name\":\"Cont\u00e1ctenos - Estetoscopio Littmann\",\"isPartOf\":{\"@id\":\"https:\\\/\\\/stethoscope24.com\\\/estetoscopio-littmann\\\/#website\"},\"datePublished\":\"2019-07-04T11:19:40+00:00\",\"dateModified\":\"2021-05-19T13:04:06+00:00\",\"description\":\"Complete los campos del formulario de contacto y nos comunicaremos con usted por correo electr\u00f3nico o una llamada lo antes posible y a m\u00e1s tardar dentro de 24 horas.\",\"breadcrumb\":{\"@id\":\"https:\\\/\\\/stethoscope24.com\\\/estetoscopio-littmann\\\/contact\\\/#breadcrumb\"},\"inLanguage\":\"es\",\"potentialAction\":[{\"@type\":\"ReadAction\",\"target\":[\"https:\\\/\\\/stethoscope24.com\\\/estetoscopio-littmann\\\/contact\\\/\"]}]},{\"@type\":\"BreadcrumbList\",\"@id\":\"https:\\\/\\\/stethoscope24.com\\\/estetoscopio-littmann\\\/contact\\\/#breadcrumb\",\"itemListElement\":[{\"@type\":\"ListItem\",\"position\":1,\"name\":\"Home\",\"item\":\"https:\\\/\\\/stethoscope24.com\\\/estetoscopio-littmann\\\/\"},{\"@type\":\"ListItem\",\"position\":2,\"name\":\"Cont\u00e1ctenos\"}]},{\"@type\":\"WebSite\",\"@id\":\"https:\\\/\\\/stethoscope24.com\\\/estetoscopio-littmann\\\/#website\",\"url\":\"https:\\\/\\\/stethoscope24.com\\\/estetoscopio-littmann\\\/\",\"name\":\"Estetoscopio Littmann\",\"description\":\"Estetoscopio Littmann\",\"publisher\":{\"@id\":\"https:\\\/\\\/stethoscope24.com\\\/estetoscopio-littmann\\\/#organization\"},\"potentialAction\":[{\"@type\":\"SearchAction\",\"target\":{\"@type\":\"EntryPoint\",\"urlTemplate\":\"https:\\\/\\\/stethoscope24.com\\\/estetoscopio-littmann\\\/?s={search_term_string}\"},\"query-input\":{\"@type\":\"PropertyValueSpecification\",\"valueRequired\":true,\"valueName\":\"search_term_string\"}}],\"inLanguage\":\"es\"},{\"@type\":\"Organization\",\"@id\":\"https:\\\/\\\/stethoscope24.com\\\/estetoscopio-littmann\\\/#organization\",\"name\":\"Estetoscopio Littmann\",\"url\":\"https:\\\/\\\/stethoscope24.com\\\/estetoscopio-littmann\\\/\",\"logo\":{\"@type\":\"ImageObject\",\"inLanguage\":\"es\",\"@id\":\"https:\\\/\\\/stethoscope24.com\\\/estetoscopio-littmann\\\/#\\\/schema\\\/logo\\\/image\\\/\",\"url\":\"https:\\\/\\\/i0.wp.com\\\/stethoscope24.com\\\/estetoscopio-littmann\\\/wp-content\\\/uploads\\\/2021\\\/03\\\/logostethoscope24-50.jpg?fit=298%2C50&ssl=1\",\"contentUrl\":\"https:\\\/\\\/i0.wp.com\\\/stethoscope24.com\\\/estetoscopio-littmann\\\/wp-content\\\/uploads\\\/2021\\\/03\\\/logostethoscope24-50.jpg?fit=298%2C50&ssl=1\",\"width\":298,\"height\":50,\"caption\":\"Estetoscopio Littmann\"},\"image\":{\"@id\":\"https:\\\/\\\/stethoscope24.com\\\/estetoscopio-littmann\\\/#\\\/schema\\\/logo\\\/image\\\/\"}}]}<\/script>\n<!-- \/ Yoast SEO plugin. -->","yoast_head_json":{"title":"Cont\u00e1ctenos - Estetoscopio Littmann","description":"Complete los campos del formulario de contacto y nos comunicaremos con usted por correo electr\u00f3nico o una llamada lo antes posible y a m\u00e1s tardar dentro de 24 horas.","robots":{"index":"index","follow":"follow","max-snippet":"max-snippet:-1","max-image-preview":"max-image-preview:large","max-video-preview":"max-video-preview:-1"},"canonical":"https:\/\/stethoscope24.com\/estetoscopio-littmann\/contact\/","og_locale":"es_MX","og_type":"article","og_title":"Cont\u00e1ctenos - Estetoscopio Littmann","og_description":"Complete los campos del formulario de contacto y nos comunicaremos con usted por correo electr\u00f3nico o una llamada lo antes posible y a m\u00e1s tardar dentro de 24 horas.","og_url":"https:\/\/stethoscope24.com\/estetoscopio-littmann\/contact\/","og_site_name":"Estetoscopio Littmann","article_modified_time":"2021-05-19T13:04:06+00:00","twitter_card":"summary_large_image","twitter_misc":{"Tiempo de lectura":"1 minuto"},"schema":{"@context":"https:\/\/schema.org","@graph":[{"@type":"WebPage","@id":"https:\/\/stethoscope24.com\/estetoscopio-littmann\/contact\/","url":"https:\/\/stethoscope24.com\/estetoscopio-littmann\/contact\/","name":"Cont\u00e1ctenos - Estetoscopio Littmann","isPartOf":{"@id":"https:\/\/stethoscope24.com\/estetoscopio-littmann\/#website"},"datePublished":"2019-07-04T11:19:40+00:00","dateModified":"2021-05-19T13:04:06+00:00","description":"Complete los campos del formulario de contacto y nos comunicaremos con usted por correo electr\u00f3nico o una llamada lo antes posible y a m\u00e1s tardar dentro de 24 horas.","breadcrumb":{"@id":"https:\/\/stethoscope24.com\/estetoscopio-littmann\/contact\/#breadcrumb"},"inLanguage":"es","potentialAction":[{"@type":"ReadAction","target":["https:\/\/stethoscope24.com\/estetoscopio-littmann\/contact\/"]}]},{"@type":"BreadcrumbList","@id":"https:\/\/stethoscope24.com\/estetoscopio-littmann\/contact\/#breadcrumb","itemListElement":[{"@type":"ListItem","position":1,"name":"Home","item":"https:\/\/stethoscope24.com\/estetoscopio-littmann\/"},{"@type":"ListItem","position":2,"name":"Cont\u00e1ctenos"}]},{"@type":"WebSite","@id":"https:\/\/stethoscope24.com\/estetoscopio-littmann\/#website","url":"https:\/\/stethoscope24.com\/estetoscopio-littmann\/","name":"Estetoscopio Littmann","description":"Estetoscopio Littmann","publisher":{"@id":"https:\/\/stethoscope24.com\/estetoscopio-littmann\/#organization"},"potentialAction":[{"@type":"SearchAction","target":{"@type":"EntryPoint","urlTemplate":"https:\/\/stethoscope24.com\/estetoscopio-littmann\/?s={search_term_string}"},"query-input":{"@type":"PropertyValueSpecification","valueRequired":true,"valueName":"search_term_string"}}],"inLanguage":"es"},{"@type":"Organization","@id":"https:\/\/stethoscope24.com\/estetoscopio-littmann\/#organization","name":"Estetoscopio Littmann","url":"https:\/\/stethoscope24.com\/estetoscopio-littmann\/","logo":{"@type":"ImageObject","inLanguage":"es","@id":"https:\/\/stethoscope24.com\/estetoscopio-littmann\/#\/schema\/logo\/image\/","url":"https:\/\/i0.wp.com\/stethoscope24.com\/estetoscopio-littmann\/wp-content\/uploads\/2021\/03\/logostethoscope24-50.jpg?fit=298%2C50&ssl=1","contentUrl":"https:\/\/i0.wp.com\/stethoscope24.com\/estetoscopio-littmann\/wp-content\/uploads\/2021\/03\/logostethoscope24-50.jpg?fit=298%2C50&ssl=1","width":298,"height":50,"caption":"Estetoscopio Littmann"},"image":{"@id":"https:\/\/stethoscope24.com\/estetoscopio-littmann\/#\/schema\/logo\/image\/"}}]}},"jetpack_sharing_enabled":true,"_links":{"self":[{"href":"https:\/\/stethoscope24.com\/estetoscopio-littmann\/wp-json\/wp\/v2\/pages\/19605","targetHints":{"allow":["GET"]}}],"collection":[{"href":"https:\/\/stethoscope24.com\/estetoscopio-littmann\/wp-json\/wp\/v2\/pages"}],"about":[{"href":"https:\/\/stethoscope24.com\/estetoscopio-littmann\/wp-json\/wp\/v2\/types\/page"}],"author":[{"embeddable":true,"href":"https:\/\/stethoscope24.com\/estetoscopio-littmann\/wp-json\/wp\/v2\/users\/1"}],"replies":[{"embeddable":true,"href":"https:\/\/stethoscope24.com\/estetoscopio-littmann\/wp-json\/wp\/v2\/comments?post=19605"}],"version-history":[{"count":2,"href":"https:\/\/stethoscope24.com\/estetoscopio-littmann\/wp-json\/wp\/v2\/pages\/19605\/revisions"}],"predecessor-version":[{"id":24210,"href":"https:\/\/stethoscope24.com\/estetoscopio-littmann\/wp-json\/wp\/v2\/pages\/19605\/revisions\/24210"}],"wp:attachment":[{"href":"https:\/\/stethoscope24.com\/estetoscopio-littmann\/wp-json\/wp\/v2\/media?parent=19605"}],"curies":[{"name":"wp","href":"https:\/\/api.w.org\/{rel}","templated":true}]}}