{"id":19790,"date":"2019-07-08T07:22:26","date_gmt":"2019-07-08T07:22:26","guid":{"rendered":"https:\/\/estetoscopiolittmann.com\/?page_id=19790"},"modified":"2023-11-06T15:43:25","modified_gmt":"2023-11-06T15:43:25","slug":"envio-y-devoluciones","status":"publish","type":"page","link":"https:\/\/stethoscope24.com\/estetoscopio-littmann\/envio-y-devoluciones\/","title":{"rendered":"Env\u00edos y Devoluciones"},"content":{"rendered":"<h2>\u00a1Gracias por comprar en stethoscope24.com\/estetoscopio-littmann!<\/h2>\n<div class=\"section-header\">\n<h3 class=\"section-header--title\">Env\u00edos<\/h3>\n<\/div>\n<p>Nos complace saber que nuestros clientes est\u00e9n contentos y satisfechos, sabemos que usted ya deseaba tener su estetoscopio desde ayer\u2026 por eso en stethoscope24.com\/estetoscopio-littmann<br \/>\nenviamos cualquier pedido llegue antes de las 14:00 de lunes a viernes el mismo d\u00eda y nunca nos demoramos m\u00e1s de 24 h, y esto incluye pedidos con grabado con l\u00e1ser!<br \/>\nSi se realiza un pedido durante el fin de semana, se enviar\u00e1 el lunes.<\/p>\n<p>Esto significa que los pedidos se procesan y env\u00edan con prontitud y no hay tiempo para retrasos en el env\u00edo.<br \/>\nEn caso de demora en el env\u00edo, nuestro representante se comunicar\u00e1 con usted poco despu\u00e9s de que haya realizado su pedido, en cuyo caso puede optar por esperar su art\u00edculo o cancelar su pedido.<\/p>\n<p>Tenemos env\u00edos a todo el mundo. Tenga en cuenta que hay restricciones en algunos productos y algunos productos no se pueden enviar a destinos internacionales.<\/p>\n<p>Cuando realiza un pedido, calcularemos las fechas de env\u00edo y entrega seg\u00fan la disponibilidad de sus art\u00edculos y las opciones de env\u00edo que elija. Dependiendo del proveedor de env\u00edo que elija, las estimaciones de la fecha de env\u00edo pueden aparecer en la p\u00e1gina de cotizaciones de env\u00edo.<\/p>\n<p>Su pedido se enviar\u00e1 por medio de UPS Express, DHL Express o TNT.<br \/>\nLos costos de env\u00edo var\u00edan de un destino a otro, se le notificar\u00e1 sobre los costos de env\u00edo antes de pagar.<\/p>\n<div class=\"rte\">\n<h3>Devoluciones<\/h3>\n<p>Puede devolver la mayor\u00eda de los art\u00edculos nuevos sin abrir dentro de los 14 d\u00edas posteriores a la entrega para obtener un reembolso completo. Tambi\u00e9n pagaremos los costos de env\u00edo de devoluci\u00f3n si la devoluci\u00f3n es el resultado de nuestro error (recibi\u00f3 un art\u00edculo incorrecto o defectuoso, etc.).<\/p>\n<p>El tiempo de espera para recibir su reembolso es dentro de cuatro semanas a partir de la entrega de su paquete al servicio que har\u00e1 la devoluci\u00f3n, sin embargo, en muchos casos, recibir\u00e1 un reembolso m\u00e1s r\u00e1pidamente. Este per\u00edodo de tiempo incluye el tiempo de tr\u00e1nsito para que recibamos su devoluci\u00f3n del remitente (de 5 a 10 d\u00edas h\u00e1biles), el tiempo que nos lleva procesar su devoluci\u00f3n una vez que la recibimos (de 3 a 5 d\u00edas h\u00e1biles) y el tiempo que demora su banco para procesar nuestra solicitud de reembolso (de 5 a 10 d\u00edas h\u00e1biles).<\/p>\n<p>Si necesita devolver un art\u00edculo, <a href=\"https:\/\/stethoscope24.com\/estetoscopio-littmann\/contact\/\">simplemente cont\u00e1ctenos<\/a>.<\/p>\n<\/div>\n","protected":false},"excerpt":{"rendered":"<p>\u00a1Gracias por comprar en stethoscope24.com\/estetoscopio-littmann! Env\u00edos Nos complace saber que nuestros clientes est\u00e9n contentos y satisfechos, sabemos que usted ya deseaba tener su estetoscopio desde ayer\u2026 por eso en stethoscope24.com\/estetoscopio-littmann enviamos cualquier pedido llegue antes de las 14:00 de lunes a viernes el mismo d\u00eda y nunca nos demoramos m\u00e1s de 24 h, y esto [&hellip;]<\/p>\n","protected":false},"author":1,"featured_media":0,"parent":0,"menu_order":0,"comment_status":"closed","ping_status":"closed","template":"","meta":{"footnotes":""},"class_list":["post-19790","page","type-page","status-publish","hentry"],"yoast_head":"<!-- This site is optimized with the Yoast SEO plugin v27.5 - https:\/\/yoast.com\/product\/yoast-seo-wordpress\/ -->\n<title>Env\u00edos y Devoluciones - Estetoscopio Littmann<\/title>\n<meta name=\"description\" content=\"Env\u00edos y Devoluciones Nos complace saber que nuestros clientes est\u00e9n contentos y satisfechos, sabemos que usted ya deseaba tener su estetoscopio desde ayer\u2026 por eso en stethoscope24.com\/estetoscopio-littmann\" \/>\n<meta name=\"robots\" content=\"index, follow, max-snippet:-1, max-image-preview:large, max-video-preview:-1\" \/>\n<link rel=\"canonical\" href=\"https:\/\/stethoscope24.com\/estetoscopio-littmann\/envio-y-devoluciones\/\" \/>\n<meta property=\"og:locale\" content=\"es_MX\" \/>\n<meta property=\"og:type\" content=\"article\" \/>\n<meta property=\"og:title\" content=\"Env\u00edos y Devoluciones - Estetoscopio Littmann\" \/>\n<meta property=\"og:description\" content=\"Env\u00edos y Devoluciones Nos complace saber que nuestros clientes est\u00e9n contentos y satisfechos, sabemos que usted ya deseaba tener su estetoscopio desde ayer\u2026 por eso en stethoscope24.com\/estetoscopio-littmann\" \/>\n<meta property=\"og:url\" content=\"https:\/\/stethoscope24.com\/estetoscopio-littmann\/envio-y-devoluciones\/\" \/>\n<meta property=\"og:site_name\" content=\"Estetoscopio Littmann\" \/>\n<meta property=\"article:modified_time\" content=\"2023-11-06T15:43:25+00:00\" \/>\n<meta name=\"twitter:card\" content=\"summary_large_image\" \/>\n<meta name=\"twitter:label1\" content=\"Tiempo de lectura\" \/>\n\t<meta name=\"twitter:data1\" content=\"2 minutos\" \/>\n<script type=\"application\/ld+json\" class=\"yoast-schema-graph\">{\"@context\":\"https:\\\/\\\/schema.org\",\"@graph\":[{\"@type\":\"WebPage\",\"@id\":\"https:\\\/\\\/stethoscope24.com\\\/estetoscopio-littmann\\\/envio-y-devoluciones\\\/\",\"url\":\"https:\\\/\\\/stethoscope24.com\\\/estetoscopio-littmann\\\/envio-y-devoluciones\\\/\",\"name\":\"Env\u00edos y Devoluciones - Estetoscopio Littmann\",\"isPartOf\":{\"@id\":\"https:\\\/\\\/stethoscope24.com\\\/estetoscopio-littmann\\\/#website\"},\"datePublished\":\"2019-07-08T07:22:26+00:00\",\"dateModified\":\"2023-11-06T15:43:25+00:00\",\"description\":\"Env\u00edos y Devoluciones Nos complace saber que nuestros clientes est\u00e9n contentos y satisfechos, sabemos que usted ya deseaba tener su estetoscopio desde ayer\u2026 por eso en stethoscope24.com\\\/estetoscopio-littmann\",\"breadcrumb\":{\"@id\":\"https:\\\/\\\/stethoscope24.com\\\/estetoscopio-littmann\\\/envio-y-devoluciones\\\/#breadcrumb\"},\"inLanguage\":\"es\",\"potentialAction\":[{\"@type\":\"ReadAction\",\"target\":[\"https:\\\/\\\/stethoscope24.com\\\/estetoscopio-littmann\\\/envio-y-devoluciones\\\/\"]}]},{\"@type\":\"BreadcrumbList\",\"@id\":\"https:\\\/\\\/stethoscope24.com\\\/estetoscopio-littmann\\\/envio-y-devoluciones\\\/#breadcrumb\",\"itemListElement\":[{\"@type\":\"ListItem\",\"position\":1,\"name\":\"Home\",\"item\":\"https:\\\/\\\/stethoscope24.com\\\/estetoscopio-littmann\\\/\"},{\"@type\":\"ListItem\",\"position\":2,\"name\":\"Env\u00edos y Devoluciones\"}]},{\"@type\":\"WebSite\",\"@id\":\"https:\\\/\\\/stethoscope24.com\\\/estetoscopio-littmann\\\/#website\",\"url\":\"https:\\\/\\\/stethoscope24.com\\\/estetoscopio-littmann\\\/\",\"name\":\"Estetoscopio Littmann\",\"description\":\"Estetoscopio Littmann\",\"publisher\":{\"@id\":\"https:\\\/\\\/stethoscope24.com\\\/estetoscopio-littmann\\\/#organization\"},\"potentialAction\":[{\"@type\":\"SearchAction\",\"target\":{\"@type\":\"EntryPoint\",\"urlTemplate\":\"https:\\\/\\\/stethoscope24.com\\\/estetoscopio-littmann\\\/?s={search_term_string}\"},\"query-input\":{\"@type\":\"PropertyValueSpecification\",\"valueRequired\":true,\"valueName\":\"search_term_string\"}}],\"inLanguage\":\"es\"},{\"@type\":\"Organization\",\"@id\":\"https:\\\/\\\/stethoscope24.com\\\/estetoscopio-littmann\\\/#organization\",\"name\":\"Estetoscopio Littmann\",\"url\":\"https:\\\/\\\/stethoscope24.com\\\/estetoscopio-littmann\\\/\",\"logo\":{\"@type\":\"ImageObject\",\"inLanguage\":\"es\",\"@id\":\"https:\\\/\\\/stethoscope24.com\\\/estetoscopio-littmann\\\/#\\\/schema\\\/logo\\\/image\\\/\",\"url\":\"https:\\\/\\\/i0.wp.com\\\/stethoscope24.com\\\/estetoscopio-littmann\\\/wp-content\\\/uploads\\\/2021\\\/03\\\/logostethoscope24-50.jpg?fit=298%2C50&ssl=1\",\"contentUrl\":\"https:\\\/\\\/i0.wp.com\\\/stethoscope24.com\\\/estetoscopio-littmann\\\/wp-content\\\/uploads\\\/2021\\\/03\\\/logostethoscope24-50.jpg?fit=298%2C50&ssl=1\",\"width\":298,\"height\":50,\"caption\":\"Estetoscopio Littmann\"},\"image\":{\"@id\":\"https:\\\/\\\/stethoscope24.com\\\/estetoscopio-littmann\\\/#\\\/schema\\\/logo\\\/image\\\/\"}}]}<\/script>\n<!-- \/ Yoast SEO plugin. -->","yoast_head_json":{"title":"Env\u00edos y Devoluciones - Estetoscopio Littmann","description":"Env\u00edos y Devoluciones Nos complace saber que nuestros clientes est\u00e9n contentos y satisfechos, sabemos que usted ya deseaba tener su estetoscopio desde ayer\u2026 por eso en stethoscope24.com\/estetoscopio-littmann","robots":{"index":"index","follow":"follow","max-snippet":"max-snippet:-1","max-image-preview":"max-image-preview:large","max-video-preview":"max-video-preview:-1"},"canonical":"https:\/\/stethoscope24.com\/estetoscopio-littmann\/envio-y-devoluciones\/","og_locale":"es_MX","og_type":"article","og_title":"Env\u00edos y Devoluciones - Estetoscopio Littmann","og_description":"Env\u00edos y Devoluciones Nos complace saber que nuestros clientes est\u00e9n contentos y satisfechos, sabemos que usted ya deseaba tener su estetoscopio desde ayer\u2026 por eso en stethoscope24.com\/estetoscopio-littmann","og_url":"https:\/\/stethoscope24.com\/estetoscopio-littmann\/envio-y-devoluciones\/","og_site_name":"Estetoscopio Littmann","article_modified_time":"2023-11-06T15:43:25+00:00","twitter_card":"summary_large_image","twitter_misc":{"Tiempo de lectura":"2 minutos"},"schema":{"@context":"https:\/\/schema.org","@graph":[{"@type":"WebPage","@id":"https:\/\/stethoscope24.com\/estetoscopio-littmann\/envio-y-devoluciones\/","url":"https:\/\/stethoscope24.com\/estetoscopio-littmann\/envio-y-devoluciones\/","name":"Env\u00edos y Devoluciones - Estetoscopio Littmann","isPartOf":{"@id":"https:\/\/stethoscope24.com\/estetoscopio-littmann\/#website"},"datePublished":"2019-07-08T07:22:26+00:00","dateModified":"2023-11-06T15:43:25+00:00","description":"Env\u00edos y Devoluciones Nos complace saber que nuestros clientes est\u00e9n contentos y satisfechos, sabemos que usted ya deseaba tener su estetoscopio desde ayer\u2026 por eso en stethoscope24.com\/estetoscopio-littmann","breadcrumb":{"@id":"https:\/\/stethoscope24.com\/estetoscopio-littmann\/envio-y-devoluciones\/#breadcrumb"},"inLanguage":"es","potentialAction":[{"@type":"ReadAction","target":["https:\/\/stethoscope24.com\/estetoscopio-littmann\/envio-y-devoluciones\/"]}]},{"@type":"BreadcrumbList","@id":"https:\/\/stethoscope24.com\/estetoscopio-littmann\/envio-y-devoluciones\/#breadcrumb","itemListElement":[{"@type":"ListItem","position":1,"name":"Home","item":"https:\/\/stethoscope24.com\/estetoscopio-littmann\/"},{"@type":"ListItem","position":2,"name":"Env\u00edos y Devoluciones"}]},{"@type":"WebSite","@id":"https:\/\/stethoscope24.com\/estetoscopio-littmann\/#website","url":"https:\/\/stethoscope24.com\/estetoscopio-littmann\/","name":"Estetoscopio Littmann","description":"Estetoscopio Littmann","publisher":{"@id":"https:\/\/stethoscope24.com\/estetoscopio-littmann\/#organization"},"potentialAction":[{"@type":"SearchAction","target":{"@type":"EntryPoint","urlTemplate":"https:\/\/stethoscope24.com\/estetoscopio-littmann\/?s={search_term_string}"},"query-input":{"@type":"PropertyValueSpecification","valueRequired":true,"valueName":"search_term_string"}}],"inLanguage":"es"},{"@type":"Organization","@id":"https:\/\/stethoscope24.com\/estetoscopio-littmann\/#organization","name":"Estetoscopio Littmann","url":"https:\/\/stethoscope24.com\/estetoscopio-littmann\/","logo":{"@type":"ImageObject","inLanguage":"es","@id":"https:\/\/stethoscope24.com\/estetoscopio-littmann\/#\/schema\/logo\/image\/","url":"https:\/\/i0.wp.com\/stethoscope24.com\/estetoscopio-littmann\/wp-content\/uploads\/2021\/03\/logostethoscope24-50.jpg?fit=298%2C50&ssl=1","contentUrl":"https:\/\/i0.wp.com\/stethoscope24.com\/estetoscopio-littmann\/wp-content\/uploads\/2021\/03\/logostethoscope24-50.jpg?fit=298%2C50&ssl=1","width":298,"height":50,"caption":"Estetoscopio Littmann"},"image":{"@id":"https:\/\/stethoscope24.com\/estetoscopio-littmann\/#\/schema\/logo\/image\/"}}]}},"jetpack_sharing_enabled":true,"_links":{"self":[{"href":"https:\/\/stethoscope24.com\/estetoscopio-littmann\/wp-json\/wp\/v2\/pages\/19790","targetHints":{"allow":["GET"]}}],"collection":[{"href":"https:\/\/stethoscope24.com\/estetoscopio-littmann\/wp-json\/wp\/v2\/pages"}],"about":[{"href":"https:\/\/stethoscope24.com\/estetoscopio-littmann\/wp-json\/wp\/v2\/types\/page"}],"author":[{"embeddable":true,"href":"https:\/\/stethoscope24.com\/estetoscopio-littmann\/wp-json\/wp\/v2\/users\/1"}],"replies":[{"embeddable":true,"href":"https:\/\/stethoscope24.com\/estetoscopio-littmann\/wp-json\/wp\/v2\/comments?post=19790"}],"version-history":[{"count":6,"href":"https:\/\/stethoscope24.com\/estetoscopio-littmann\/wp-json\/wp\/v2\/pages\/19790\/revisions"}],"predecessor-version":[{"id":25363,"href":"https:\/\/stethoscope24.com\/estetoscopio-littmann\/wp-json\/wp\/v2\/pages\/19790\/revisions\/25363"}],"wp:attachment":[{"href":"https:\/\/stethoscope24.com\/estetoscopio-littmann\/wp-json\/wp\/v2\/media?parent=19790"}],"curies":[{"name":"wp","href":"https:\/\/api.w.org\/{rel}","templated":true}]}}