{"id":22697,"date":"2021-01-25T10:18:14","date_gmt":"2021-01-25T10:18:14","guid":{"rendered":"https:\/\/estetoscopiolittmann.com\/?page_id=22697"},"modified":"2023-09-29T07:47:53","modified_gmt":"2023-09-29T07:47:53","slug":"politica-de-privacidad","status":"publish","type":"page","link":"https:\/\/stethoscope24.com\/estetoscopio-littmann\/politica-de-privacidad\/","title":{"rendered":"Pol\u00edtica de Privacidad"},"content":{"rendered":"\n<h2 class=\"wp-block-heading\">Bienvenido a Stethoscope24.com<\/h2>\n\n\n\n<p class=\"has-medium-font-size\">operado por Danawu GmbH<\/p>\n\n\n\n<h2 class=\"wp-block-heading has-medium-font-size\">Apreciamos a nuestros clientes y respetamos su privacidad.<\/h2>\n\n\n\n<ul class=\"wp-block-list\">\n<li>El grupo Danawu GmbH en Europa (&#8220;la sede europea&#8221;) es operado exclusivamente por el grupo Danawu GmbH para la franquicia europea (&#8220;la franquicia europea&#8221;). Por lo tanto, toda la informaci\u00f3n personal recopilada con respecto al sitio europeo (incluidas las direcciones de correo electr\u00f3nico como se describe m\u00e1s adelante) se utilizar\u00e1 \u00fanicamente para los fines del concesionario europeo. Por lo tanto, la pol\u00edtica de privacidad de esta pol\u00edtica (&#8220;la pol\u00edtica&#8221;) es la pol\u00edtica del concesionario europeo \u00fanicamente y, por lo tanto, todas las pol\u00edticas de devoluci\u00f3n estar\u00e1n de acuerdo con y ser\u00e1n tratadas por el concesionario europeo y no por el grupo Danawu GmbH en su conjunto o sus otras afiliadas. La referencia a &#8220;nosotros&#8221; o &#8220;nuestro&#8221; se refiere \u00fanicamente al concesionario europeo.<\/li>\n<\/ul>\n\n\n\n<ul class=\"wp-block-list\">\n<li>\u201cLa pol\u00edtica\u201d detalla que cualquier informaci\u00f3n personal recopilada por nosotros se mantendr\u00e1 privada, y de igual forma precisa el prop\u00f3sito de la recopilaci\u00f3n de informaci\u00f3n, la forma en que se recopila esta informaci\u00f3n y las situaciones en las que podemos compartir esta informaci\u00f3n con terceros. Esta pol\u00edtica tambi\u00e9n describe las elecciones que puede tomar sobre c\u00f3mo recopilamos, usamos y divulgamos la informaci\u00f3n. El concesionario europeo no recopilar\u00e1 informaci\u00f3n personal, no utilizar\u00e1 ni divulgar\u00e1 informaci\u00f3n personal excepto de acuerdo con esta pol\u00edtica.<\/li>\n<\/ul>\n\n\n\n<ul class=\"wp-block-list\">\n<li>Al utilizar el sitio web Stethoscope24.com, acepta los T\u00e9rminos y Condiciones de esta pol\u00edtica, incluidos los cambios de pol\u00edtica en el futuro. Si nuestros T\u00e9rminos y Condiciones cambian en el futuro, notificaremos al usuario publicando la actualizaci\u00f3n de nuestra Pol\u00edtica de Privacidad en el sitio web.<\/li>\n<\/ul>\n\n\n\n<ul class=\"wp-block-list\">\n<li>Despu\u00e9s de la publicaci\u00f3n de cualquier cambio, el uso continuo del sitio web <a href=\"https:\/\/stethoscope24.com\/estetoscopio-littmann\">Stethoscope24.com<\/a> constituir\u00e1 su aceptaci\u00f3n de estos cambios y estar\u00e1 sujeto a ellos. Si no contin\u00faa utilizando el sitio web despu\u00e9s de cualquier cambio en la Pol\u00edtica de Privacidad y no realiza m\u00e1s acciones que involucren informaci\u00f3n personal, el uso de esa informaci\u00f3n seguir\u00e1 sujeto a nuestra Pol\u00edtica de Privacidad tal como estaba en vigor antes del cambio. Es responsabilidad del usuario revisar peri\u00f3dicamente esta Pol\u00edtica y cualquier cambio a la misma.<\/li>\n<\/ul>\n\n\n\n<p><strong>Nuestra Pol\u00edtica de Privacidad<\/strong><\/p>\n\n\n\n<ul class=\"wp-block-list\">\n<li>\u00bfQu\u00e9 tipo de informaci\u00f3n recopila el concesionario europeo en el sitio web europeo?<\/li>\n\n\n\n<li>\u00bfCu\u00e1les son los prop\u00f3sitos del concesionario europeo que recopila mi informaci\u00f3n en el sitio web europeo?<\/li>\n\n\n\n<li>\u00bfEl concesionario europeo comparte con terceros mi informaci\u00f3n personal recopilada en el sitio web europeo?<\/li>\n\n\n\n<li>\u00bfC\u00f3mo puedo ejercer mis opciones sobre la recepci\u00f3n de informaci\u00f3n promocional?<\/li>\n\n\n\n<li>\u00bfQu\u00e9 son las \u201ccookies\u201d y c\u00f3mo las utiliza el concesionario europeo en el sitio web europeo?<\/li>\n\n\n\n<li>\u00bfC\u00f3mo puedo acceder a mi informaci\u00f3n personal o modificarla, retirar mi consentimiento o realizar consultas o enviar quejas en relaci\u00f3n con esta pol\u00edtica y los procedimientos de pr\u00e1cticas de privacidad del franquiciado europeo?<\/li>\n\n\n\n<li>\u00bfCu\u00e1nto tiempo conserva el concesionario europeo mi informaci\u00f3n personal en el sitio web europeo?<\/li>\n<\/ul>\n\n\n\n<p><strong>\u00bfQu\u00e9 tipo de informaci\u00f3n recopila el concesionario europeo en el sitio web europeo?<\/strong><\/p>\n\n\n\n<ul class=\"wp-block-list\">\n<li>Podemos recopilar informaci\u00f3n personal cuando usted guarda esta informaci\u00f3n o cuando nos env\u00eda esta informaci\u00f3n de una manera diferente. Por ejemplo, por tel\u00e9fono, correo electr\u00f3nico u otras opciones, o si completa un formulario de inscripci\u00f3n para participar en un concurso, promoci\u00f3n o encuesta, ya sea en l\u00ednea o en una de nuestras tiendas en Sudam\u00e9rica. Como resultado de estas acciones, usted pudiera proporcionarnos informaci\u00f3n personal, como su nombre, direcci\u00f3n de correo electr\u00f3nico, direcci\u00f3n postal, n\u00famero(s), incluidos la direcci\u00f3n y los n\u00fameros de tel\u00e9fono, datos relevantes para ciertos productos, informaci\u00f3n financiera y, en algunos casos, informaci\u00f3n. sobre sus opiniones y preferencias.<\/li>\n<\/ul>\n\n\n\n<ul class=\"wp-block-list\">\n<li>El sitio europeo est\u00e1 dise\u00f1ado para ser utilizado por adultos. El concesionario europeo a sabiendas no recopila del sitio web informaci\u00f3n de ni\u00f1os menores de 13 a\u00f1os. Los menores de 13 a\u00f1os no deben utilizar el sitio web ni proporcionar al concesionario europeo ninguna informaci\u00f3n personal a trav\u00e9s del sitio web.<\/li>\n<\/ul>\n\n\n\n<p><strong>\u00bfCu\u00e1les son los prop\u00f3sitos del concesionario europeo que recopila mi informaci\u00f3n en el sitio web europeo?<\/strong><\/p>\n\n\n\n<ul class=\"wp-block-list\">\n<li>El concesionario europeo puede utilizar la informaci\u00f3n personal que ha sido recopilada por el sitio web europeo para los siguientes prop\u00f3sitos: (1) para enviarle a usted o a sus amigos, parientes o asociados, productos que haya solicitado; (2) para ayudarnos a comprender mejor sus preferencias de compra; y (3) realizar investigaciones de marketing y desempe\u00f1o para ayudarnos a medir nuestro servicio al cliente, realizar un seguimiento de nuestro rendimiento y ayudarnos a mejorar las experiencias de compra y productos de nuestros clientes. Como se detalla a continuaci\u00f3n, siempre puede optar por no aceptar el contenido de las ventas promocionales o la informaci\u00f3n de marketing.<\/li>\n<\/ul>\n\n\n\n<p><strong>\u00bfEl concesionario europeo comparte con terceros mi informaci\u00f3n personal recopilada en el sitio web europeo?<\/strong><\/p>\n\n\n\n<ul class=\"wp-block-list\">\n<li>Al visitar el sitio web Stethoscope24.com mientras participa en un concurso, encuesta, promoci\u00f3n u oferta especial, podemos compartir su informaci\u00f3n personal con el grupo Danawu GmbH, sus afiliados o sus concesionarios, para que puedan contactarlo por correo electr\u00f3nico, correo postal, o por alg\u00fan otro medio, para enviarle materiales promocionales y m\u00e1s informaci\u00f3n sobre productos y servicios ofrecidos, concursos, loter\u00edas, promociones de ventas que est\u00e9n vigentes y ofertas especiales que puedan interesarle, o recopilar y utilizar en virtud de esta pol\u00edtica, y para otros prop\u00f3sitos.<\/li>\n<\/ul>\n\n\n\n<ul class=\"wp-block-list\">\n<li>No vendemos ni alquilamos su informaci\u00f3n personal a terceros que no est\u00e1n afiliados a nosotros, excepto seg\u00fan lo permita la ley o el grupo Danawu GmbH o cualquiera de sus afiliados. En el caso de la venta de nuestros negocios, o una parte sustancial del mismo, u otra transacci\u00f3n similar, podemos transferir o divulgar su informaci\u00f3n personal al comprador potencial, quien puede recopilar informaci\u00f3n personal como se mencion\u00f3 anteriormente, para usar o divulgar los prop\u00f3sitos de la evaluar la transacci\u00f3n propuesta u operar y administrar los asuntos del negocio adquirido, o para otros prop\u00f3sitos identificados en esta pol\u00edtica.<\/li>\n<\/ul>\n\n\n\n<ul class=\"wp-block-list\">\n<li>Podemos transferir informaci\u00f3n personal a un tercero que no est\u00e9 afiliado a nosotros para procesar de conformidad con los acuerdos que proh\u00edben a los terceros usar o divulgar informaci\u00f3n personal que no sea excepto para fines del procesamiento y que imponen candados de seguridad apropiados para informaci\u00f3n sensible.<\/li>\n<\/ul>\n\n\n\n<ul class=\"wp-block-list\">\n<li>Nos reservamos el derecho de divulgar su informaci\u00f3n personal de acuerdo con la ley, en respuesta a procesos legales y exigencias de las autoridades policiales, y seg\u00fan sea necesario para proteger la propiedad, los intereses y los derechos del concesionario en Europa, el grupo Danawu GmbH o sus filiales.<\/li>\n<\/ul>\n\n\n\n<ul class=\"wp-block-list\">\n<li>El sitio web europeo puede contener enlaces a otros sitios web operados por terceros. Estos sitios web pueden recopilar su informaci\u00f3n personal. Esta pol\u00edtica no se aplica a las pr\u00e1cticas de terceros y el concesionario europeo se exime de cualquier responsabilidad, m\u00e9todos de operaci\u00f3n y omisiones de terceros. Cuando utiliza estos sitios web y\/o ingresa a un sitio web de terceros desde \u00e9l, usted exime al sitio web europeo de cualquier responsabilidad. Consulte la pol\u00edtica de privacidad de los sitios de terceros que visite.<\/li>\n<\/ul>\n\n\n\n<p><strong>\u00bfC\u00f3mo puedo ejercer mis opciones sobre la recepci\u00f3n de informaci\u00f3n promocional?<\/strong><\/p>\n\n\n\n<ul class=\"wp-block-list\">\n<li>Queremos estar en contacto contigo solo si usted tambi\u00e9n lo desea. Si prefiere no recibir ning\u00fan contacto adicional o informaci\u00f3n promocional de nosotros, de Danawu GmbH o de cualquiera de sus afiliadas, o si no desea que usemos su informaci\u00f3n para mejorar su experiencia de compra, comun\u00edquese con nosotros por correo electr\u00f3nico a: support@danawu.de. El manejo de su solicitud puede demorar hasta dos semanas, per\u00edodo durante el cual puede continuar recibiendo mensajes y notificaciones de nosotros, de Danawu GmbH o de sus afiliadas.<\/li>\n<\/ul>\n\n\n\n<p><strong>\u00bfQu\u00e9 son las \u201ccookies\u201d y c\u00f3mo las utiliza el franquiciado europeo en el sitio web europeo?<\/strong><\/p>\n\n\n\n<ul class=\"wp-block-list\">\n<li>Podemos utilizar cookies para rastrear sus preferencias y actividades en Internet en Stethoscope24.com. Las cookies son peque\u00f1os archivos de datos que un sitio web transfiere al disco duro de su computadora. Nos permiten realizar un seguimiento de sus preferencias para que sus visitas posteriores al sitio sean m\u00e1s eficientes. Las cookies pueden almacenar una variedad de informaci\u00f3n, incluida la cantidad de veces que ingresa a una p\u00e1gina en particular u otros elementos del sitio. El uso de cookies es un m\u00e9todo de uso aceptado en la mayor\u00eda de los sitios principales y ayuda a mejorar el servicio al cliente. La mayor\u00eda de los navegadores le permitir\u00e1n recibir cookies, pero puede cambiar f\u00e1cilmente la configuraci\u00f3n para bloquear la recepci\u00f3n de dichos archivos. Para obtener m\u00e1s informaci\u00f3n sobre c\u00f3mo bloquear las cookies, c\u00f3mo saber cu\u00e1ndo las recibi\u00f3 y c\u00f3mo deshabilitarlas por completo, consulte los archivos de ayuda en su navegador. Sin embargo, tenga en cuenta que, sin las cookies, algunas de las funciones del sitio web no estar\u00e1n disponibles y el usuario solo podr\u00e1 disfrutar de algunos aspectos del sitio web.<\/li>\n<\/ul>\n\n\n\n<p><strong>\u00bfC\u00f3mo puedo acceder a mi informaci\u00f3n personal o modificarla, retirar mi consentimiento o realizar consultas o enviar quejas en relaci\u00f3n con esta pol\u00edtica y los procedimientos de pr\u00e1cticas de privacidad del franquiciado europeo?<\/strong><\/p>\n\n\n\n<ul class=\"wp-block-list\">\n<li>El franquiciado europeo se asegurar\u00e1 de que la informaci\u00f3n personal que recopile a trav\u00e9s del sitio europeo sea precisa, completa y est\u00e9 actualizada seg\u00fan sea necesario para el uso previsto. Puede solicitar acceso a la informaci\u00f3n personal recopilada por nosotros y solicitar que se realicen correcciones. Para ello, y si tiene preguntas o desea presentar una queja sobre esta pol\u00edtica y la forma en que el franquiciado europeo protege su privacidad, comun\u00edquese con la persona responsable de la pol\u00edtica de privacidad de la empresa en:<\/li>\n<\/ul>\n\n\n\n<p><strong>Servicio a Clientes<\/strong><\/p>\n\n\n\n<p><a href=\"mailto:support@danawu.de\">support@danawu.de<\/a><\/p>\n\n\n\n<ul class=\"wp-block-list\">\n<li>Si acepta la recopilaci\u00f3n, uso y\/o divulgaci\u00f3n de informaci\u00f3n personal como se especifica en este documento, tenga en cuenta que puede volver al acuerdo en cualquier momento comunic\u00e1ndose con la persona responsable de la Pol\u00edtica de Privacidad que se menciona anteriormente.<\/li>\n<\/ul>\n\n\n\n<p><strong>\u00bfCu\u00e1nto tiempo conserva el franquiciado europeo mi informaci\u00f3n personal en el sitio web europeo?<\/strong><\/p>\n\n\n\n<ul class=\"wp-block-list\">\n<li>Conservaremos su informaci\u00f3n personal seg\u00fan sea razonablemente necesario para los fines descritos en esta pol\u00edtica o durante el per\u00edodo que requiera la ley aplicable.<\/li>\n<\/ul>\n\n\n\n<p>Hemos adoptado las medidas adecuadas para garantizar la confidencialidad de la informaci\u00f3n personal y protegerla contra p\u00e9rdida o robo, acceso no autorizado, divulgaci\u00f3n, copia, uso o modificaci\u00f3n, entre otras cosas, en virtud de la sensibilidad de la informaci\u00f3n y los prop\u00f3sitos de su uso.<\/p>\n","protected":false},"excerpt":{"rendered":"<p>Bienvenido a Stethoscope24.com operado por Danawu GmbH Apreciamos a nuestros clientes y respetamos su privacidad. Nuestra Pol\u00edtica de Privacidad \u00bfQu\u00e9 tipo de informaci\u00f3n recopila el concesionario europeo en el sitio web europeo? \u00bfCu\u00e1les son los prop\u00f3sitos del concesionario europeo que recopila mi informaci\u00f3n en el sitio web europeo? \u00bfEl concesionario europeo comparte con terceros mi [&hellip;]<\/p>\n","protected":false},"author":1,"featured_media":0,"parent":0,"menu_order":0,"comment_status":"closed","ping_status":"closed","template":"","meta":{"footnotes":""},"class_list":["post-22697","page","type-page","status-publish","hentry"],"yoast_head":"<!-- This site is optimized with the Yoast SEO plugin v27.5 - https:\/\/yoast.com\/product\/yoast-seo-wordpress\/ -->\n<title>Pol\u00edtica de Privacidad - Estetoscopio Littmann<\/title>\n<meta name=\"description\" content=\"Bienvenido a Stethoscope24.com - Pol\u00edtica de Privacidad Estotoscopio Littmann\" \/>\n<meta name=\"robots\" content=\"index, follow, max-snippet:-1, max-image-preview:large, max-video-preview:-1\" \/>\n<link rel=\"canonical\" href=\"https:\/\/stethoscope24.com\/estetoscopio-littmann\/politica-de-privacidad\/\" \/>\n<meta property=\"og:locale\" content=\"es_MX\" \/>\n<meta property=\"og:type\" content=\"article\" \/>\n<meta property=\"og:title\" content=\"Pol\u00edtica de Privacidad - Estetoscopio Littmann\" \/>\n<meta property=\"og:description\" content=\"Bienvenido a Stethoscope24.com - Pol\u00edtica de Privacidad Estotoscopio Littmann\" \/>\n<meta property=\"og:url\" content=\"https:\/\/stethoscope24.com\/estetoscopio-littmann\/politica-de-privacidad\/\" \/>\n<meta property=\"og:site_name\" content=\"Estetoscopio Littmann\" \/>\n<meta property=\"article:modified_time\" content=\"2023-09-29T07:47:53+00:00\" \/>\n<meta name=\"twitter:card\" content=\"summary_large_image\" \/>\n<meta name=\"twitter:label1\" content=\"Tiempo de lectura\" \/>\n\t<meta name=\"twitter:data1\" content=\"8 minutos\" \/>\n<script type=\"application\/ld+json\" class=\"yoast-schema-graph\">{\"@context\":\"https:\\\/\\\/schema.org\",\"@graph\":[{\"@type\":\"WebPage\",\"@id\":\"https:\\\/\\\/stethoscope24.com\\\/estetoscopio-littmann\\\/politica-de-privacidad\\\/\",\"url\":\"https:\\\/\\\/stethoscope24.com\\\/estetoscopio-littmann\\\/politica-de-privacidad\\\/\",\"name\":\"Pol\u00edtica de Privacidad - Estetoscopio Littmann\",\"isPartOf\":{\"@id\":\"https:\\\/\\\/stethoscope24.com\\\/estetoscopio-littmann\\\/#website\"},\"datePublished\":\"2021-01-25T10:18:14+00:00\",\"dateModified\":\"2023-09-29T07:47:53+00:00\",\"description\":\"Bienvenido a Stethoscope24.com - Pol\u00edtica de Privacidad Estotoscopio Littmann\",\"breadcrumb\":{\"@id\":\"https:\\\/\\\/stethoscope24.com\\\/estetoscopio-littmann\\\/politica-de-privacidad\\\/#breadcrumb\"},\"inLanguage\":\"es\",\"potentialAction\":[{\"@type\":\"ReadAction\",\"target\":[\"https:\\\/\\\/stethoscope24.com\\\/estetoscopio-littmann\\\/politica-de-privacidad\\\/\"]}]},{\"@type\":\"BreadcrumbList\",\"@id\":\"https:\\\/\\\/stethoscope24.com\\\/estetoscopio-littmann\\\/politica-de-privacidad\\\/#breadcrumb\",\"itemListElement\":[{\"@type\":\"ListItem\",\"position\":1,\"name\":\"Home\",\"item\":\"https:\\\/\\\/stethoscope24.com\\\/estetoscopio-littmann\\\/\"},{\"@type\":\"ListItem\",\"position\":2,\"name\":\"Pol\u00edtica de Privacidad\"}]},{\"@type\":\"WebSite\",\"@id\":\"https:\\\/\\\/stethoscope24.com\\\/estetoscopio-littmann\\\/#website\",\"url\":\"https:\\\/\\\/stethoscope24.com\\\/estetoscopio-littmann\\\/\",\"name\":\"Estetoscopio Littmann\",\"description\":\"Estetoscopio Littmann\",\"publisher\":{\"@id\":\"https:\\\/\\\/stethoscope24.com\\\/estetoscopio-littmann\\\/#organization\"},\"potentialAction\":[{\"@type\":\"SearchAction\",\"target\":{\"@type\":\"EntryPoint\",\"urlTemplate\":\"https:\\\/\\\/stethoscope24.com\\\/estetoscopio-littmann\\\/?s={search_term_string}\"},\"query-input\":{\"@type\":\"PropertyValueSpecification\",\"valueRequired\":true,\"valueName\":\"search_term_string\"}}],\"inLanguage\":\"es\"},{\"@type\":\"Organization\",\"@id\":\"https:\\\/\\\/stethoscope24.com\\\/estetoscopio-littmann\\\/#organization\",\"name\":\"Estetoscopio Littmann\",\"url\":\"https:\\\/\\\/stethoscope24.com\\\/estetoscopio-littmann\\\/\",\"logo\":{\"@type\":\"ImageObject\",\"inLanguage\":\"es\",\"@id\":\"https:\\\/\\\/stethoscope24.com\\\/estetoscopio-littmann\\\/#\\\/schema\\\/logo\\\/image\\\/\",\"url\":\"https:\\\/\\\/i0.wp.com\\\/stethoscope24.com\\\/estetoscopio-littmann\\\/wp-content\\\/uploads\\\/2021\\\/03\\\/logostethoscope24-50.jpg?fit=298%2C50&ssl=1\",\"contentUrl\":\"https:\\\/\\\/i0.wp.com\\\/stethoscope24.com\\\/estetoscopio-littmann\\\/wp-content\\\/uploads\\\/2021\\\/03\\\/logostethoscope24-50.jpg?fit=298%2C50&ssl=1\",\"width\":298,\"height\":50,\"caption\":\"Estetoscopio Littmann\"},\"image\":{\"@id\":\"https:\\\/\\\/stethoscope24.com\\\/estetoscopio-littmann\\\/#\\\/schema\\\/logo\\\/image\\\/\"}}]}<\/script>\n<!-- \/ Yoast SEO plugin. -->","yoast_head_json":{"title":"Pol\u00edtica de Privacidad - Estetoscopio Littmann","description":"Bienvenido a Stethoscope24.com - Pol\u00edtica de Privacidad Estotoscopio Littmann","robots":{"index":"index","follow":"follow","max-snippet":"max-snippet:-1","max-image-preview":"max-image-preview:large","max-video-preview":"max-video-preview:-1"},"canonical":"https:\/\/stethoscope24.com\/estetoscopio-littmann\/politica-de-privacidad\/","og_locale":"es_MX","og_type":"article","og_title":"Pol\u00edtica de Privacidad - Estetoscopio Littmann","og_description":"Bienvenido a Stethoscope24.com - Pol\u00edtica de Privacidad Estotoscopio Littmann","og_url":"https:\/\/stethoscope24.com\/estetoscopio-littmann\/politica-de-privacidad\/","og_site_name":"Estetoscopio Littmann","article_modified_time":"2023-09-29T07:47:53+00:00","twitter_card":"summary_large_image","twitter_misc":{"Tiempo de lectura":"8 minutos"},"schema":{"@context":"https:\/\/schema.org","@graph":[{"@type":"WebPage","@id":"https:\/\/stethoscope24.com\/estetoscopio-littmann\/politica-de-privacidad\/","url":"https:\/\/stethoscope24.com\/estetoscopio-littmann\/politica-de-privacidad\/","name":"Pol\u00edtica de Privacidad - Estetoscopio Littmann","isPartOf":{"@id":"https:\/\/stethoscope24.com\/estetoscopio-littmann\/#website"},"datePublished":"2021-01-25T10:18:14+00:00","dateModified":"2023-09-29T07:47:53+00:00","description":"Bienvenido a Stethoscope24.com - Pol\u00edtica de Privacidad Estotoscopio Littmann","breadcrumb":{"@id":"https:\/\/stethoscope24.com\/estetoscopio-littmann\/politica-de-privacidad\/#breadcrumb"},"inLanguage":"es","potentialAction":[{"@type":"ReadAction","target":["https:\/\/stethoscope24.com\/estetoscopio-littmann\/politica-de-privacidad\/"]}]},{"@type":"BreadcrumbList","@id":"https:\/\/stethoscope24.com\/estetoscopio-littmann\/politica-de-privacidad\/#breadcrumb","itemListElement":[{"@type":"ListItem","position":1,"name":"Home","item":"https:\/\/stethoscope24.com\/estetoscopio-littmann\/"},{"@type":"ListItem","position":2,"name":"Pol\u00edtica de Privacidad"}]},{"@type":"WebSite","@id":"https:\/\/stethoscope24.com\/estetoscopio-littmann\/#website","url":"https:\/\/stethoscope24.com\/estetoscopio-littmann\/","name":"Estetoscopio Littmann","description":"Estetoscopio Littmann","publisher":{"@id":"https:\/\/stethoscope24.com\/estetoscopio-littmann\/#organization"},"potentialAction":[{"@type":"SearchAction","target":{"@type":"EntryPoint","urlTemplate":"https:\/\/stethoscope24.com\/estetoscopio-littmann\/?s={search_term_string}"},"query-input":{"@type":"PropertyValueSpecification","valueRequired":true,"valueName":"search_term_string"}}],"inLanguage":"es"},{"@type":"Organization","@id":"https:\/\/stethoscope24.com\/estetoscopio-littmann\/#organization","name":"Estetoscopio Littmann","url":"https:\/\/stethoscope24.com\/estetoscopio-littmann\/","logo":{"@type":"ImageObject","inLanguage":"es","@id":"https:\/\/stethoscope24.com\/estetoscopio-littmann\/#\/schema\/logo\/image\/","url":"https:\/\/i0.wp.com\/stethoscope24.com\/estetoscopio-littmann\/wp-content\/uploads\/2021\/03\/logostethoscope24-50.jpg?fit=298%2C50&ssl=1","contentUrl":"https:\/\/i0.wp.com\/stethoscope24.com\/estetoscopio-littmann\/wp-content\/uploads\/2021\/03\/logostethoscope24-50.jpg?fit=298%2C50&ssl=1","width":298,"height":50,"caption":"Estetoscopio Littmann"},"image":{"@id":"https:\/\/stethoscope24.com\/estetoscopio-littmann\/#\/schema\/logo\/image\/"}}]}},"jetpack_sharing_enabled":true,"_links":{"self":[{"href":"https:\/\/stethoscope24.com\/estetoscopio-littmann\/wp-json\/wp\/v2\/pages\/22697","targetHints":{"allow":["GET"]}}],"collection":[{"href":"https:\/\/stethoscope24.com\/estetoscopio-littmann\/wp-json\/wp\/v2\/pages"}],"about":[{"href":"https:\/\/stethoscope24.com\/estetoscopio-littmann\/wp-json\/wp\/v2\/types\/page"}],"author":[{"embeddable":true,"href":"https:\/\/stethoscope24.com\/estetoscopio-littmann\/wp-json\/wp\/v2\/users\/1"}],"replies":[{"embeddable":true,"href":"https:\/\/stethoscope24.com\/estetoscopio-littmann\/wp-json\/wp\/v2\/comments?post=22697"}],"version-history":[{"count":5,"href":"https:\/\/stethoscope24.com\/estetoscopio-littmann\/wp-json\/wp\/v2\/pages\/22697\/revisions"}],"predecessor-version":[{"id":25115,"href":"https:\/\/stethoscope24.com\/estetoscopio-littmann\/wp-json\/wp\/v2\/pages\/22697\/revisions\/25115"}],"wp:attachment":[{"href":"https:\/\/stethoscope24.com\/estetoscopio-littmann\/wp-json\/wp\/v2\/media?parent=22697"}],"curies":[{"name":"wp","href":"https:\/\/api.w.org\/{rel}","templated":true}]}}