{"id":22703,"date":"2021-01-25T10:44:26","date_gmt":"2021-01-25T10:44:26","guid":{"rendered":"https:\/\/estetoscopiolittmann.com\/?page_id=22703"},"modified":"2023-09-29T07:43:55","modified_gmt":"2023-09-29T07:43:55","slug":"acerca-de-distribuidor-de-estetoscopios-littmann","status":"publish","type":"page","link":"https:\/\/stethoscope24.com\/estetoscopio-littmann\/acerca-de-distribuidor-de-estetoscopios-littmann\/","title":{"rendered":"Acerca de"},"content":{"rendered":"\n<h2 class=\"wp-block-heading\">Bienvenido a stethoscope24.com<\/h2>\n\n\n\n<h4 class=\"wp-block-heading\">Operado por Danawu GmbH, Berl\u00edn<\/h4>\n\n\n\n<h2 class=\"wp-block-heading\">DANAWU GMBH, un distribuidor global de estetoscopios y del mercado de suministros de equipos para usuarios finales, tiene afiliados con bases e instalaciones de almacenamiento en Estados Uniodos, el Reino Unido, y distribuye en estos pa\u00edses y en toda Europa desde la oficina central en Alemania. Cada filial comparte la filosof\u00eda de Danawu GmbH de luchar por el desarrollo, la conciencia y la excelencia del servicio al cliente.<\/h2>\n\n\n\n<p>Con m\u00e1s de 50.000 clientes leales, DANAWU GMBH satisface las necesidades de m\u00e9dicos, estudiantes, profesionales de la salud, consultores, particulares y departamentos de compras hospitalarias y cl\u00ednicas. Con un grupo demogr\u00e1fico tan amplio y variado, es f\u00e1cil ver c\u00f3mo y por qu\u00e9 se necesita un producto de este tipo y sigue evolucionando.<\/p>\n\n\n\n<p>Debido a esto, nuestra expansi\u00f3n global se ha convertido en una necesidad y nuestro mayor poder adquisitivo nos ha permitido ofrecer los mejores precios directamente al consumidor. A medida que nos esforzamos por garantizar que nuestro servicio al cliente y nuestra gama sean insuperables, nuestros consumidores est\u00e1n seguros de que comprar en cualquiera de nuestras bases en todo el mundo siempre les resultar\u00e1 en un precio competitivo y un excelente servicio de respaldo.<\/p>\n\n\n\n<p>A nivel internacional, DANAWU GMBH vende sus productos tanto al usuario final como a una amplia clientela empresarial en la que se encuentran hospitales, cl\u00ednicas de todo tipo y consultorios m\u00e9dicos. Nos aseguramos de que nuestro servicio al cliente y la capacitaci\u00f3n de nuestro personal en todo el mundo sea consistente y cumpla con nuestras altas expectativas en todos los pa\u00edses y territorios en los que tenemos presencia.<\/p>\n\n\n\n<p>En Internet, DANAWU GMBH ofrece una amplia selecci\u00f3n de art\u00edculos para m\u00e9dicos\/profesionales de la salud, incluidos <a href=\"https:\/\/stethoscope24.com\/estetoscopio-littmann\">estetoscopios<\/a>, equipos de diagn\u00f3stico y bolsas, junto con una gama cada vez mayor de consumibles.<\/p>\n\n\n\n<p>Con sede en Berl\u00edn, Alemania, DANAWU GMBH comercializa sus productos en 15 pa\u00edses utilizando redes de mensajer\u00eda de confianza para garantizar una r\u00e1pida entrega siempre que sea posible. Nuestra red global de personal afiliado en todo el mundo est\u00e1 disponible las 24 horas del d\u00eda para garantizar que su pedido sea una prioridad en cualquier lugar del mundo donde viva.<\/p>\n","protected":false},"excerpt":{"rendered":"<p>Bienvenido a stethoscope24.com Operado por Danawu GmbH, Berl\u00edn DANAWU GMBH, un distribuidor global de estetoscopios y del mercado de suministros de equipos para usuarios finales, tiene afiliados con bases e instalaciones de almacenamiento en Estados Uniodos, el Reino Unido, y distribuye en estos pa\u00edses y en toda Europa desde la oficina central en Alemania. Cada [&hellip;]<\/p>\n","protected":false},"author":1,"featured_media":0,"parent":0,"menu_order":0,"comment_status":"closed","ping_status":"closed","template":"","meta":{"footnotes":""},"class_list":["post-22703","page","type-page","status-publish","hentry"],"yoast_head":"<!-- This site is optimized with the Yoast SEO plugin v27.4 - https:\/\/yoast.com\/product\/yoast-seo-wordpress\/ -->\n<title>Acerca de - Estetoscopio Littmann<\/title>\n<meta name=\"description\" content=\"DANAWU GMBH, un distribuidor global de estetoscopios y del mercado de suministros de equipos para usuarios finales, tiene afiliados con bases e instalaciones de almacenamiento en Estados Uniodos\" \/>\n<meta name=\"robots\" content=\"index, follow, max-snippet:-1, max-image-preview:large, max-video-preview:-1\" \/>\n<link rel=\"canonical\" href=\"https:\/\/stethoscope24.com\/estetoscopio-littmann\/acerca-de-distribuidor-de-estetoscopios-littmann\/\" \/>\n<meta property=\"og:locale\" content=\"es_MX\" \/>\n<meta property=\"og:type\" content=\"article\" \/>\n<meta property=\"og:title\" content=\"Acerca de - Estetoscopio Littmann\" \/>\n<meta property=\"og:description\" content=\"DANAWU GMBH, un distribuidor global de estetoscopios y del mercado de suministros de equipos para usuarios finales, tiene afiliados con bases e instalaciones de almacenamiento en Estados Uniodos\" \/>\n<meta property=\"og:url\" content=\"https:\/\/stethoscope24.com\/estetoscopio-littmann\/acerca-de-distribuidor-de-estetoscopios-littmann\/\" \/>\n<meta property=\"og:site_name\" content=\"Estetoscopio Littmann\" \/>\n<meta property=\"article:modified_time\" content=\"2023-09-29T07:43:55+00:00\" \/>\n<meta name=\"twitter:card\" content=\"summary_large_image\" \/>\n<meta name=\"twitter:label1\" content=\"Tiempo de lectura\" \/>\n\t<meta name=\"twitter:data1\" content=\"2 minutos\" \/>\n<script type=\"application\/ld+json\" class=\"yoast-schema-graph\">{\"@context\":\"https:\\\/\\\/schema.org\",\"@graph\":[{\"@type\":\"WebPage\",\"@id\":\"https:\\\/\\\/stethoscope24.com\\\/estetoscopio-littmann\\\/acerca-de-distribuidor-de-estetoscopios-littmann\\\/\",\"url\":\"https:\\\/\\\/stethoscope24.com\\\/estetoscopio-littmann\\\/acerca-de-distribuidor-de-estetoscopios-littmann\\\/\",\"name\":\"Acerca de - Estetoscopio Littmann\",\"isPartOf\":{\"@id\":\"https:\\\/\\\/stethoscope24.com\\\/estetoscopio-littmann\\\/#website\"},\"datePublished\":\"2021-01-25T10:44:26+00:00\",\"dateModified\":\"2023-09-29T07:43:55+00:00\",\"description\":\"DANAWU GMBH, un distribuidor global de estetoscopios y del mercado de suministros de equipos para usuarios finales, tiene afiliados con bases e instalaciones de almacenamiento en Estados Uniodos\",\"breadcrumb\":{\"@id\":\"https:\\\/\\\/stethoscope24.com\\\/estetoscopio-littmann\\\/acerca-de-distribuidor-de-estetoscopios-littmann\\\/#breadcrumb\"},\"inLanguage\":\"es\",\"potentialAction\":[{\"@type\":\"ReadAction\",\"target\":[\"https:\\\/\\\/stethoscope24.com\\\/estetoscopio-littmann\\\/acerca-de-distribuidor-de-estetoscopios-littmann\\\/\"]}]},{\"@type\":\"BreadcrumbList\",\"@id\":\"https:\\\/\\\/stethoscope24.com\\\/estetoscopio-littmann\\\/acerca-de-distribuidor-de-estetoscopios-littmann\\\/#breadcrumb\",\"itemListElement\":[{\"@type\":\"ListItem\",\"position\":1,\"name\":\"Home\",\"item\":\"https:\\\/\\\/stethoscope24.com\\\/estetoscopio-littmann\\\/\"},{\"@type\":\"ListItem\",\"position\":2,\"name\":\"Acerca de\"}]},{\"@type\":\"WebSite\",\"@id\":\"https:\\\/\\\/stethoscope24.com\\\/estetoscopio-littmann\\\/#website\",\"url\":\"https:\\\/\\\/stethoscope24.com\\\/estetoscopio-littmann\\\/\",\"name\":\"Estetoscopio Littmann\",\"description\":\"Estetoscopio Littmann\",\"publisher\":{\"@id\":\"https:\\\/\\\/stethoscope24.com\\\/estetoscopio-littmann\\\/#organization\"},\"potentialAction\":[{\"@type\":\"SearchAction\",\"target\":{\"@type\":\"EntryPoint\",\"urlTemplate\":\"https:\\\/\\\/stethoscope24.com\\\/estetoscopio-littmann\\\/?s={search_term_string}\"},\"query-input\":{\"@type\":\"PropertyValueSpecification\",\"valueRequired\":true,\"valueName\":\"search_term_string\"}}],\"inLanguage\":\"es\"},{\"@type\":\"Organization\",\"@id\":\"https:\\\/\\\/stethoscope24.com\\\/estetoscopio-littmann\\\/#organization\",\"name\":\"Estetoscopio Littmann\",\"url\":\"https:\\\/\\\/stethoscope24.com\\\/estetoscopio-littmann\\\/\",\"logo\":{\"@type\":\"ImageObject\",\"inLanguage\":\"es\",\"@id\":\"https:\\\/\\\/stethoscope24.com\\\/estetoscopio-littmann\\\/#\\\/schema\\\/logo\\\/image\\\/\",\"url\":\"https:\\\/\\\/i0.wp.com\\\/stethoscope24.com\\\/estetoscopio-littmann\\\/wp-content\\\/uploads\\\/2021\\\/03\\\/logostethoscope24-50.jpg?fit=298%2C50&ssl=1\",\"contentUrl\":\"https:\\\/\\\/i0.wp.com\\\/stethoscope24.com\\\/estetoscopio-littmann\\\/wp-content\\\/uploads\\\/2021\\\/03\\\/logostethoscope24-50.jpg?fit=298%2C50&ssl=1\",\"width\":298,\"height\":50,\"caption\":\"Estetoscopio Littmann\"},\"image\":{\"@id\":\"https:\\\/\\\/stethoscope24.com\\\/estetoscopio-littmann\\\/#\\\/schema\\\/logo\\\/image\\\/\"}}]}<\/script>\n<!-- \/ Yoast SEO plugin. -->","yoast_head_json":{"title":"Acerca de - Estetoscopio Littmann","description":"DANAWU GMBH, un distribuidor global de estetoscopios y del mercado de suministros de equipos para usuarios finales, tiene afiliados con bases e instalaciones de almacenamiento en Estados Uniodos","robots":{"index":"index","follow":"follow","max-snippet":"max-snippet:-1","max-image-preview":"max-image-preview:large","max-video-preview":"max-video-preview:-1"},"canonical":"https:\/\/stethoscope24.com\/estetoscopio-littmann\/acerca-de-distribuidor-de-estetoscopios-littmann\/","og_locale":"es_MX","og_type":"article","og_title":"Acerca de - Estetoscopio Littmann","og_description":"DANAWU GMBH, un distribuidor global de estetoscopios y del mercado de suministros de equipos para usuarios finales, tiene afiliados con bases e instalaciones de almacenamiento en Estados Uniodos","og_url":"https:\/\/stethoscope24.com\/estetoscopio-littmann\/acerca-de-distribuidor-de-estetoscopios-littmann\/","og_site_name":"Estetoscopio Littmann","article_modified_time":"2023-09-29T07:43:55+00:00","twitter_card":"summary_large_image","twitter_misc":{"Tiempo de lectura":"2 minutos"},"schema":{"@context":"https:\/\/schema.org","@graph":[{"@type":"WebPage","@id":"https:\/\/stethoscope24.com\/estetoscopio-littmann\/acerca-de-distribuidor-de-estetoscopios-littmann\/","url":"https:\/\/stethoscope24.com\/estetoscopio-littmann\/acerca-de-distribuidor-de-estetoscopios-littmann\/","name":"Acerca de - Estetoscopio Littmann","isPartOf":{"@id":"https:\/\/stethoscope24.com\/estetoscopio-littmann\/#website"},"datePublished":"2021-01-25T10:44:26+00:00","dateModified":"2023-09-29T07:43:55+00:00","description":"DANAWU GMBH, un distribuidor global de estetoscopios y del mercado de suministros de equipos para usuarios finales, tiene afiliados con bases e instalaciones de almacenamiento en Estados Uniodos","breadcrumb":{"@id":"https:\/\/stethoscope24.com\/estetoscopio-littmann\/acerca-de-distribuidor-de-estetoscopios-littmann\/#breadcrumb"},"inLanguage":"es","potentialAction":[{"@type":"ReadAction","target":["https:\/\/stethoscope24.com\/estetoscopio-littmann\/acerca-de-distribuidor-de-estetoscopios-littmann\/"]}]},{"@type":"BreadcrumbList","@id":"https:\/\/stethoscope24.com\/estetoscopio-littmann\/acerca-de-distribuidor-de-estetoscopios-littmann\/#breadcrumb","itemListElement":[{"@type":"ListItem","position":1,"name":"Home","item":"https:\/\/stethoscope24.com\/estetoscopio-littmann\/"},{"@type":"ListItem","position":2,"name":"Acerca de"}]},{"@type":"WebSite","@id":"https:\/\/stethoscope24.com\/estetoscopio-littmann\/#website","url":"https:\/\/stethoscope24.com\/estetoscopio-littmann\/","name":"Estetoscopio Littmann","description":"Estetoscopio Littmann","publisher":{"@id":"https:\/\/stethoscope24.com\/estetoscopio-littmann\/#organization"},"potentialAction":[{"@type":"SearchAction","target":{"@type":"EntryPoint","urlTemplate":"https:\/\/stethoscope24.com\/estetoscopio-littmann\/?s={search_term_string}"},"query-input":{"@type":"PropertyValueSpecification","valueRequired":true,"valueName":"search_term_string"}}],"inLanguage":"es"},{"@type":"Organization","@id":"https:\/\/stethoscope24.com\/estetoscopio-littmann\/#organization","name":"Estetoscopio Littmann","url":"https:\/\/stethoscope24.com\/estetoscopio-littmann\/","logo":{"@type":"ImageObject","inLanguage":"es","@id":"https:\/\/stethoscope24.com\/estetoscopio-littmann\/#\/schema\/logo\/image\/","url":"https:\/\/i0.wp.com\/stethoscope24.com\/estetoscopio-littmann\/wp-content\/uploads\/2021\/03\/logostethoscope24-50.jpg?fit=298%2C50&ssl=1","contentUrl":"https:\/\/i0.wp.com\/stethoscope24.com\/estetoscopio-littmann\/wp-content\/uploads\/2021\/03\/logostethoscope24-50.jpg?fit=298%2C50&ssl=1","width":298,"height":50,"caption":"Estetoscopio Littmann"},"image":{"@id":"https:\/\/stethoscope24.com\/estetoscopio-littmann\/#\/schema\/logo\/image\/"}}]}},"jetpack_sharing_enabled":true,"_links":{"self":[{"href":"https:\/\/stethoscope24.com\/estetoscopio-littmann\/wp-json\/wp\/v2\/pages\/22703","targetHints":{"allow":["GET"]}}],"collection":[{"href":"https:\/\/stethoscope24.com\/estetoscopio-littmann\/wp-json\/wp\/v2\/pages"}],"about":[{"href":"https:\/\/stethoscope24.com\/estetoscopio-littmann\/wp-json\/wp\/v2\/types\/page"}],"author":[{"embeddable":true,"href":"https:\/\/stethoscope24.com\/estetoscopio-littmann\/wp-json\/wp\/v2\/users\/1"}],"replies":[{"embeddable":true,"href":"https:\/\/stethoscope24.com\/estetoscopio-littmann\/wp-json\/wp\/v2\/comments?post=22703"}],"version-history":[{"count":2,"href":"https:\/\/stethoscope24.com\/estetoscopio-littmann\/wp-json\/wp\/v2\/pages\/22703\/revisions"}],"predecessor-version":[{"id":25110,"href":"https:\/\/stethoscope24.com\/estetoscopio-littmann\/wp-json\/wp\/v2\/pages\/22703\/revisions\/25110"}],"wp:attachment":[{"href":"https:\/\/stethoscope24.com\/estetoscopio-littmann\/wp-json\/wp\/v2\/media?parent=22703"}],"curies":[{"name":"wp","href":"https:\/\/api.w.org\/{rel}","templated":true}]}}