{"id":22706,"date":"2021-01-25T10:46:34","date_gmt":"2021-01-25T10:46:34","guid":{"rendered":"https:\/\/estetoscopiolittmann.com\/?page_id=22706"},"modified":"2023-09-29T07:51:29","modified_gmt":"2023-09-29T07:51:29","slug":"terminos-y-condiciones","status":"publish","type":"page","link":"https:\/\/stethoscope24.com\/estetoscopio-littmann\/terminos-y-condiciones\/","title":{"rendered":"P\u00c1GINA DE T\u00c9RMINOS Y CONDICIONES"},"content":{"rendered":"\n<p class=\"has-normal-font-size\"><strong>\u00a1Bienvenido a Stethoscope24.com!<\/strong><\/p>\n\n\n\n<p>Estos t\u00e9rminos y condiciones describen las reglas y regulaciones para el uso del sitio web de Danawu GmbH, ubicado en <strong>Stethoscope24.com<\/strong>.<\/p>\n\n\n\n<p>Al acceder a este sitio web asumimos que acepta estos t\u00e9rminos y condiciones. No contin\u00fae usando Stethoscope24.com si no est\u00e1 de acuerdo con todos los t\u00e9rminos y condiciones establecidos en esta p\u00e1gina.<\/p>\n\n\n\n<p>La siguiente terminolog\u00eda se aplica a estos T\u00e9rminos y Condiciones, Declaraci\u00f3n de Privacidad y Aviso de Exenci\u00f3n de Responsabilidad y todos los Acuerdos: &#8220;Cliente&#8221;, &#8220;Usted&#8221; y &#8220;Su&#8221; se refieren a usted, la persona que inicia sesi\u00f3n en este sitio web y cumple con los t\u00e9rminos y condiciones de la Compa\u00f1\u00eda. &#8220;La Compa\u00f1\u00eda&#8221;, &#8220;Nosotros Mismos&#8221;, &#8220;Nosotros&#8221;, &#8220;Nuestro&#8221; y &#8220;A Nosotros&#8221;, se refiere a nuestra Compa\u00f1\u00eda. &#8220;Parte&#8221;, &#8220;Partes&#8221; o &#8220;Nosotros&#8221; se refiere tanto al Cliente como a nosotros mismos. Todos los t\u00e9rminos se refieren a la oferta, aceptaci\u00f3n y consideraci\u00f3n del pago necesario para llevar a cabo el proceso de nuestra asistencia al Cliente de la manera m\u00e1s apropiada con el prop\u00f3sito expreso de satisfacer las necesidades del Cliente con respecto a la prestaci\u00f3n de los servicios declarados por la Compa\u00f1\u00eda, de acuerdo con y sujeto a la legislaci\u00f3n vigente de los Pa\u00edses Bajos. Cualquier uso de la terminolog\u00eda anterior u otras palabras en singular, plural, may\u00fasculas y\/o \u00e9l\/ella o ellos, se toman como intercambiables y, por lo tanto, se refieren a los mismos.<\/p>\n\n\n\n<p><strong>Cookies<\/strong><\/p>\n\n\n\n<p>Empleamos el uso de cookies. Al acceder a Stethoscope24.com, acepta utilizar cookies de acuerdo con la<a href=\"https:\/\/estetoscopiolittmann.com\/politica-de-privacidad\/\"> Pol\u00edtica de privacidad<\/a> de Danawu GmbH.<\/p>\n\n\n\n<p>La mayor\u00eda de los sitios web interactivos utilizan cookies para permitir recuperar los detalles del usuario en cada visita. Nuestro sitio web utiliza cookies para habilitar la funcionalidad de ciertas \u00e1reas para que sea m\u00e1s f\u00e1cil para las personas que visitan nuestro sitio web. Puede que algunos de nuestros socios publicitarios\/afiliados tambi\u00e9n utilicen cookies.<\/p>\n\n\n\n<p><strong>Licencia<\/strong><\/p>\n\n\n\n<p>A menos que se indique lo contrario, DANAWU GMBH y\/o sus licenciantes poseen los derechos de propiedad intelectual de todo el material en <a href=\"https:\/\/stethoscope24.com\/estetoscopio-littmann\">Stethoscope24.com<\/a>. Todos los derechos de propiedad intelectual est\u00e1n reservados. Puede acceder a esto desde Stethoscope24.com para su uso personal sujeto a las restricciones establecidas en estos t\u00e9rminos y condiciones.<\/p>\n\n\n\n<p>No debe:<\/p>\n\n\n\n<ul class=\"wp-block-list\">\n<li>Volver a publicar material de Stethoscope24.com<\/li>\n\n\n\n<li>Vender, alquilar o sublicenciar material de Stethoscope24.com<\/li>\n\n\n\n<li>Reproducir, duplicar o copiar material de Stethoscope24.com<\/li>\n\n\n\n<li>Redistribuir el contenido de Stethoscope24.com<\/li>\n<\/ul>\n\n\n\n<p>Este Acuerdo comenzar\u00e1 en la fecha expuesta en este mismo documento.<\/p>\n\n\n\n<p>Partes de este sitio web ofrecen una oportunidad para que los usuarios publiquen e intercambien opiniones e informaci\u00f3n en ciertas \u00e1reas del sitio web. DANAWU GMBH no filtra, edita, publica ni revisa los Comentarios antes de su presencia en el sitio web. Los comentarios no reflejan los puntos de vista y opiniones de DANAWU GMBH, sus agentes y\/o afiliados. Los comentarios reflejan los puntos de vista y opiniones de la persona que publica sus puntos de vista y opiniones. En la medida permitida por las leyes aplicables, DANAWU GMBH no ser\u00e1 responsable por los Comentarios ni asume ninguna responsabilidad, da\u00f1os o gastos causados y\/o sufridos como resultado de cualquier uso y\/o publicaci\u00f3n y\/o aparici\u00f3n de los Comentarios en este sitio web.<\/p>\n\n\n\n<p>DANAWU GMBH se reserva el derecho de monitorear todos los Comentarios y eliminar los Comentarios que puedan considerarse inapropiados, ofensivos o que incumplan estos T\u00e9rminos y Condiciones.<\/p>\n\n\n\n<p>Usted garantiza y manifiesta que:<\/p>\n\n\n\n<p>Tiene derecho a publicar los Comentarios en nuestro sitio web y tiene todas las licencias y consentimientos necesarios para hacerlo;<br>Los Comentarios no invaden ning\u00fan derecho de propiedad intelectual, incluidos, entre otros, los derechos de autor, patentes o marcas comerciales de terceros;<br>Los Comentarios no contienen ning\u00fan material difamatorio, calumnioso, ofensivo, indecente o ilegal que sea una invasi\u00f3n de la privacidad.<br>Los Comentarios no se utilizar\u00e1n para solicitar o promover negocios o actividades comerciales personalizadas o presentes o actividades ilegales.<\/p>\n\n\n\n<p>Por la presente, otorga a DANAWU GMBH una licencia no exclusiva para usar, reproducir, editar y autorizar a otros a usar, reproducir y editar cualquiera de sus Comentarios en todas y cada una de las formas, formatos o medios.<\/p>\n\n\n\n<p><strong>Hiperv\u00ednculos a nuestro contenido<\/strong><\/p>\n\n\n\n<p>Las siguientes organizaciones pueden vincularse a nuestro sitio web sin aprobaci\u00f3n previa por escrito:<\/p>\n\n\n\n<p>Agencias gubernamentales;<br>Los motores de b\u00fasqueda;<br>Organizaciones de noticias;<br>Los distribuidores de directorios en l\u00ednea pueden enlazarse a nuestro sitio web de la misma manera que hacen hiperv\u00ednculos a los sitios web de otras empresas que figuran en la lista; y<br>Empresas acreditadas de todo el sistema, excepto las organizaciones sin fines de lucro, los centros comerciales de caridad y los grupos de recaudaci\u00f3n de fondos de caridad los cuales no pueden hacer hiperv\u00ednculos a nuestro sitio web.<br>Estas organizaciones pueden enlazarse a nuestra p\u00e1gina de inicio, a publicaciones o a otra informaci\u00f3n del sitio web siempre que el enlace: (a) no sea enga\u00f1oso de ninguna manera; (b) no implique falsamente patrocinio, respaldo o aprobaci\u00f3n de la parte vinculante y sus productos y\/o servicios; y (c) encaje en el contexto del sitio de la parte vinculante.<\/p>\n\n\n\n<p><strong>Podemos considerar y aprobar otras solicitudes de enlaces de los siguientes tipos de organizaciones:<\/strong><\/p>\n\n\n\n<p>fuentes de informaci\u00f3n de consumidores y\/o empresas com\u00fanmente conocidas;<br>sitios de comunidades de tipo dot.com;<br>asociaciones u otros grupos que representan organizaciones ben\u00e9ficas;<br>distribuidores de directorios en l\u00ednea;<br>portales de internet;<br>firmas de contabilidad, derecho y consultor\u00eda; y<br>instituciones educativas y asociaciones comerciales.<\/p>\n\n\n\n<p>Aprobaremos las solicitudes de enlace de estas organizaciones si decidimos que: (a) el enlace no nos har\u00eda vernos desfavorablemente a nosotros mismos ni a nuestras empresas acreditadas; (b) la organizaci\u00f3n no tiene registros negativos con nosotros; (c) el beneficio para nosotros de la visibilidad del hiperv\u00ednculo compensa la ausencia de DANAWU GMBH; y (d) el enlace est\u00e1 en el contexto de informaci\u00f3n general de recursos.<\/p>\n\n\n\n<p>Estas organizaciones pueden enlazarse a nuestra p\u00e1gina de inicio siempre que el enlace: (a) no sea enga\u00f1oso de ninguna manera; (b) no implique falsamente patrocinio, respaldo o aprobaci\u00f3n de la parte vinculante y sus productos o servicios; y (c) encaje en el contexto del sitio de la parte vinculante.<\/p>\n\n\n\n<p>Si usted es una de las organizaciones enumeradas en el p\u00e1rrafo 2 anterior y est\u00e1 interesado en vincularse a nuestro sitio web, debe informarnos enviando un correo electr\u00f3nico a DANAWU GMBH. Incluya su nombre, el nombre de su organizaci\u00f3n, la informaci\u00f3n de contacto, as\u00ed como la URL de su sitio, una lista de las URL desde las que desea vincular a nuestro sitio web y una lista de las URL de nuestro sitio a las que le gustar\u00eda enlazarse. Espere de 2 a 3 semanas para recibir una respuesta.<\/p>\n\n\n\n<p><strong>Las organizaciones aprobadas pueden hacer hiperv\u00ednculos a nuestro sitio web de la siguiente manera:<\/strong><\/p>\n\n\n\n<p>Mediante el uso de nuestra raz\u00f3n social; o<br>Mediante el uso del localizador uniforme de recursos al que se vincula; o<br>Mediante el uso de cualquier otra descripci\u00f3n de nuestro sitio web al que est\u00e9 vinculado que tenga sentido dentro del contexto y formato del contenido en el sitio de la parte vinculante.<\/p>\n\n\n\n<p>No se permitir\u00e1 el uso del logotipo de Danawu GmbH u otra obra de arte para vincular sin un acuerdo de licencia de marca registrada.<\/p>\n\n\n\n<p><\/p>\n\n\n\n<p><strong>iFrames<\/strong><\/p>\n\n\n\n<p>Sin la aprobaci\u00f3n previa y el permiso por escrito, no puede crear marcos alrededor de nuestras p\u00e1ginas web que alteren de alguna manera la presentaci\u00f3n visual o la apariencia de nuestro sitio web.<\/p>\n\n\n\n<p><strong>Responsabilidad del Contenido<\/strong><\/p>\n\n\n\n<p>No seremos responsables de ning\u00fan contenido que aparezca en su sitio web. Usted acepta protegernos y defendernos contra todas las reclamaciones que surjan en su sitio web. Ning\u00fan enlace o enlaces debe aparecer en ning\u00fan sitio web que pueda interpretarse como difamatorio, obsceno o criminal, o que infrinja, o de alguna otra manera viole o defienda la infracci\u00f3n u otra violaci\u00f3n de derechos de terceros.<\/p>\n\n\n\n<p><strong>Su Privacidad<\/strong><\/p>\n\n\n\n<p>Favor de Leer la <a href=\"https:\/\/stethoscope24.com\/estetoscopio-littmann\/politica-de-privacidad\/\">Pol\u00edtica de Privacidad<\/a><\/p>\n\n\n\n<p><strong>Reservaci\u00f3n de derechos<\/strong><\/p>\n\n\n\n<p>Nos reservamos el derecho de solicitar que elimine todos los enlaces o cualquier enlace en particular a nuestro sitio web. Usted aprueba eliminar inmediatamente todos los enlaces a nuestro sitio web cuando se le solicite. Tambi\u00e9n nos reservamos el derecho de modificar estos t\u00e9rminos y condiciones y su pol\u00edtica de vinculaci\u00f3n en cualquier momento. Al vincularse mediante hiperv\u00ednculos a nuestro sitio web continuamente, usted acepta su naturaleza vinculatoria y seguir estos t\u00e9rminos y condiciones vinculatorios.<\/p>\n\n\n\n<p><strong>Eliminaci\u00f3n de enlaces de nuestro sitio web<\/strong><\/p>\n\n\n\n<p>Si encuentra alg\u00fan enlace en nuestro sitio web que sea ofensivo por cualquier motivo, puede contactarnos e informarnos en cualquier momento. Consideraremos las solicitudes para eliminar enlaces, pero no estamos obligados a hacerlo ni a responderle directamente.<\/p>\n\n\n\n<p>No nos aseguramos de que la informaci\u00f3n en este sitio web sea correcta, no garantizamos su integridad o exactitud; ni nos comprometemos a garantizar que el sitio web permanezca disponible o que el material en el sitio web se mantenga actualizado.<\/p>\n\n\n\n<p><strong>Descargo de responsabilidad<\/strong><\/p>\n\n\n\n<p>En la medida m\u00e1xima permitida por la ley aplicable, excluimos todas las representaciones, garant\u00edas y condiciones relacionadas con nuestro sitio web y el uso de este sitio web. Nada en este descargo de responsabilidad:<\/p>\n\n\n\n<ul class=\"wp-block-list\">\n<li>limitar\u00e1 o excluir\u00e1 nuestra responsabilidad o la suya por muerte o lesiones personales;<\/li>\n\n\n\n<li>limitar\u00e1 o excluir\u00e1 nuestra responsabilidad o la suya por fraude o tergiversaci\u00f3n fraudulenta;<\/li>\n\n\n\n<li>limitar\u00e1 cualquiera de nuestras responsabilidades o las suyas de cualquier manera que no est\u00e9 permitida por la ley aplicable; o<\/li>\n\n\n\n<li>excluir\u00e1 cualquiera de nuestras responsabilidades o las suyas que no puedan estar excluidas seg\u00fan la ley aplicable.<\/li>\n<\/ul>\n\n\n\n<p>Las limitaciones y prohibiciones de responsabilidad establecidas en esta Secci\u00f3n y en otras partes de este descargo de responsabilidad: (a) est\u00e1n sujetas al p\u00e1rrafo anterior; y (b) regir\u00e1 todas las responsabilidades que surjan en virtud de la exenci\u00f3n de responsabilidad, incluidas las responsabilidades que surjan en el contrato, en agravio y por incumplimiento de la obligaci\u00f3n legal.<\/p>\n\n\n\n<p>Siempre que el sitio web y la informaci\u00f3n y los servicios en el sitio web se proporcionen de forma gratuita, no seremos responsables de ninguna p\u00e9rdida o da\u00f1o de cualquier naturaleza.<\/p>\n","protected":false},"excerpt":{"rendered":"<p>\u00a1Bienvenido a Stethoscope24.com! Estos t\u00e9rminos y condiciones describen las reglas y regulaciones para el uso del sitio web de Danawu GmbH, ubicado en Stethoscope24.com. Al acceder a este sitio web asumimos que acepta estos t\u00e9rminos y condiciones. No contin\u00fae usando Stethoscope24.com si no est\u00e1 de acuerdo con todos los t\u00e9rminos y condiciones establecidos en esta [&hellip;]<\/p>\n","protected":false},"author":1,"featured_media":0,"parent":0,"menu_order":0,"comment_status":"closed","ping_status":"closed","template":"","meta":{"footnotes":""},"class_list":["post-22706","page","type-page","status-publish","hentry"],"yoast_head":"<!-- This site is optimized with the Yoast SEO plugin v27.5 - https:\/\/yoast.com\/product\/yoast-seo-wordpress\/ -->\n<title>P\u00c1GINA DE T\u00c9RMINOS Y CONDICIONES - Estetoscopio Littmann<\/title>\n<meta name=\"description\" content=\"\u00a1Bienvenido a Stethoscope24.com! Estos t\u00e9rminos y condiciones describen las reglas y regulaciones para el uso del sitio web de Danawu GmbH, ubicado en Stethoscope24.com.\" \/>\n<meta name=\"robots\" content=\"index, follow, max-snippet:-1, max-image-preview:large, max-video-preview:-1\" \/>\n<link rel=\"canonical\" href=\"https:\/\/stethoscope24.com\/estetoscopio-littmann\/terminos-y-condiciones\/\" \/>\n<meta property=\"og:locale\" content=\"es_MX\" \/>\n<meta property=\"og:type\" content=\"article\" \/>\n<meta property=\"og:title\" content=\"P\u00c1GINA DE T\u00c9RMINOS Y CONDICIONES - Estetoscopio Littmann\" \/>\n<meta property=\"og:description\" content=\"\u00a1Bienvenido a Stethoscope24.com! Estos t\u00e9rminos y condiciones describen las reglas y regulaciones para el uso del sitio web de Danawu GmbH, ubicado en Stethoscope24.com.\" \/>\n<meta property=\"og:url\" content=\"https:\/\/stethoscope24.com\/estetoscopio-littmann\/terminos-y-condiciones\/\" \/>\n<meta property=\"og:site_name\" content=\"Estetoscopio Littmann\" \/>\n<meta property=\"article:modified_time\" content=\"2023-09-29T07:51:29+00:00\" \/>\n<meta name=\"twitter:card\" content=\"summary_large_image\" \/>\n<meta name=\"twitter:label1\" content=\"Tiempo de lectura\" \/>\n\t<meta name=\"twitter:data1\" content=\"8 minutos\" \/>\n<script type=\"application\/ld+json\" class=\"yoast-schema-graph\">{\"@context\":\"https:\\\/\\\/schema.org\",\"@graph\":[{\"@type\":\"WebPage\",\"@id\":\"https:\\\/\\\/stethoscope24.com\\\/estetoscopio-littmann\\\/terminos-y-condiciones\\\/\",\"url\":\"https:\\\/\\\/stethoscope24.com\\\/estetoscopio-littmann\\\/terminos-y-condiciones\\\/\",\"name\":\"P\u00c1GINA DE T\u00c9RMINOS Y CONDICIONES - Estetoscopio Littmann\",\"isPartOf\":{\"@id\":\"https:\\\/\\\/stethoscope24.com\\\/estetoscopio-littmann\\\/#website\"},\"datePublished\":\"2021-01-25T10:46:34+00:00\",\"dateModified\":\"2023-09-29T07:51:29+00:00\",\"description\":\"\u00a1Bienvenido a Stethoscope24.com! Estos t\u00e9rminos y condiciones describen las reglas y regulaciones para el uso del sitio web de Danawu GmbH, ubicado en Stethoscope24.com.\",\"breadcrumb\":{\"@id\":\"https:\\\/\\\/stethoscope24.com\\\/estetoscopio-littmann\\\/terminos-y-condiciones\\\/#breadcrumb\"},\"inLanguage\":\"es\",\"potentialAction\":[{\"@type\":\"ReadAction\",\"target\":[\"https:\\\/\\\/stethoscope24.com\\\/estetoscopio-littmann\\\/terminos-y-condiciones\\\/\"]}]},{\"@type\":\"BreadcrumbList\",\"@id\":\"https:\\\/\\\/stethoscope24.com\\\/estetoscopio-littmann\\\/terminos-y-condiciones\\\/#breadcrumb\",\"itemListElement\":[{\"@type\":\"ListItem\",\"position\":1,\"name\":\"Home\",\"item\":\"https:\\\/\\\/stethoscope24.com\\\/estetoscopio-littmann\\\/\"},{\"@type\":\"ListItem\",\"position\":2,\"name\":\"P\u00c1GINA DE T\u00c9RMINOS Y CONDICIONES\"}]},{\"@type\":\"WebSite\",\"@id\":\"https:\\\/\\\/stethoscope24.com\\\/estetoscopio-littmann\\\/#website\",\"url\":\"https:\\\/\\\/stethoscope24.com\\\/estetoscopio-littmann\\\/\",\"name\":\"Estetoscopio Littmann\",\"description\":\"Estetoscopio Littmann\",\"publisher\":{\"@id\":\"https:\\\/\\\/stethoscope24.com\\\/estetoscopio-littmann\\\/#organization\"},\"potentialAction\":[{\"@type\":\"SearchAction\",\"target\":{\"@type\":\"EntryPoint\",\"urlTemplate\":\"https:\\\/\\\/stethoscope24.com\\\/estetoscopio-littmann\\\/?s={search_term_string}\"},\"query-input\":{\"@type\":\"PropertyValueSpecification\",\"valueRequired\":true,\"valueName\":\"search_term_string\"}}],\"inLanguage\":\"es\"},{\"@type\":\"Organization\",\"@id\":\"https:\\\/\\\/stethoscope24.com\\\/estetoscopio-littmann\\\/#organization\",\"name\":\"Estetoscopio Littmann\",\"url\":\"https:\\\/\\\/stethoscope24.com\\\/estetoscopio-littmann\\\/\",\"logo\":{\"@type\":\"ImageObject\",\"inLanguage\":\"es\",\"@id\":\"https:\\\/\\\/stethoscope24.com\\\/estetoscopio-littmann\\\/#\\\/schema\\\/logo\\\/image\\\/\",\"url\":\"https:\\\/\\\/i0.wp.com\\\/stethoscope24.com\\\/estetoscopio-littmann\\\/wp-content\\\/uploads\\\/2021\\\/03\\\/logostethoscope24-50.jpg?fit=298%2C50&ssl=1\",\"contentUrl\":\"https:\\\/\\\/i0.wp.com\\\/stethoscope24.com\\\/estetoscopio-littmann\\\/wp-content\\\/uploads\\\/2021\\\/03\\\/logostethoscope24-50.jpg?fit=298%2C50&ssl=1\",\"width\":298,\"height\":50,\"caption\":\"Estetoscopio Littmann\"},\"image\":{\"@id\":\"https:\\\/\\\/stethoscope24.com\\\/estetoscopio-littmann\\\/#\\\/schema\\\/logo\\\/image\\\/\"}}]}<\/script>\n<!-- \/ Yoast SEO plugin. -->","yoast_head_json":{"title":"P\u00c1GINA DE T\u00c9RMINOS Y CONDICIONES - Estetoscopio Littmann","description":"\u00a1Bienvenido a Stethoscope24.com! Estos t\u00e9rminos y condiciones describen las reglas y regulaciones para el uso del sitio web de Danawu GmbH, ubicado en Stethoscope24.com.","robots":{"index":"index","follow":"follow","max-snippet":"max-snippet:-1","max-image-preview":"max-image-preview:large","max-video-preview":"max-video-preview:-1"},"canonical":"https:\/\/stethoscope24.com\/estetoscopio-littmann\/terminos-y-condiciones\/","og_locale":"es_MX","og_type":"article","og_title":"P\u00c1GINA DE T\u00c9RMINOS Y CONDICIONES - Estetoscopio Littmann","og_description":"\u00a1Bienvenido a Stethoscope24.com! Estos t\u00e9rminos y condiciones describen las reglas y regulaciones para el uso del sitio web de Danawu GmbH, ubicado en Stethoscope24.com.","og_url":"https:\/\/stethoscope24.com\/estetoscopio-littmann\/terminos-y-condiciones\/","og_site_name":"Estetoscopio Littmann","article_modified_time":"2023-09-29T07:51:29+00:00","twitter_card":"summary_large_image","twitter_misc":{"Tiempo de lectura":"8 minutos"},"schema":{"@context":"https:\/\/schema.org","@graph":[{"@type":"WebPage","@id":"https:\/\/stethoscope24.com\/estetoscopio-littmann\/terminos-y-condiciones\/","url":"https:\/\/stethoscope24.com\/estetoscopio-littmann\/terminos-y-condiciones\/","name":"P\u00c1GINA DE T\u00c9RMINOS Y CONDICIONES - Estetoscopio Littmann","isPartOf":{"@id":"https:\/\/stethoscope24.com\/estetoscopio-littmann\/#website"},"datePublished":"2021-01-25T10:46:34+00:00","dateModified":"2023-09-29T07:51:29+00:00","description":"\u00a1Bienvenido a Stethoscope24.com! Estos t\u00e9rminos y condiciones describen las reglas y regulaciones para el uso del sitio web de Danawu GmbH, ubicado en Stethoscope24.com.","breadcrumb":{"@id":"https:\/\/stethoscope24.com\/estetoscopio-littmann\/terminos-y-condiciones\/#breadcrumb"},"inLanguage":"es","potentialAction":[{"@type":"ReadAction","target":["https:\/\/stethoscope24.com\/estetoscopio-littmann\/terminos-y-condiciones\/"]}]},{"@type":"BreadcrumbList","@id":"https:\/\/stethoscope24.com\/estetoscopio-littmann\/terminos-y-condiciones\/#breadcrumb","itemListElement":[{"@type":"ListItem","position":1,"name":"Home","item":"https:\/\/stethoscope24.com\/estetoscopio-littmann\/"},{"@type":"ListItem","position":2,"name":"P\u00c1GINA DE T\u00c9RMINOS Y CONDICIONES"}]},{"@type":"WebSite","@id":"https:\/\/stethoscope24.com\/estetoscopio-littmann\/#website","url":"https:\/\/stethoscope24.com\/estetoscopio-littmann\/","name":"Estetoscopio Littmann","description":"Estetoscopio Littmann","publisher":{"@id":"https:\/\/stethoscope24.com\/estetoscopio-littmann\/#organization"},"potentialAction":[{"@type":"SearchAction","target":{"@type":"EntryPoint","urlTemplate":"https:\/\/stethoscope24.com\/estetoscopio-littmann\/?s={search_term_string}"},"query-input":{"@type":"PropertyValueSpecification","valueRequired":true,"valueName":"search_term_string"}}],"inLanguage":"es"},{"@type":"Organization","@id":"https:\/\/stethoscope24.com\/estetoscopio-littmann\/#organization","name":"Estetoscopio Littmann","url":"https:\/\/stethoscope24.com\/estetoscopio-littmann\/","logo":{"@type":"ImageObject","inLanguage":"es","@id":"https:\/\/stethoscope24.com\/estetoscopio-littmann\/#\/schema\/logo\/image\/","url":"https:\/\/i0.wp.com\/stethoscope24.com\/estetoscopio-littmann\/wp-content\/uploads\/2021\/03\/logostethoscope24-50.jpg?fit=298%2C50&ssl=1","contentUrl":"https:\/\/i0.wp.com\/stethoscope24.com\/estetoscopio-littmann\/wp-content\/uploads\/2021\/03\/logostethoscope24-50.jpg?fit=298%2C50&ssl=1","width":298,"height":50,"caption":"Estetoscopio Littmann"},"image":{"@id":"https:\/\/stethoscope24.com\/estetoscopio-littmann\/#\/schema\/logo\/image\/"}}]}},"jetpack_sharing_enabled":true,"_links":{"self":[{"href":"https:\/\/stethoscope24.com\/estetoscopio-littmann\/wp-json\/wp\/v2\/pages\/22706","targetHints":{"allow":["GET"]}}],"collection":[{"href":"https:\/\/stethoscope24.com\/estetoscopio-littmann\/wp-json\/wp\/v2\/pages"}],"about":[{"href":"https:\/\/stethoscope24.com\/estetoscopio-littmann\/wp-json\/wp\/v2\/types\/page"}],"author":[{"embeddable":true,"href":"https:\/\/stethoscope24.com\/estetoscopio-littmann\/wp-json\/wp\/v2\/users\/1"}],"replies":[{"embeddable":true,"href":"https:\/\/stethoscope24.com\/estetoscopio-littmann\/wp-json\/wp\/v2\/comments?post=22706"}],"version-history":[{"count":4,"href":"https:\/\/stethoscope24.com\/estetoscopio-littmann\/wp-json\/wp\/v2\/pages\/22706\/revisions"}],"predecessor-version":[{"id":25119,"href":"https:\/\/stethoscope24.com\/estetoscopio-littmann\/wp-json\/wp\/v2\/pages\/22706\/revisions\/25119"}],"wp:attachment":[{"href":"https:\/\/stethoscope24.com\/estetoscopio-littmann\/wp-json\/wp\/v2\/media?parent=22706"}],"curies":[{"name":"wp","href":"https:\/\/api.w.org\/{rel}","templated":true}]}}