{"id":22745,"date":"2021-01-25T13:28:37","date_gmt":"2021-01-25T13:28:37","guid":{"rendered":"https:\/\/estetoscopiolittmann.com\/?page_id=22745"},"modified":"2021-05-19T08:35:56","modified_gmt":"2021-05-19T08:35:56","slug":"tarjetas-de-credito","status":"publish","type":"page","link":"https:\/\/stethoscope24.com\/estetoscopio-littmann\/tarjetas-de-credito\/","title":{"rendered":"Tarjetas de Cr\u00e9dito"},"content":{"rendered":"\n<figure class=\"wp-block-image size-large is-resized\"><img data-recalc-dims=\"1\" decoding=\"async\" src=\"https:\/\/i0.wp.com\/estetoscopiolittmann.com\/wp-content\/uploads\/2021\/01\/credit-card-logos.png?w=250&#038;ssl=1\" alt=\"\" class=\"wp-image-22783\"  srcset=\"https:\/\/i0.wp.com\/stethoscope24.com\/estetoscopio-littmann\/wp-content\/uploads\/2021\/01\/credit-card-logos.png?w=673&amp;ssl=1 673w, https:\/\/i0.wp.com\/stethoscope24.com\/estetoscopio-littmann\/wp-content\/uploads\/2021\/01\/credit-card-logos.png?resize=300%2C53&amp;ssl=1 300w, https:\/\/i0.wp.com\/stethoscope24.com\/estetoscopio-littmann\/wp-content\/uploads\/2021\/01\/credit-card-logos.png?resize=150%2C27&amp;ssl=1 150w, https:\/\/i0.wp.com\/stethoscope24.com\/estetoscopio-littmann\/wp-content\/uploads\/2021\/01\/credit-card-logos.png?resize=650%2C116&amp;ssl=1 650w, https:\/\/i0.wp.com\/stethoscope24.com\/estetoscopio-littmann\/wp-content\/uploads\/2021\/01\/credit-card-logos.png?resize=64%2C11&amp;ssl=1 64w, https:\/\/i0.wp.com\/stethoscope24.com\/estetoscopio-littmann\/wp-content\/uploads\/2021\/01\/credit-card-logos.png?resize=540%2C96&amp;ssl=1 540w\" sizes=\"(max-width: 673px) 100vw, 673px\" \/><\/figure>\n\n\n\n<p><\/p>\n\n\n\n<h3 class=\"wp-block-heading\">Pague de manera segura con tarjetas de cr\u00e9dito en nuestro sitio.<\/h3>\n\n\n\n<p>Cuando usted paga en nuestro sitio con tarjeta de cr\u00e9dito, paga directamente en nuestra cuenta de Stripe. Stripe ha sido auditado por un auditor <a href=\"http:\/\/www.visa.com\/splisting\/searchGrsp.do?companyNameCriteria=stripe\">certificado por PCI<\/a> y est\u00e1 certificado seg\u00fan como proveedor de servicios de PCI de nivel 1. Este es el nivel de certificaci\u00f3n m\u00e1s estricto disponible en la industria de pagos. Para lograr esto, Stripe utiliza las mejores herramientas y pr\u00e1cticas de seguridad para mantener un alto nivel de seguridad en Stripe.<\/p>\n\n\n\n<h4 class=\"wp-block-heading\">Compre su nuevo estetoscopio de forma segura con tarjeta de cr\u00e9dito<\/h4>\n\n\n\n<h5 class=\"wp-block-heading\">Algunos estetoscopios para elegir:<\/h5>\n\n\n<div data-block-name=\"woocommerce\/product-category\" data-categories=\"[129]\" data-columns=\"6\" data-content-visibility=\"{&quot;title&quot;:true,&quot;price&quot;:true,&quot;rating&quot;:true,&quot;button&quot;:false}\" data-rows=\"1\" class=\"wc-block-grid wp-block-product-category wp-block-woocommerce-product-category wc-block-product-category has-6-columns\"><ul class=\"wc-block-grid__products\"><li class=\"wc-block-grid__product\">\n\t\t\t\t<a href=\"https:\/\/stethoscope24.com\/estetoscopio-littmann\/product\/estetoscopio-littmann-cardiology-iv-negro\/\" class=\"wc-block-grid__product-link\">\n\t\t\t\t\t\n\t\t\t\t\t<div class=\"wc-block-grid__product-image\"><img fetchpriority=\"high\" decoding=\"async\" width=\"300\" height=\"300\" src=\"https:\/\/i0.wp.com\/stethoscope24.com\/estetoscopio-littmann\/wp-content\/uploads\/2020\/08\/Littmann_6152.jpg?fit=300%2C300&amp;ssl=1\" class=\"attachment-woocommerce_thumbnail size-woocommerce_thumbnail\" alt=\"Estetoscopio Littmann Cardiology IV Negro 6152\" srcset=\"https:\/\/i0.wp.com\/stethoscope24.com\/estetoscopio-littmann\/wp-content\/uploads\/2020\/08\/Littmann_6152.jpg?w=400&amp;ssl=1 400w, https:\/\/i0.wp.com\/stethoscope24.com\/estetoscopio-littmann\/wp-content\/uploads\/2020\/08\/Littmann_6152.jpg?resize=300%2C300&amp;ssl=1 300w, https:\/\/i0.wp.com\/stethoscope24.com\/estetoscopio-littmann\/wp-content\/uploads\/2020\/08\/Littmann_6152.jpg?resize=150%2C150&amp;ssl=1 150w\" sizes=\"(max-width: 300px) 100vw, 300px\" \/><\/div>\n\t\t\t\t\t<div class=\"wc-block-grid__product-title\">Estetoscopio Littmann Cardiology IV Negro<\/div>\n\t\t\t\t<\/a>\n\t\t\t\t<div class=\"wc-block-grid__product-price price\"><span class=\"woocs_price_code\" data-product-id=\"25456\"><span class=\"woocommerce-Price-amount amount\"><span class=\"woocommerce-Price-currencySymbol\">&#036;<\/span>&nbsp;5,250<\/span><\/span><p class=\"stock in-stock s_in_stock_color woo-custom-stock-status\">Solo quedan 28 art\u00edculos.<\/p><\/div>\n\t\t\t\t\n\t\t\t\t\n\t\t\t<\/li><li class=\"wc-block-grid__product\">\n\t\t\t\t<a href=\"https:\/\/stethoscope24.com\/estetoscopio-littmann\/product\/littmann-stethoscope-cardiology-iv-black-smoke-finish-champagne-stem\/\" class=\"wc-block-grid__product-link\">\n\t\t\t\t\t\n\t\t\t\t\t<div class=\"wc-block-grid__product-image\"><img decoding=\"async\" width=\"300\" height=\"300\" src=\"https:\/\/i0.wp.com\/stethoscope24.com\/estetoscopio-littmann\/wp-content\/uploads\/2020\/08\/Littmann_6204.jpg?fit=300%2C300&amp;ssl=1\" class=\"attachment-woocommerce_thumbnail size-woocommerce_thumbnail\" alt=\"Estetoscopio Littmann Cardiology IV Negro\u00a0\/ Acabado Ahumado\/ V\u00e1stago Champa\u00f1a 6204\" srcset=\"https:\/\/i0.wp.com\/stethoscope24.com\/estetoscopio-littmann\/wp-content\/uploads\/2020\/08\/Littmann_6204.jpg?w=400&amp;ssl=1 400w, https:\/\/i0.wp.com\/stethoscope24.com\/estetoscopio-littmann\/wp-content\/uploads\/2020\/08\/Littmann_6204.jpg?resize=300%2C300&amp;ssl=1 300w, https:\/\/i0.wp.com\/stethoscope24.com\/estetoscopio-littmann\/wp-content\/uploads\/2020\/08\/Littmann_6204.jpg?resize=150%2C150&amp;ssl=1 150w\" sizes=\"(max-width: 300px) 100vw, 300px\" \/><\/div>\n\t\t\t\t\t<div class=\"wc-block-grid__product-title\">Estetoscopio Littmann Cardiology IV Negro\u00a0\/ Acabado Ahumado\/ V\u00e1stago Champa\u00f1a<\/div>\n\t\t\t\t<\/a>\n\t\t\t\t<div class=\"wc-block-grid__product-price price\"><span class=\"woocs_price_code\" data-product-id=\"21639\"><span class=\"woocommerce-Price-amount amount\"><span class=\"woocommerce-Price-currencySymbol\">&#036;<\/span>&nbsp;6,590<\/span><\/span><p class=\"stock in-stock s_in_stock_color woo-custom-stock-status\">Solo quedan 6 art\u00edculos.<\/p><\/div>\n\t\t\t\t<div class=\"wc-block-grid__product-rating\"><div class=\"star-rating\"><span style=\"width:100%\">Valorado <strong class=\"rating\">5.00<\/strong> sobre 5 basado en <span class=\"rating\">4<\/span> puntuaciones de clientes<\/span><\/div><\/div>\n\t\t\t\t\n\t\t\t<\/li><li class=\"wc-block-grid__product\">\n\t\t\t\t<a href=\"https:\/\/stethoscope24.com\/estetoscopio-littmann\/product\/estetoscopio-littmann-cardiology-iv-azul-marino-arcoiris-vastago-negro\/\" class=\"wc-block-grid__product-link\">\n\t\t\t\t\t\n\t\t\t\t\t<div class=\"wc-block-grid__product-image\"><img decoding=\"async\" width=\"300\" height=\"300\" src=\"https:\/\/i0.wp.com\/stethoscope24.com\/estetoscopio-littmann\/wp-content\/uploads\/2020\/08\/Littmann_6242.jpg?fit=300%2C300&amp;ssl=1\" class=\"attachment-woocommerce_thumbnail size-woocommerce_thumbnail\" alt=\"Estetoscopio Littmann Cardiology IV Azul Marino Arco\u00edris V\u00e1stago Negro 6242\" srcset=\"https:\/\/i0.wp.com\/stethoscope24.com\/estetoscopio-littmann\/wp-content\/uploads\/2020\/08\/Littmann_6242.jpg?w=800&amp;ssl=1 800w, https:\/\/i0.wp.com\/stethoscope24.com\/estetoscopio-littmann\/wp-content\/uploads\/2020\/08\/Littmann_6242.jpg?resize=300%2C300&amp;ssl=1 300w, https:\/\/i0.wp.com\/stethoscope24.com\/estetoscopio-littmann\/wp-content\/uploads\/2020\/08\/Littmann_6242.jpg?resize=150%2C150&amp;ssl=1 150w, https:\/\/i0.wp.com\/stethoscope24.com\/estetoscopio-littmann\/wp-content\/uploads\/2020\/08\/Littmann_6242.jpg?resize=768%2C768&amp;ssl=1 768w, https:\/\/i0.wp.com\/stethoscope24.com\/estetoscopio-littmann\/wp-content\/uploads\/2020\/08\/Littmann_6242.jpg?resize=650%2C650&amp;ssl=1 650w\" sizes=\"(max-width: 300px) 100vw, 300px\" \/><\/div>\n\t\t\t\t\t<div class=\"wc-block-grid__product-title\">Estetoscopio Littmann Cardiology IV Azul Marino \/ Arco\u00edris \/ V\u00e1stago Negro<\/div>\n\t\t\t\t<\/a>\n\t\t\t\t<div class=\"wc-block-grid__product-price price\"><span class=\"woocs_price_code\" data-product-id=\"21638\"><span class=\"woocommerce-Price-amount amount\"><span class=\"woocommerce-Price-currencySymbol\">&#036;<\/span>&nbsp;6,590<\/span><\/span><p class=\"stock in-stock s_in_stock_color woo-custom-stock-status\">Solo quedan 2 art\u00edculos.<\/p><\/div>\n\t\t\t\t<div class=\"wc-block-grid__product-rating\"><div class=\"star-rating\"><span style=\"width:100%\">Valorado <strong class=\"rating\">5.00<\/strong> sobre 5 basado en <span class=\"rating\">3<\/span> puntuaciones de clientes<\/span><\/div><\/div>\n\t\t\t\t\n\t\t\t<\/li><li class=\"wc-block-grid__product\">\n\t\t\t\t<a href=\"https:\/\/stethoscope24.com\/estetoscopio-littmann\/product\/estetoscopio-littmann-cardiology-iv-frambuesa-arcoiris-vastago-ahumado\/\" class=\"wc-block-grid__product-link\">\n\t\t\t\t\t\n\t\t\t\t\t<div class=\"wc-block-grid__product-image\"><img loading=\"lazy\" decoding=\"async\" width=\"300\" height=\"300\" src=\"https:\/\/i0.wp.com\/stethoscope24.com\/estetoscopio-littmann\/wp-content\/uploads\/2020\/08\/Littmann_6241.jpg?fit=300%2C300&amp;ssl=1\" class=\"attachment-woocommerce_thumbnail size-woocommerce_thumbnail\" alt=\"Estetoscopio Littmann Cardiology IV Frambuesa \/ Arco\u00edris \/ V\u00e1stago Ahumado 6241\" srcset=\"https:\/\/i0.wp.com\/stethoscope24.com\/estetoscopio-littmann\/wp-content\/uploads\/2020\/08\/Littmann_6241.jpg?w=800&amp;ssl=1 800w, https:\/\/i0.wp.com\/stethoscope24.com\/estetoscopio-littmann\/wp-content\/uploads\/2020\/08\/Littmann_6241.jpg?resize=300%2C300&amp;ssl=1 300w, https:\/\/i0.wp.com\/stethoscope24.com\/estetoscopio-littmann\/wp-content\/uploads\/2020\/08\/Littmann_6241.jpg?resize=150%2C150&amp;ssl=1 150w, https:\/\/i0.wp.com\/stethoscope24.com\/estetoscopio-littmann\/wp-content\/uploads\/2020\/08\/Littmann_6241.jpg?resize=768%2C768&amp;ssl=1 768w, https:\/\/i0.wp.com\/stethoscope24.com\/estetoscopio-littmann\/wp-content\/uploads\/2020\/08\/Littmann_6241.jpg?resize=650%2C650&amp;ssl=1 650w\" sizes=\"(max-width: 300px) 100vw, 300px\" \/><\/div>\n\t\t\t\t\t<div class=\"wc-block-grid__product-title\">Estetoscopio Littmann Cardiology IV Frambuesa \/ Arco\u00edris \/ V\u00e1stago Ahumado<\/div>\n\t\t\t\t<\/a>\n\t\t\t\t<div class=\"wc-block-grid__product-price price\"><span class=\"woocs_price_code\" data-product-id=\"21637\"><span class=\"woocommerce-Price-amount amount\"><span class=\"woocommerce-Price-currencySymbol\">&#036;<\/span>&nbsp;6,590<\/span><\/span><p class=\"stock in-stock s_in_stock_color woo-custom-stock-status\">Solo quedan 22 art\u00edculos.<\/p><\/div>\n\t\t\t\t<div class=\"wc-block-grid__product-rating\"><div class=\"star-rating\"><span style=\"width:100%\">Valorado <strong class=\"rating\">5.00<\/strong> sobre 5 basado en <span class=\"rating\">2<\/span> puntuaciones de clientes<\/span><\/div><\/div>\n\t\t\t\t\n\t\t\t<\/li><li class=\"wc-block-grid__product\">\n\t\t\t\t<a href=\"https:\/\/stethoscope24.com\/estetoscopio-littmann\/product\/estetoscopio-littmann-cardiology-iv-negro-arcoiris-vastago-ahumado\/\" class=\"wc-block-grid__product-link\">\n\t\t\t\t\t\n\t\t\t\t\t<div class=\"wc-block-grid__product-image\"><img loading=\"lazy\" decoding=\"async\" width=\"300\" height=\"300\" src=\"https:\/\/i0.wp.com\/stethoscope24.com\/estetoscopio-littmann\/wp-content\/uploads\/2020\/08\/Littmann_6240.jpg?fit=300%2C300&amp;ssl=1\" class=\"attachment-woocommerce_thumbnail size-woocommerce_thumbnail\" alt=\"Littmann Stethoscope Cardiology IV Black \/ Rainbow \/ Smoke Stem 6240\" srcset=\"https:\/\/i0.wp.com\/stethoscope24.com\/estetoscopio-littmann\/wp-content\/uploads\/2020\/08\/Littmann_6240.jpg?w=800&amp;ssl=1 800w, https:\/\/i0.wp.com\/stethoscope24.com\/estetoscopio-littmann\/wp-content\/uploads\/2020\/08\/Littmann_6240.jpg?resize=300%2C300&amp;ssl=1 300w, https:\/\/i0.wp.com\/stethoscope24.com\/estetoscopio-littmann\/wp-content\/uploads\/2020\/08\/Littmann_6240.jpg?resize=150%2C150&amp;ssl=1 150w, https:\/\/i0.wp.com\/stethoscope24.com\/estetoscopio-littmann\/wp-content\/uploads\/2020\/08\/Littmann_6240.jpg?resize=768%2C768&amp;ssl=1 768w, https:\/\/i0.wp.com\/stethoscope24.com\/estetoscopio-littmann\/wp-content\/uploads\/2020\/08\/Littmann_6240.jpg?resize=650%2C650&amp;ssl=1 650w\" sizes=\"(max-width: 300px) 100vw, 300px\" \/><\/div>\n\t\t\t\t\t<div class=\"wc-block-grid__product-title\">Estetoscopio Littmann Cardiology IV Negro \/ Arco\u00edris \/ V\u00e1stago Ahumado<\/div>\n\t\t\t\t<\/a>\n\t\t\t\t<div class=\"wc-block-grid__product-price price\"><span class=\"woocs_price_code\" data-product-id=\"21636\"><span class=\"woocommerce-Price-amount amount\"><span class=\"woocommerce-Price-currencySymbol\">&#036;<\/span>&nbsp;6,590<\/span><\/span><p class=\"stock in-stock s_in_stock_color woo-custom-stock-status\">Solo quedan 3 art\u00edculos.<\/p><\/div>\n\t\t\t\t<div class=\"wc-block-grid__product-rating\"><div class=\"star-rating\"><span style=\"width:100%\">Valorado <strong class=\"rating\">5.00<\/strong> sobre 5 basado en <span class=\"rating\">2<\/span> puntuaciones de clientes<\/span><\/div><\/div>\n\t\t\t\t\n\t\t\t<\/li><li class=\"wc-block-grid__product\">\n\t\t\t\t<a href=\"https:\/\/stethoscope24.com\/estetoscopio-littmann\/product\/estetoscopio-littmann-cardiology-iv-gris-acabado-ahumado-vastago-ahumado\/\" class=\"wc-block-grid__product-link\">\n\t\t\t\t\t\n\t\t\t\t\t<div class=\"wc-block-grid__product-image\"><img loading=\"lazy\" decoding=\"async\" width=\"300\" height=\"300\" src=\"https:\/\/i0.wp.com\/stethoscope24.com\/estetoscopio-littmann\/wp-content\/uploads\/2020\/08\/Littmann_6238.jpg?fit=300%2C300&amp;ssl=1\" class=\"attachment-woocommerce_thumbnail size-woocommerce_thumbnail\" alt=\"Estetoscopio Littmann Cardiology IV Gris \/ Acabado Ahumado\/ V\u00e1stago Ahumado 6238\" srcset=\"https:\/\/i0.wp.com\/stethoscope24.com\/estetoscopio-littmann\/wp-content\/uploads\/2020\/08\/Littmann_6238.jpg?w=800&amp;ssl=1 800w, https:\/\/i0.wp.com\/stethoscope24.com\/estetoscopio-littmann\/wp-content\/uploads\/2020\/08\/Littmann_6238.jpg?resize=300%2C300&amp;ssl=1 300w, https:\/\/i0.wp.com\/stethoscope24.com\/estetoscopio-littmann\/wp-content\/uploads\/2020\/08\/Littmann_6238.jpg?resize=150%2C150&amp;ssl=1 150w, https:\/\/i0.wp.com\/stethoscope24.com\/estetoscopio-littmann\/wp-content\/uploads\/2020\/08\/Littmann_6238.jpg?resize=768%2C768&amp;ssl=1 768w, https:\/\/i0.wp.com\/stethoscope24.com\/estetoscopio-littmann\/wp-content\/uploads\/2020\/08\/Littmann_6238.jpg?resize=650%2C650&amp;ssl=1 650w\" sizes=\"(max-width: 300px) 100vw, 300px\" \/><\/div>\n\t\t\t\t\t<div class=\"wc-block-grid__product-title\">Estetoscopio Littmann Cardiology IV Gris \/ Acabado Ahumado\/ V\u00e1stago Ahumado<\/div>\n\t\t\t\t<\/a>\n\t\t\t\t<div class=\"wc-block-grid__product-price price\"><span class=\"woocs_price_code\" data-product-id=\"21635\"><span class=\"woocommerce-Price-amount amount\"><span class=\"woocommerce-Price-currencySymbol\">&#036;<\/span>&nbsp;6,590<\/span><\/span><p class=\"stock in-stock s_in_stock_color woo-custom-stock-status\">Solo quedan 2 art\u00edculos.<\/p><\/div>\n\t\t\t\t<div class=\"wc-block-grid__product-rating\"><div class=\"star-rating\"><span style=\"width:100%\">Valorado <strong class=\"rating\">5.00<\/strong> sobre 5 basado en <span class=\"rating\">3<\/span> puntuaciones de clientes<\/span><\/div><\/div>\n\t\t\t\t\n\t\t\t<\/li><\/ul><\/div>","protected":false},"excerpt":{"rendered":"<p>Pague de manera segura con tarjetas de cr\u00e9dito en nuestro sitio. Cuando usted paga en nuestro sitio con tarjeta de cr\u00e9dito, paga directamente en nuestra cuenta de Stripe. Stripe ha sido auditado por un auditor certificado por PCI y est\u00e1 certificado seg\u00fan como proveedor de servicios de PCI de nivel 1. Este es el nivel [&hellip;]<\/p>\n","protected":false},"author":1,"featured_media":0,"parent":0,"menu_order":0,"comment_status":"closed","ping_status":"closed","template":"","meta":{"footnotes":""},"class_list":["post-22745","page","type-page","status-publish","hentry"],"yoast_head":"<!-- This site is optimized with the Yoast SEO plugin v27.5 - https:\/\/yoast.com\/product\/yoast-seo-wordpress\/ -->\n<title>Tarjetas de Cr\u00e9dito - Estetoscopio Littmann<\/title>\n<meta name=\"description\" content=\"Compre su nuevo estetoscopio de forma segura con tarjeta de cr\u00e9dito\" \/>\n<meta name=\"robots\" content=\"index, follow, max-snippet:-1, max-image-preview:large, max-video-preview:-1\" \/>\n<link rel=\"canonical\" href=\"https:\/\/stethoscope24.com\/estetoscopio-littmann\/tarjetas-de-credito\/\" \/>\n<meta property=\"og:locale\" content=\"es_MX\" \/>\n<meta property=\"og:type\" content=\"article\" \/>\n<meta property=\"og:title\" content=\"Tarjetas de Cr\u00e9dito - Estetoscopio Littmann\" \/>\n<meta property=\"og:description\" content=\"Compre su nuevo estetoscopio de forma segura con tarjeta de cr\u00e9dito\" \/>\n<meta property=\"og:url\" content=\"https:\/\/stethoscope24.com\/estetoscopio-littmann\/tarjetas-de-credito\/\" \/>\n<meta property=\"og:site_name\" content=\"Estetoscopio Littmann\" \/>\n<meta property=\"article:modified_time\" content=\"2021-05-19T08:35:56+00:00\" \/>\n<meta property=\"og:image\" content=\"https:\/\/estetoscopiolittmann.com\/wp-content\/uploads\/2021\/01\/credit-card-logos.png\" \/>\n<meta name=\"twitter:card\" content=\"summary_large_image\" \/>\n<meta name=\"twitter:label1\" content=\"Tiempo de lectura\" \/>\n\t<meta name=\"twitter:data1\" content=\"1 minuto\" \/>\n<script type=\"application\/ld+json\" class=\"yoast-schema-graph\">{\"@context\":\"https:\\\/\\\/schema.org\",\"@graph\":[{\"@type\":\"WebPage\",\"@id\":\"https:\\\/\\\/stethoscope24.com\\\/estetoscopio-littmann\\\/tarjetas-de-credito\\\/\",\"url\":\"https:\\\/\\\/stethoscope24.com\\\/estetoscopio-littmann\\\/tarjetas-de-credito\\\/\",\"name\":\"Tarjetas de Cr\u00e9dito - Estetoscopio Littmann\",\"isPartOf\":{\"@id\":\"https:\\\/\\\/stethoscope24.com\\\/estetoscopio-littmann\\\/#website\"},\"primaryImageOfPage\":{\"@id\":\"https:\\\/\\\/stethoscope24.com\\\/estetoscopio-littmann\\\/tarjetas-de-credito\\\/#primaryimage\"},\"image\":{\"@id\":\"https:\\\/\\\/stethoscope24.com\\\/estetoscopio-littmann\\\/tarjetas-de-credito\\\/#primaryimage\"},\"thumbnailUrl\":\"https:\\\/\\\/estetoscopiolittmann.com\\\/wp-content\\\/uploads\\\/2021\\\/01\\\/credit-card-logos.png\",\"datePublished\":\"2021-01-25T13:28:37+00:00\",\"dateModified\":\"2021-05-19T08:35:56+00:00\",\"description\":\"Compre su nuevo estetoscopio de forma segura con tarjeta de cr\u00e9dito\",\"breadcrumb\":{\"@id\":\"https:\\\/\\\/stethoscope24.com\\\/estetoscopio-littmann\\\/tarjetas-de-credito\\\/#breadcrumb\"},\"inLanguage\":\"es\",\"potentialAction\":[{\"@type\":\"ReadAction\",\"target\":[\"https:\\\/\\\/stethoscope24.com\\\/estetoscopio-littmann\\\/tarjetas-de-credito\\\/\"]}]},{\"@type\":\"ImageObject\",\"inLanguage\":\"es\",\"@id\":\"https:\\\/\\\/stethoscope24.com\\\/estetoscopio-littmann\\\/tarjetas-de-credito\\\/#primaryimage\",\"url\":\"https:\\\/\\\/estetoscopiolittmann.com\\\/wp-content\\\/uploads\\\/2021\\\/01\\\/credit-card-logos.png\",\"contentUrl\":\"https:\\\/\\\/estetoscopiolittmann.com\\\/wp-content\\\/uploads\\\/2021\\\/01\\\/credit-card-logos.png\"},{\"@type\":\"BreadcrumbList\",\"@id\":\"https:\\\/\\\/stethoscope24.com\\\/estetoscopio-littmann\\\/tarjetas-de-credito\\\/#breadcrumb\",\"itemListElement\":[{\"@type\":\"ListItem\",\"position\":1,\"name\":\"Home\",\"item\":\"https:\\\/\\\/stethoscope24.com\\\/estetoscopio-littmann\\\/\"},{\"@type\":\"ListItem\",\"position\":2,\"name\":\"Tarjetas de Cr\u00e9dito\"}]},{\"@type\":\"WebSite\",\"@id\":\"https:\\\/\\\/stethoscope24.com\\\/estetoscopio-littmann\\\/#website\",\"url\":\"https:\\\/\\\/stethoscope24.com\\\/estetoscopio-littmann\\\/\",\"name\":\"Estetoscopio Littmann\",\"description\":\"Estetoscopio Littmann\",\"publisher\":{\"@id\":\"https:\\\/\\\/stethoscope24.com\\\/estetoscopio-littmann\\\/#organization\"},\"potentialAction\":[{\"@type\":\"SearchAction\",\"target\":{\"@type\":\"EntryPoint\",\"urlTemplate\":\"https:\\\/\\\/stethoscope24.com\\\/estetoscopio-littmann\\\/?s={search_term_string}\"},\"query-input\":{\"@type\":\"PropertyValueSpecification\",\"valueRequired\":true,\"valueName\":\"search_term_string\"}}],\"inLanguage\":\"es\"},{\"@type\":\"Organization\",\"@id\":\"https:\\\/\\\/stethoscope24.com\\\/estetoscopio-littmann\\\/#organization\",\"name\":\"Estetoscopio Littmann\",\"url\":\"https:\\\/\\\/stethoscope24.com\\\/estetoscopio-littmann\\\/\",\"logo\":{\"@type\":\"ImageObject\",\"inLanguage\":\"es\",\"@id\":\"https:\\\/\\\/stethoscope24.com\\\/estetoscopio-littmann\\\/#\\\/schema\\\/logo\\\/image\\\/\",\"url\":\"https:\\\/\\\/i0.wp.com\\\/stethoscope24.com\\\/estetoscopio-littmann\\\/wp-content\\\/uploads\\\/2021\\\/03\\\/logostethoscope24-50.jpg?fit=298%2C50&ssl=1\",\"contentUrl\":\"https:\\\/\\\/i0.wp.com\\\/stethoscope24.com\\\/estetoscopio-littmann\\\/wp-content\\\/uploads\\\/2021\\\/03\\\/logostethoscope24-50.jpg?fit=298%2C50&ssl=1\",\"width\":298,\"height\":50,\"caption\":\"Estetoscopio Littmann\"},\"image\":{\"@id\":\"https:\\\/\\\/stethoscope24.com\\\/estetoscopio-littmann\\\/#\\\/schema\\\/logo\\\/image\\\/\"}}]}<\/script>\n<!-- \/ Yoast SEO plugin. -->","yoast_head_json":{"title":"Tarjetas de Cr\u00e9dito - Estetoscopio Littmann","description":"Compre su nuevo estetoscopio de forma segura con tarjeta de cr\u00e9dito","robots":{"index":"index","follow":"follow","max-snippet":"max-snippet:-1","max-image-preview":"max-image-preview:large","max-video-preview":"max-video-preview:-1"},"canonical":"https:\/\/stethoscope24.com\/estetoscopio-littmann\/tarjetas-de-credito\/","og_locale":"es_MX","og_type":"article","og_title":"Tarjetas de Cr\u00e9dito - Estetoscopio Littmann","og_description":"Compre su nuevo estetoscopio de forma segura con tarjeta de cr\u00e9dito","og_url":"https:\/\/stethoscope24.com\/estetoscopio-littmann\/tarjetas-de-credito\/","og_site_name":"Estetoscopio Littmann","article_modified_time":"2021-05-19T08:35:56+00:00","og_image":[{"url":"https:\/\/estetoscopiolittmann.com\/wp-content\/uploads\/2021\/01\/credit-card-logos.png","type":"","width":"","height":""}],"twitter_card":"summary_large_image","twitter_misc":{"Tiempo de lectura":"1 minuto"},"schema":{"@context":"https:\/\/schema.org","@graph":[{"@type":"WebPage","@id":"https:\/\/stethoscope24.com\/estetoscopio-littmann\/tarjetas-de-credito\/","url":"https:\/\/stethoscope24.com\/estetoscopio-littmann\/tarjetas-de-credito\/","name":"Tarjetas de Cr\u00e9dito - Estetoscopio Littmann","isPartOf":{"@id":"https:\/\/stethoscope24.com\/estetoscopio-littmann\/#website"},"primaryImageOfPage":{"@id":"https:\/\/stethoscope24.com\/estetoscopio-littmann\/tarjetas-de-credito\/#primaryimage"},"image":{"@id":"https:\/\/stethoscope24.com\/estetoscopio-littmann\/tarjetas-de-credito\/#primaryimage"},"thumbnailUrl":"https:\/\/estetoscopiolittmann.com\/wp-content\/uploads\/2021\/01\/credit-card-logos.png","datePublished":"2021-01-25T13:28:37+00:00","dateModified":"2021-05-19T08:35:56+00:00","description":"Compre su nuevo estetoscopio de forma segura con tarjeta de cr\u00e9dito","breadcrumb":{"@id":"https:\/\/stethoscope24.com\/estetoscopio-littmann\/tarjetas-de-credito\/#breadcrumb"},"inLanguage":"es","potentialAction":[{"@type":"ReadAction","target":["https:\/\/stethoscope24.com\/estetoscopio-littmann\/tarjetas-de-credito\/"]}]},{"@type":"ImageObject","inLanguage":"es","@id":"https:\/\/stethoscope24.com\/estetoscopio-littmann\/tarjetas-de-credito\/#primaryimage","url":"https:\/\/estetoscopiolittmann.com\/wp-content\/uploads\/2021\/01\/credit-card-logos.png","contentUrl":"https:\/\/estetoscopiolittmann.com\/wp-content\/uploads\/2021\/01\/credit-card-logos.png"},{"@type":"BreadcrumbList","@id":"https:\/\/stethoscope24.com\/estetoscopio-littmann\/tarjetas-de-credito\/#breadcrumb","itemListElement":[{"@type":"ListItem","position":1,"name":"Home","item":"https:\/\/stethoscope24.com\/estetoscopio-littmann\/"},{"@type":"ListItem","position":2,"name":"Tarjetas de Cr\u00e9dito"}]},{"@type":"WebSite","@id":"https:\/\/stethoscope24.com\/estetoscopio-littmann\/#website","url":"https:\/\/stethoscope24.com\/estetoscopio-littmann\/","name":"Estetoscopio Littmann","description":"Estetoscopio Littmann","publisher":{"@id":"https:\/\/stethoscope24.com\/estetoscopio-littmann\/#organization"},"potentialAction":[{"@type":"SearchAction","target":{"@type":"EntryPoint","urlTemplate":"https:\/\/stethoscope24.com\/estetoscopio-littmann\/?s={search_term_string}"},"query-input":{"@type":"PropertyValueSpecification","valueRequired":true,"valueName":"search_term_string"}}],"inLanguage":"es"},{"@type":"Organization","@id":"https:\/\/stethoscope24.com\/estetoscopio-littmann\/#organization","name":"Estetoscopio Littmann","url":"https:\/\/stethoscope24.com\/estetoscopio-littmann\/","logo":{"@type":"ImageObject","inLanguage":"es","@id":"https:\/\/stethoscope24.com\/estetoscopio-littmann\/#\/schema\/logo\/image\/","url":"https:\/\/i0.wp.com\/stethoscope24.com\/estetoscopio-littmann\/wp-content\/uploads\/2021\/03\/logostethoscope24-50.jpg?fit=298%2C50&ssl=1","contentUrl":"https:\/\/i0.wp.com\/stethoscope24.com\/estetoscopio-littmann\/wp-content\/uploads\/2021\/03\/logostethoscope24-50.jpg?fit=298%2C50&ssl=1","width":298,"height":50,"caption":"Estetoscopio Littmann"},"image":{"@id":"https:\/\/stethoscope24.com\/estetoscopio-littmann\/#\/schema\/logo\/image\/"}}]}},"jetpack_sharing_enabled":true,"_links":{"self":[{"href":"https:\/\/stethoscope24.com\/estetoscopio-littmann\/wp-json\/wp\/v2\/pages\/22745","targetHints":{"allow":["GET"]}}],"collection":[{"href":"https:\/\/stethoscope24.com\/estetoscopio-littmann\/wp-json\/wp\/v2\/pages"}],"about":[{"href":"https:\/\/stethoscope24.com\/estetoscopio-littmann\/wp-json\/wp\/v2\/types\/page"}],"author":[{"embeddable":true,"href":"https:\/\/stethoscope24.com\/estetoscopio-littmann\/wp-json\/wp\/v2\/users\/1"}],"replies":[{"embeddable":true,"href":"https:\/\/stethoscope24.com\/estetoscopio-littmann\/wp-json\/wp\/v2\/comments?post=22745"}],"version-history":[{"count":2,"href":"https:\/\/stethoscope24.com\/estetoscopio-littmann\/wp-json\/wp\/v2\/pages\/22745\/revisions"}],"predecessor-version":[{"id":24174,"href":"https:\/\/stethoscope24.com\/estetoscopio-littmann\/wp-json\/wp\/v2\/pages\/22745\/revisions\/24174"}],"wp:attachment":[{"href":"https:\/\/stethoscope24.com\/estetoscopio-littmann\/wp-json\/wp\/v2\/media?parent=22745"}],"curies":[{"name":"wp","href":"https:\/\/api.w.org\/{rel}","templated":true}]}}