{"id":22751,"date":"2021-01-25T13:37:58","date_gmt":"2021-01-25T13:37:58","guid":{"rendered":"https:\/\/estetoscopiolittmann.com\/?page_id=22751"},"modified":"2021-05-19T08:39:22","modified_gmt":"2021-05-19T08:39:22","slug":"paypal","status":"publish","type":"page","link":"https:\/\/stethoscope24.com\/estetoscopio-littmann\/paypal\/","title":{"rendered":"PayPal"},"content":{"rendered":"\n<figure class=\"wp-block-image size-medium is-resized\"><img data-recalc-dims=\"1\" decoding=\"async\" src=\"https:\/\/i0.wp.com\/estetoscopiolittmann.com\/wp-content\/uploads\/2021\/01\/paypal-784404_1280-300x150.png?w=150&#038;ssl=1\" alt=\"\" class=\"wp-image-22752\"  srcset=\"https:\/\/i0.wp.com\/stethoscope24.com\/estetoscopio-littmann\/wp-content\/uploads\/2021\/01\/paypal-784404_1280.png?resize=300%2C150&amp;ssl=1 300w, https:\/\/i0.wp.com\/stethoscope24.com\/estetoscopio-littmann\/wp-content\/uploads\/2021\/01\/paypal-784404_1280.png?resize=150%2C75&amp;ssl=1 150w, https:\/\/i0.wp.com\/stethoscope24.com\/estetoscopio-littmann\/wp-content\/uploads\/2021\/01\/paypal-784404_1280.png?resize=650%2C325&amp;ssl=1 650w, https:\/\/i0.wp.com\/stethoscope24.com\/estetoscopio-littmann\/wp-content\/uploads\/2021\/01\/paypal-784404_1280.png?resize=1024%2C512&amp;ssl=1 1024w, https:\/\/i0.wp.com\/stethoscope24.com\/estetoscopio-littmann\/wp-content\/uploads\/2021\/01\/paypal-784404_1280.png?resize=768%2C384&amp;ssl=1 768w, https:\/\/i0.wp.com\/stethoscope24.com\/estetoscopio-littmann\/wp-content\/uploads\/2021\/01\/paypal-784404_1280.png?w=1280&amp;ssl=1 1280w\" sizes=\"(max-width: 300px) 100vw, 300px\" \/><\/figure>\n\n\n\n<h1 class=\"wp-block-heading\">\u00bfPaypal es seguro?<\/h1>\n\n\n\n<p>S\u00ed, PayPal protege toda su informaci\u00f3n. Cuando env\u00eda un pago mediante PayPal, el destinatario (nosotros) no recibir\u00e1 informaci\u00f3n financiera confidencial como su n\u00famero de tarjeta de cr\u00e9dito o de cuenta bancaria. De esta forma, no tendr\u00e1 que preocuparse por pagarle a personas que no conoce.<br><\/p>\n\n\n\n<p>Adem\u00e1s, cuando paga con PayPal en cualquier sitio web,<a href=\"https:\/\/www.paypal.com\/us\/selfhelp\/article\/what-is-paypal-purchase-protection-faq645\/1\"> la Protecci\u00f3n de Compra de PayPal<\/a> lo cubre en caso de tener un problema. Si un art\u00edculo no llega o si de manera significativa no es como se describe, PayPal lo ayudar\u00e1 a obtener un reembolso completo.<\/p>\n\n\n\n<p><a href=\"https:\/\/www.paypal.com\/us\/smarthelp\/topic\/PAYPAL_BASICS\">https:\/\/www.paypal.com\/us\/smarthelp\/topic\/PAYPAL_BASICS<\/a><\/p>\n\n\n\n<h3 class=\"wp-block-heading\">Compre su nuevo estetoscopio de forma segura con PayPal<\/h3>\n\n\n\n<h3 class=\"wp-block-heading\">Algunos estetoscopios para elegir:<\/h3>\n\n\n","protected":false},"excerpt":{"rendered":"<p>\u00bfPaypal es seguro? S\u00ed, PayPal protege toda su informaci\u00f3n. Cuando env\u00eda un pago mediante PayPal, el destinatario (nosotros) no recibir\u00e1 informaci\u00f3n financiera confidencial como su n\u00famero de tarjeta de cr\u00e9dito o de cuenta bancaria. De esta forma, no tendr\u00e1 que preocuparse por pagarle a personas que no conoce. Adem\u00e1s, cuando paga con PayPal en cualquier [&hellip;]<\/p>\n","protected":false},"author":1,"featured_media":22752,"parent":0,"menu_order":0,"comment_status":"closed","ping_status":"closed","template":"","meta":{"footnotes":""},"class_list":["post-22751","page","type-page","status-publish","has-post-thumbnail","hentry"],"yoast_head":"<!-- This site is optimized with the Yoast SEO plugin v27.4 - https:\/\/yoast.com\/product\/yoast-seo-wordpress\/ -->\n<title>PayPal - Estetoscopio Littmann<\/title>\n<meta name=\"robots\" content=\"index, follow, max-snippet:-1, max-image-preview:large, max-video-preview:-1\" \/>\n<link rel=\"canonical\" href=\"https:\/\/stethoscope24.com\/estetoscopio-littmann\/paypal\/\" \/>\n<meta property=\"og:locale\" content=\"es_MX\" \/>\n<meta property=\"og:type\" content=\"article\" \/>\n<meta property=\"og:title\" content=\"PayPal - Estetoscopio Littmann\" \/>\n<meta property=\"og:description\" content=\"\u00bfPaypal es seguro? S\u00ed, PayPal protege toda su informaci\u00f3n. Cuando env\u00eda un pago mediante PayPal, el destinatario (nosotros) no recibir\u00e1 informaci\u00f3n financiera confidencial como su n\u00famero de tarjeta de cr\u00e9dito o de cuenta bancaria. De esta forma, no tendr\u00e1 que preocuparse por pagarle a personas que no conoce. Adem\u00e1s, cuando paga con PayPal en cualquier [&hellip;]\" \/>\n<meta property=\"og:url\" content=\"https:\/\/stethoscope24.com\/estetoscopio-littmann\/paypal\/\" \/>\n<meta property=\"og:site_name\" content=\"Estetoscopio Littmann\" \/>\n<meta property=\"article:modified_time\" content=\"2021-05-19T08:39:22+00:00\" \/>\n<meta property=\"og:image\" content=\"https:\/\/i1.wp.com\/stethoscope24.com\/estetoscopio-littmann\/wp-content\/uploads\/2021\/01\/paypal-784404_1280.png?fit=1280%2C640&ssl=1\" \/>\n\t<meta property=\"og:image:width\" content=\"1280\" \/>\n\t<meta property=\"og:image:height\" content=\"640\" \/>\n\t<meta property=\"og:image:type\" content=\"image\/png\" \/>\n<meta name=\"twitter:card\" content=\"summary_large_image\" \/>\n<meta name=\"twitter:label1\" content=\"Tiempo de lectura\" \/>\n\t<meta name=\"twitter:data1\" content=\"1 minuto\" \/>\n<script type=\"application\/ld+json\" class=\"yoast-schema-graph\">{\"@context\":\"https:\\\/\\\/schema.org\",\"@graph\":[{\"@type\":\"WebPage\",\"@id\":\"https:\\\/\\\/stethoscope24.com\\\/estetoscopio-littmann\\\/paypal\\\/\",\"url\":\"https:\\\/\\\/stethoscope24.com\\\/estetoscopio-littmann\\\/paypal\\\/\",\"name\":\"PayPal - Estetoscopio Littmann\",\"isPartOf\":{\"@id\":\"https:\\\/\\\/stethoscope24.com\\\/estetoscopio-littmann\\\/#website\"},\"primaryImageOfPage\":{\"@id\":\"https:\\\/\\\/stethoscope24.com\\\/estetoscopio-littmann\\\/paypal\\\/#primaryimage\"},\"image\":{\"@id\":\"https:\\\/\\\/stethoscope24.com\\\/estetoscopio-littmann\\\/paypal\\\/#primaryimage\"},\"thumbnailUrl\":\"https:\\\/\\\/i0.wp.com\\\/stethoscope24.com\\\/estetoscopio-littmann\\\/wp-content\\\/uploads\\\/2021\\\/01\\\/paypal-784404_1280.png?fit=1280%2C640&ssl=1\",\"datePublished\":\"2021-01-25T13:37:58+00:00\",\"dateModified\":\"2021-05-19T08:39:22+00:00\",\"breadcrumb\":{\"@id\":\"https:\\\/\\\/stethoscope24.com\\\/estetoscopio-littmann\\\/paypal\\\/#breadcrumb\"},\"inLanguage\":\"es\",\"potentialAction\":[{\"@type\":\"ReadAction\",\"target\":[\"https:\\\/\\\/stethoscope24.com\\\/estetoscopio-littmann\\\/paypal\\\/\"]}]},{\"@type\":\"ImageObject\",\"inLanguage\":\"es\",\"@id\":\"https:\\\/\\\/stethoscope24.com\\\/estetoscopio-littmann\\\/paypal\\\/#primaryimage\",\"url\":\"https:\\\/\\\/i0.wp.com\\\/stethoscope24.com\\\/estetoscopio-littmann\\\/wp-content\\\/uploads\\\/2021\\\/01\\\/paypal-784404_1280.png?fit=1280%2C640&ssl=1\",\"contentUrl\":\"https:\\\/\\\/i0.wp.com\\\/stethoscope24.com\\\/estetoscopio-littmann\\\/wp-content\\\/uploads\\\/2021\\\/01\\\/paypal-784404_1280.png?fit=1280%2C640&ssl=1\",\"width\":1280,\"height\":640},{\"@type\":\"BreadcrumbList\",\"@id\":\"https:\\\/\\\/stethoscope24.com\\\/estetoscopio-littmann\\\/paypal\\\/#breadcrumb\",\"itemListElement\":[{\"@type\":\"ListItem\",\"position\":1,\"name\":\"Home\",\"item\":\"https:\\\/\\\/stethoscope24.com\\\/estetoscopio-littmann\\\/\"},{\"@type\":\"ListItem\",\"position\":2,\"name\":\"PayPal\"}]},{\"@type\":\"WebSite\",\"@id\":\"https:\\\/\\\/stethoscope24.com\\\/estetoscopio-littmann\\\/#website\",\"url\":\"https:\\\/\\\/stethoscope24.com\\\/estetoscopio-littmann\\\/\",\"name\":\"Estetoscopio Littmann\",\"description\":\"Estetoscopio Littmann\",\"publisher\":{\"@id\":\"https:\\\/\\\/stethoscope24.com\\\/estetoscopio-littmann\\\/#organization\"},\"potentialAction\":[{\"@type\":\"SearchAction\",\"target\":{\"@type\":\"EntryPoint\",\"urlTemplate\":\"https:\\\/\\\/stethoscope24.com\\\/estetoscopio-littmann\\\/?s={search_term_string}\"},\"query-input\":{\"@type\":\"PropertyValueSpecification\",\"valueRequired\":true,\"valueName\":\"search_term_string\"}}],\"inLanguage\":\"es\"},{\"@type\":\"Organization\",\"@id\":\"https:\\\/\\\/stethoscope24.com\\\/estetoscopio-littmann\\\/#organization\",\"name\":\"Estetoscopio Littmann\",\"url\":\"https:\\\/\\\/stethoscope24.com\\\/estetoscopio-littmann\\\/\",\"logo\":{\"@type\":\"ImageObject\",\"inLanguage\":\"es\",\"@id\":\"https:\\\/\\\/stethoscope24.com\\\/estetoscopio-littmann\\\/#\\\/schema\\\/logo\\\/image\\\/\",\"url\":\"https:\\\/\\\/i0.wp.com\\\/stethoscope24.com\\\/estetoscopio-littmann\\\/wp-content\\\/uploads\\\/2021\\\/03\\\/logostethoscope24-50.jpg?fit=298%2C50&ssl=1\",\"contentUrl\":\"https:\\\/\\\/i0.wp.com\\\/stethoscope24.com\\\/estetoscopio-littmann\\\/wp-content\\\/uploads\\\/2021\\\/03\\\/logostethoscope24-50.jpg?fit=298%2C50&ssl=1\",\"width\":298,\"height\":50,\"caption\":\"Estetoscopio Littmann\"},\"image\":{\"@id\":\"https:\\\/\\\/stethoscope24.com\\\/estetoscopio-littmann\\\/#\\\/schema\\\/logo\\\/image\\\/\"}}]}<\/script>\n<!-- \/ Yoast SEO plugin. -->","yoast_head_json":{"title":"PayPal - Estetoscopio Littmann","robots":{"index":"index","follow":"follow","max-snippet":"max-snippet:-1","max-image-preview":"max-image-preview:large","max-video-preview":"max-video-preview:-1"},"canonical":"https:\/\/stethoscope24.com\/estetoscopio-littmann\/paypal\/","og_locale":"es_MX","og_type":"article","og_title":"PayPal - Estetoscopio Littmann","og_description":"\u00bfPaypal es seguro? S\u00ed, PayPal protege toda su informaci\u00f3n. Cuando env\u00eda un pago mediante PayPal, el destinatario (nosotros) no recibir\u00e1 informaci\u00f3n financiera confidencial como su n\u00famero de tarjeta de cr\u00e9dito o de cuenta bancaria. De esta forma, no tendr\u00e1 que preocuparse por pagarle a personas que no conoce. Adem\u00e1s, cuando paga con PayPal en cualquier [&hellip;]","og_url":"https:\/\/stethoscope24.com\/estetoscopio-littmann\/paypal\/","og_site_name":"Estetoscopio Littmann","article_modified_time":"2021-05-19T08:39:22+00:00","og_image":[{"width":1280,"height":640,"url":"https:\/\/i1.wp.com\/stethoscope24.com\/estetoscopio-littmann\/wp-content\/uploads\/2021\/01\/paypal-784404_1280.png?fit=1280%2C640&ssl=1","type":"image\/png"}],"twitter_card":"summary_large_image","twitter_misc":{"Tiempo de lectura":"1 minuto"},"schema":{"@context":"https:\/\/schema.org","@graph":[{"@type":"WebPage","@id":"https:\/\/stethoscope24.com\/estetoscopio-littmann\/paypal\/","url":"https:\/\/stethoscope24.com\/estetoscopio-littmann\/paypal\/","name":"PayPal - Estetoscopio Littmann","isPartOf":{"@id":"https:\/\/stethoscope24.com\/estetoscopio-littmann\/#website"},"primaryImageOfPage":{"@id":"https:\/\/stethoscope24.com\/estetoscopio-littmann\/paypal\/#primaryimage"},"image":{"@id":"https:\/\/stethoscope24.com\/estetoscopio-littmann\/paypal\/#primaryimage"},"thumbnailUrl":"https:\/\/i0.wp.com\/stethoscope24.com\/estetoscopio-littmann\/wp-content\/uploads\/2021\/01\/paypal-784404_1280.png?fit=1280%2C640&ssl=1","datePublished":"2021-01-25T13:37:58+00:00","dateModified":"2021-05-19T08:39:22+00:00","breadcrumb":{"@id":"https:\/\/stethoscope24.com\/estetoscopio-littmann\/paypal\/#breadcrumb"},"inLanguage":"es","potentialAction":[{"@type":"ReadAction","target":["https:\/\/stethoscope24.com\/estetoscopio-littmann\/paypal\/"]}]},{"@type":"ImageObject","inLanguage":"es","@id":"https:\/\/stethoscope24.com\/estetoscopio-littmann\/paypal\/#primaryimage","url":"https:\/\/i0.wp.com\/stethoscope24.com\/estetoscopio-littmann\/wp-content\/uploads\/2021\/01\/paypal-784404_1280.png?fit=1280%2C640&ssl=1","contentUrl":"https:\/\/i0.wp.com\/stethoscope24.com\/estetoscopio-littmann\/wp-content\/uploads\/2021\/01\/paypal-784404_1280.png?fit=1280%2C640&ssl=1","width":1280,"height":640},{"@type":"BreadcrumbList","@id":"https:\/\/stethoscope24.com\/estetoscopio-littmann\/paypal\/#breadcrumb","itemListElement":[{"@type":"ListItem","position":1,"name":"Home","item":"https:\/\/stethoscope24.com\/estetoscopio-littmann\/"},{"@type":"ListItem","position":2,"name":"PayPal"}]},{"@type":"WebSite","@id":"https:\/\/stethoscope24.com\/estetoscopio-littmann\/#website","url":"https:\/\/stethoscope24.com\/estetoscopio-littmann\/","name":"Estetoscopio Littmann","description":"Estetoscopio Littmann","publisher":{"@id":"https:\/\/stethoscope24.com\/estetoscopio-littmann\/#organization"},"potentialAction":[{"@type":"SearchAction","target":{"@type":"EntryPoint","urlTemplate":"https:\/\/stethoscope24.com\/estetoscopio-littmann\/?s={search_term_string}"},"query-input":{"@type":"PropertyValueSpecification","valueRequired":true,"valueName":"search_term_string"}}],"inLanguage":"es"},{"@type":"Organization","@id":"https:\/\/stethoscope24.com\/estetoscopio-littmann\/#organization","name":"Estetoscopio Littmann","url":"https:\/\/stethoscope24.com\/estetoscopio-littmann\/","logo":{"@type":"ImageObject","inLanguage":"es","@id":"https:\/\/stethoscope24.com\/estetoscopio-littmann\/#\/schema\/logo\/image\/","url":"https:\/\/i0.wp.com\/stethoscope24.com\/estetoscopio-littmann\/wp-content\/uploads\/2021\/03\/logostethoscope24-50.jpg?fit=298%2C50&ssl=1","contentUrl":"https:\/\/i0.wp.com\/stethoscope24.com\/estetoscopio-littmann\/wp-content\/uploads\/2021\/03\/logostethoscope24-50.jpg?fit=298%2C50&ssl=1","width":298,"height":50,"caption":"Estetoscopio Littmann"},"image":{"@id":"https:\/\/stethoscope24.com\/estetoscopio-littmann\/#\/schema\/logo\/image\/"}}]}},"jetpack_sharing_enabled":true,"_links":{"self":[{"href":"https:\/\/stethoscope24.com\/estetoscopio-littmann\/wp-json\/wp\/v2\/pages\/22751","targetHints":{"allow":["GET"]}}],"collection":[{"href":"https:\/\/stethoscope24.com\/estetoscopio-littmann\/wp-json\/wp\/v2\/pages"}],"about":[{"href":"https:\/\/stethoscope24.com\/estetoscopio-littmann\/wp-json\/wp\/v2\/types\/page"}],"author":[{"embeddable":true,"href":"https:\/\/stethoscope24.com\/estetoscopio-littmann\/wp-json\/wp\/v2\/users\/1"}],"replies":[{"embeddable":true,"href":"https:\/\/stethoscope24.com\/estetoscopio-littmann\/wp-json\/wp\/v2\/comments?post=22751"}],"version-history":[{"count":1,"href":"https:\/\/stethoscope24.com\/estetoscopio-littmann\/wp-json\/wp\/v2\/pages\/22751\/revisions"}],"predecessor-version":[{"id":24176,"href":"https:\/\/stethoscope24.com\/estetoscopio-littmann\/wp-json\/wp\/v2\/pages\/22751\/revisions\/24176"}],"wp:featuredmedia":[{"embeddable":true,"href":"https:\/\/stethoscope24.com\/estetoscopio-littmann\/wp-json\/wp\/v2\/media\/22752"}],"wp:attachment":[{"href":"https:\/\/stethoscope24.com\/estetoscopio-littmann\/wp-json\/wp\/v2\/media?parent=22751"}],"curies":[{"name":"wp","href":"https:\/\/api.w.org\/{rel}","templated":true}]}}