{"id":22800,"date":"2021-01-26T10:16:23","date_gmt":"2021-01-26T10:16:23","guid":{"rendered":"https:\/\/estetoscopiolittmann.com\/?page_id=22800"},"modified":"2021-05-19T09:20:43","modified_gmt":"2021-05-19T09:20:43","slug":"limpieza-y-mantenimiento-del-estetoscopio-littmann","status":"publish","type":"page","link":"https:\/\/stethoscope24.com\/estetoscopio-littmann\/limpieza-y-mantenimiento-del-estetoscopio-littmann\/","title":{"rendered":"Limpieza y Mantenimiento"},"content":{"rendered":"\n<h2 class=\"wp-block-heading\">Mantenga su estetoscopio Littmann de 3M en las mejores condiciones<\/h2>\n\n\n\n<div class=\"wp-block-image\"><figure class=\"aligncenter size-full\"><img data-recalc-dims=\"1\" fetchpriority=\"high\" decoding=\"async\" width=\"1170\" height=\"420\" src=\"https:\/\/i0.wp.com\/estetoscopiolittmann.com\/wp-content\/uploads\/2021\/01\/HowtoCleanALittmannStethoscope.jpg?resize=1170%2C420&#038;ssl=1\" alt=\"\" class=\"wp-image-22809\" srcset=\"https:\/\/i0.wp.com\/stethoscope24.com\/estetoscopio-littmann\/wp-content\/uploads\/2021\/01\/HowtoCleanALittmannStethoscope.jpg?w=1194&amp;ssl=1 1194w, https:\/\/i0.wp.com\/stethoscope24.com\/estetoscopio-littmann\/wp-content\/uploads\/2021\/01\/HowtoCleanALittmannStethoscope.jpg?resize=300%2C108&amp;ssl=1 300w, https:\/\/i0.wp.com\/stethoscope24.com\/estetoscopio-littmann\/wp-content\/uploads\/2021\/01\/HowtoCleanALittmannStethoscope.jpg?resize=150%2C54&amp;ssl=1 150w, https:\/\/i0.wp.com\/stethoscope24.com\/estetoscopio-littmann\/wp-content\/uploads\/2021\/01\/HowtoCleanALittmannStethoscope.jpg?resize=650%2C234&amp;ssl=1 650w, https:\/\/i0.wp.com\/stethoscope24.com\/estetoscopio-littmann\/wp-content\/uploads\/2021\/01\/HowtoCleanALittmannStethoscope.jpg?resize=1024%2C368&amp;ssl=1 1024w, https:\/\/i0.wp.com\/stethoscope24.com\/estetoscopio-littmann\/wp-content\/uploads\/2021\/01\/HowtoCleanALittmannStethoscope.jpg?resize=768%2C276&amp;ssl=1 768w, https:\/\/i0.wp.com\/stethoscope24.com\/estetoscopio-littmann\/wp-content\/uploads\/2021\/01\/HowtoCleanALittmannStethoscope.jpg?resize=64%2C23&amp;ssl=1 64w, https:\/\/i0.wp.com\/stethoscope24.com\/estetoscopio-littmann\/wp-content\/uploads\/2021\/01\/HowtoCleanALittmannStethoscope.jpg?resize=750%2C269&amp;ssl=1 750w, https:\/\/i0.wp.com\/stethoscope24.com\/estetoscopio-littmann\/wp-content\/uploads\/2021\/01\/HowtoCleanALittmannStethoscope.jpg?resize=540%2C194&amp;ssl=1 540w\" sizes=\"(max-width: 1170px) 100vw, 1170px\" \/><\/figure><\/div>\n\n\n\n<h3 class=\"wp-block-heading\">&#8220;\u00bfC\u00f3mo limpio mi estetoscopio?&#8221;<\/h3>\n\n\n\n<p>Esta pregunta nos la hacen frecuentemente y por una buena raz\u00f3n. Los m\u00e9dicos que atienden a los pacientes quieren ayudar a prevenir la propagaci\u00f3n de g\u00e9rmenes.<\/p>\n\n\n\n<p>Para limpiar su estetoscopio 3M Littmann, use una soluci\u00f3n de alcohol isoprop\u00edlico al 70% en un pa\u00f1o o toallita limpiadora como las que vienen previamente empaquetadas, y limpie todas las superficies de contacto con el paciente de su estetoscopio entre cada valoraci\u00f3n. No use desinfectante para manos o toallitas con m\u00faltiples ingredientes, ya que pueden incluir otros agentes que podr\u00edan da\u00f1ar partes del estetoscopio.<\/p>\n\n\n\n<p>La auscultaci\u00f3n juega un papel fundamental en los protocolos de valoraci\u00f3n y tratamiento. Sin embargo, los estetoscopios a menudo corren el riesgo de contaminaci\u00f3n, especialmente cuando se usan en contacto directo con pacientes. Para garantizar su seguridad y la de sus pacientes, limpie siempre su estetoscopio despu\u00e9s de cada diagn\u00f3stico. Siga los pasos a continuaci\u00f3n para aprender a desinfectar correctamente su estetoscopio Littmann de 3M.<\/p>\n\n\n\n<p>Mantenga su estetoscopio alejado del calor, fr\u00edo, solventes y aceites extremos.<br>Los diafragmas sintonizables se pueden quitar de la pieza tor\u00e1cica y sus superficies se pueden limpiar con alcohol o agua jabonosa. Seque bien todas las piezas antes de volver a montarlas.<br>Las olivas se pueden quitar de los tubos auditivos para una limpieza a fondo. Por seguridad, vuelva a colocar las olivas firmemente en los extremos acanalados de los tubos auditivos.<\/p>\n\n\n\n<h2 class=\"wp-block-heading\">Limpieza y descontaminaci\u00f3n del estetoscopio<\/h2>\n\n\n\n<p>Puede limpiar su estetoscopio Littmann de 3M entre un paciente y el siguiente para eliminar cualquier material org\u00e1nico. No se recomienda usar desinfectante de manos para limpiar los estetoscopios debido a los aditivos que pueden da\u00f1ar partes del estetoscopio, como es el caso del tubo flexible.<\/p>\n\n\n\n<p><strong>Las siguientes son las soluciones de limpieza recomendadas para todos los modelos de estetoscopio Littmann de 3M:<\/strong><br> \u2713 Jab\u00f3n suave y agua<br> \u2713 70% de alcohol isoprop\u00edlico <br> \u2713 Soluci\u00f3n de cloro al 2% (puede provocar la decoloraci\u00f3n de los tubos)<\/p>\n\n\n\n<p><strong>No:<\/strong><br> \u2715 Use desinfectante para manos<br> \u2715 Sumerja el estetoscopio en cualquier l\u00edquido<br> \u2715 Someta su estetoscopio a ning\u00fan proceso de esterilizaci\u00f3n<\/p>\n\n\n\n<p class=\"has-background\" style=\"background-color:#f0f2f3\"><strong>Es importante no sumergir el estetoscopio en ning\u00fan l\u00edquido, someterlo a un proceso de esterilizaci\u00f3n, ni exponerlo a calor, fr\u00edo, solventes o aceites extremos, ya que estos podr\u00edan da\u00f1ar el estetoscopio.<\/strong><\/p>\n\n\n\n<h2 class=\"wp-block-heading\">\u00a1Mant\u00e9ngalo limpio!<\/h2>\n\n\n\n<div class=\"wp-block-group\"><div class=\"wp-block-group__inner-container is-layout-flow wp-block-group-is-layout-flow\">\n<p><strong>Consejo importante 1:<\/strong> Nunca enjuague ni sumerja su estetoscopio Littmann de 3M. L\u00edmpielo con un pa\u00f1o con alcohol o con un pa\u00f1o humedecido en una soluci\u00f3n de limpieza adecuada.<\/p>\n<p><strong>Consejo importante 2:<\/strong> Todos los estetoscopios Littmann ahora incluyen un tubo flexible de \u00faltima generaci\u00f3n que conserva su forma y flexibilidad incluso despu\u00e9s de guardarse apretadamente en un bolsillo. Proporciona una vida \u00fatil m\u00e1s prolongada al estetoscopio debido a una mayor resistencia a los aceites de la piel y al alcohol, y es menos probable que se manche. Sin embargo, sigue siendo una buena pr\u00e1ctica llevar el estetoscopio sobre el cuello de una prenda siempre que sea posible.<\/p>\n<p dir=\"ltr\">El tubo flexible de \u00faltima generaci\u00f3n no se fabrica con l\u00e1tex de caucho natural, lo que resulta en beneficio para los profesionales m\u00e9dicos sensibles y sus pacientes. Adem\u00e1s, para desempe\u00f1ar su papel en la protecci\u00f3n de la salud humana y el medio ambiente, el tubo flexible de \u00faltima generaci\u00f3n no contiene plastificantes de ftalato.<\/p>\n<\/div><\/div>\n\n\n\n<figure class=\"wp-block-embed is-type-video is-provider-youtube wp-block-embed-youtube wp-embed-aspect-16-9 wp-has-aspect-ratio\"><div class=\"wp-block-embed__wrapper\">\n<div class=\"video-container\"><iframe title=\"Using and Caring for Your 3M\u2122 Littmann\u00ae Stethoscope\" width=\"1170\" height=\"658\" src=\"https:\/\/www.youtube.com\/embed\/qVf0P6p0G4s?feature=oembed\" frameborder=\"0\" allow=\"accelerometer; autoplay; clipboard-write; encrypted-media; gyroscope; picture-in-picture\" allowfullscreen><\/iframe><\/div>\n<\/div><\/figure>\n","protected":false},"excerpt":{"rendered":"<p>Mantenga su estetoscopio Littmann de 3M en las mejores condiciones &#8220;\u00bfC\u00f3mo limpio mi estetoscopio?&#8221; Esta pregunta nos la hacen frecuentemente y por una buena raz\u00f3n. Los m\u00e9dicos que atienden a los pacientes quieren ayudar a prevenir la propagaci\u00f3n de g\u00e9rmenes. Para limpiar su estetoscopio 3M Littmann, use una soluci\u00f3n de alcohol isoprop\u00edlico al 70% en [&hellip;]<\/p>\n","protected":false},"author":1,"featured_media":0,"parent":0,"menu_order":0,"comment_status":"closed","ping_status":"closed","template":"","meta":{"footnotes":""},"class_list":["post-22800","page","type-page","status-publish","hentry"],"yoast_head":"<!-- This site is optimized with the Yoast SEO plugin v27.5 - https:\/\/yoast.com\/product\/yoast-seo-wordpress\/ -->\n<title>Limpieza y Mantenimiento - Estetoscopio Littmann<\/title>\n<meta name=\"robots\" content=\"index, follow, max-snippet:-1, max-image-preview:large, max-video-preview:-1\" \/>\n<link rel=\"canonical\" href=\"https:\/\/stethoscope24.com\/estetoscopio-littmann\/limpieza-y-mantenimiento-del-estetoscopio-littmann\/\" \/>\n<meta property=\"og:locale\" content=\"es_MX\" \/>\n<meta property=\"og:type\" content=\"article\" \/>\n<meta property=\"og:title\" content=\"Limpieza y Mantenimiento - Estetoscopio Littmann\" \/>\n<meta property=\"og:description\" content=\"Mantenga su estetoscopio Littmann de 3M en las mejores condiciones &#8220;\u00bfC\u00f3mo limpio mi estetoscopio?&#8221; Esta pregunta nos la hacen frecuentemente y por una buena raz\u00f3n. Los m\u00e9dicos que atienden a los pacientes quieren ayudar a prevenir la propagaci\u00f3n de g\u00e9rmenes. Para limpiar su estetoscopio 3M Littmann, use una soluci\u00f3n de alcohol isoprop\u00edlico al 70% en [&hellip;]\" \/>\n<meta property=\"og:url\" content=\"https:\/\/stethoscope24.com\/estetoscopio-littmann\/limpieza-y-mantenimiento-del-estetoscopio-littmann\/\" \/>\n<meta property=\"og:site_name\" content=\"Estetoscopio Littmann\" \/>\n<meta property=\"article:modified_time\" content=\"2021-05-19T09:20:43+00:00\" \/>\n<meta property=\"og:image\" content=\"https:\/\/estetoscopiolittmann.com\/wp-content\/uploads\/2021\/01\/HowtoCleanALittmannStethoscope.jpg\" \/>\n<meta name=\"twitter:card\" content=\"summary_large_image\" \/>\n<meta name=\"twitter:label1\" content=\"Tiempo de lectura\" \/>\n\t<meta name=\"twitter:data1\" content=\"3 minutos\" \/>\n<script type=\"application\/ld+json\" class=\"yoast-schema-graph\">{\"@context\":\"https:\\\/\\\/schema.org\",\"@graph\":[{\"@type\":\"WebPage\",\"@id\":\"https:\\\/\\\/stethoscope24.com\\\/estetoscopio-littmann\\\/limpieza-y-mantenimiento-del-estetoscopio-littmann\\\/\",\"url\":\"https:\\\/\\\/stethoscope24.com\\\/estetoscopio-littmann\\\/limpieza-y-mantenimiento-del-estetoscopio-littmann\\\/\",\"name\":\"Limpieza y Mantenimiento - Estetoscopio Littmann\",\"isPartOf\":{\"@id\":\"https:\\\/\\\/stethoscope24.com\\\/estetoscopio-littmann\\\/#website\"},\"primaryImageOfPage\":{\"@id\":\"https:\\\/\\\/stethoscope24.com\\\/estetoscopio-littmann\\\/limpieza-y-mantenimiento-del-estetoscopio-littmann\\\/#primaryimage\"},\"image\":{\"@id\":\"https:\\\/\\\/stethoscope24.com\\\/estetoscopio-littmann\\\/limpieza-y-mantenimiento-del-estetoscopio-littmann\\\/#primaryimage\"},\"thumbnailUrl\":\"https:\\\/\\\/estetoscopiolittmann.com\\\/wp-content\\\/uploads\\\/2021\\\/01\\\/HowtoCleanALittmannStethoscope.jpg\",\"datePublished\":\"2021-01-26T10:16:23+00:00\",\"dateModified\":\"2021-05-19T09:20:43+00:00\",\"breadcrumb\":{\"@id\":\"https:\\\/\\\/stethoscope24.com\\\/estetoscopio-littmann\\\/limpieza-y-mantenimiento-del-estetoscopio-littmann\\\/#breadcrumb\"},\"inLanguage\":\"es\",\"potentialAction\":[{\"@type\":\"ReadAction\",\"target\":[\"https:\\\/\\\/stethoscope24.com\\\/estetoscopio-littmann\\\/limpieza-y-mantenimiento-del-estetoscopio-littmann\\\/\"]}]},{\"@type\":\"ImageObject\",\"inLanguage\":\"es\",\"@id\":\"https:\\\/\\\/stethoscope24.com\\\/estetoscopio-littmann\\\/limpieza-y-mantenimiento-del-estetoscopio-littmann\\\/#primaryimage\",\"url\":\"https:\\\/\\\/estetoscopiolittmann.com\\\/wp-content\\\/uploads\\\/2021\\\/01\\\/HowtoCleanALittmannStethoscope.jpg\",\"contentUrl\":\"https:\\\/\\\/estetoscopiolittmann.com\\\/wp-content\\\/uploads\\\/2021\\\/01\\\/HowtoCleanALittmannStethoscope.jpg\"},{\"@type\":\"BreadcrumbList\",\"@id\":\"https:\\\/\\\/stethoscope24.com\\\/estetoscopio-littmann\\\/limpieza-y-mantenimiento-del-estetoscopio-littmann\\\/#breadcrumb\",\"itemListElement\":[{\"@type\":\"ListItem\",\"position\":1,\"name\":\"Home\",\"item\":\"https:\\\/\\\/stethoscope24.com\\\/estetoscopio-littmann\\\/\"},{\"@type\":\"ListItem\",\"position\":2,\"name\":\"Limpieza y Mantenimiento\"}]},{\"@type\":\"WebSite\",\"@id\":\"https:\\\/\\\/stethoscope24.com\\\/estetoscopio-littmann\\\/#website\",\"url\":\"https:\\\/\\\/stethoscope24.com\\\/estetoscopio-littmann\\\/\",\"name\":\"Estetoscopio Littmann\",\"description\":\"Estetoscopio Littmann\",\"publisher\":{\"@id\":\"https:\\\/\\\/stethoscope24.com\\\/estetoscopio-littmann\\\/#organization\"},\"potentialAction\":[{\"@type\":\"SearchAction\",\"target\":{\"@type\":\"EntryPoint\",\"urlTemplate\":\"https:\\\/\\\/stethoscope24.com\\\/estetoscopio-littmann\\\/?s={search_term_string}\"},\"query-input\":{\"@type\":\"PropertyValueSpecification\",\"valueRequired\":true,\"valueName\":\"search_term_string\"}}],\"inLanguage\":\"es\"},{\"@type\":\"Organization\",\"@id\":\"https:\\\/\\\/stethoscope24.com\\\/estetoscopio-littmann\\\/#organization\",\"name\":\"Estetoscopio Littmann\",\"url\":\"https:\\\/\\\/stethoscope24.com\\\/estetoscopio-littmann\\\/\",\"logo\":{\"@type\":\"ImageObject\",\"inLanguage\":\"es\",\"@id\":\"https:\\\/\\\/stethoscope24.com\\\/estetoscopio-littmann\\\/#\\\/schema\\\/logo\\\/image\\\/\",\"url\":\"https:\\\/\\\/i0.wp.com\\\/stethoscope24.com\\\/estetoscopio-littmann\\\/wp-content\\\/uploads\\\/2021\\\/03\\\/logostethoscope24-50.jpg?fit=298%2C50&ssl=1\",\"contentUrl\":\"https:\\\/\\\/i0.wp.com\\\/stethoscope24.com\\\/estetoscopio-littmann\\\/wp-content\\\/uploads\\\/2021\\\/03\\\/logostethoscope24-50.jpg?fit=298%2C50&ssl=1\",\"width\":298,\"height\":50,\"caption\":\"Estetoscopio Littmann\"},\"image\":{\"@id\":\"https:\\\/\\\/stethoscope24.com\\\/estetoscopio-littmann\\\/#\\\/schema\\\/logo\\\/image\\\/\"}}]}<\/script>\n<!-- \/ Yoast SEO plugin. -->","yoast_head_json":{"title":"Limpieza y Mantenimiento - Estetoscopio Littmann","robots":{"index":"index","follow":"follow","max-snippet":"max-snippet:-1","max-image-preview":"max-image-preview:large","max-video-preview":"max-video-preview:-1"},"canonical":"https:\/\/stethoscope24.com\/estetoscopio-littmann\/limpieza-y-mantenimiento-del-estetoscopio-littmann\/","og_locale":"es_MX","og_type":"article","og_title":"Limpieza y Mantenimiento - Estetoscopio Littmann","og_description":"Mantenga su estetoscopio Littmann de 3M en las mejores condiciones &#8220;\u00bfC\u00f3mo limpio mi estetoscopio?&#8221; Esta pregunta nos la hacen frecuentemente y por una buena raz\u00f3n. Los m\u00e9dicos que atienden a los pacientes quieren ayudar a prevenir la propagaci\u00f3n de g\u00e9rmenes. Para limpiar su estetoscopio 3M Littmann, use una soluci\u00f3n de alcohol isoprop\u00edlico al 70% en [&hellip;]","og_url":"https:\/\/stethoscope24.com\/estetoscopio-littmann\/limpieza-y-mantenimiento-del-estetoscopio-littmann\/","og_site_name":"Estetoscopio Littmann","article_modified_time":"2021-05-19T09:20:43+00:00","og_image":[{"url":"https:\/\/estetoscopiolittmann.com\/wp-content\/uploads\/2021\/01\/HowtoCleanALittmannStethoscope.jpg","type":"","width":"","height":""}],"twitter_card":"summary_large_image","twitter_misc":{"Tiempo de lectura":"3 minutos"},"schema":{"@context":"https:\/\/schema.org","@graph":[{"@type":"WebPage","@id":"https:\/\/stethoscope24.com\/estetoscopio-littmann\/limpieza-y-mantenimiento-del-estetoscopio-littmann\/","url":"https:\/\/stethoscope24.com\/estetoscopio-littmann\/limpieza-y-mantenimiento-del-estetoscopio-littmann\/","name":"Limpieza y Mantenimiento - Estetoscopio Littmann","isPartOf":{"@id":"https:\/\/stethoscope24.com\/estetoscopio-littmann\/#website"},"primaryImageOfPage":{"@id":"https:\/\/stethoscope24.com\/estetoscopio-littmann\/limpieza-y-mantenimiento-del-estetoscopio-littmann\/#primaryimage"},"image":{"@id":"https:\/\/stethoscope24.com\/estetoscopio-littmann\/limpieza-y-mantenimiento-del-estetoscopio-littmann\/#primaryimage"},"thumbnailUrl":"https:\/\/estetoscopiolittmann.com\/wp-content\/uploads\/2021\/01\/HowtoCleanALittmannStethoscope.jpg","datePublished":"2021-01-26T10:16:23+00:00","dateModified":"2021-05-19T09:20:43+00:00","breadcrumb":{"@id":"https:\/\/stethoscope24.com\/estetoscopio-littmann\/limpieza-y-mantenimiento-del-estetoscopio-littmann\/#breadcrumb"},"inLanguage":"es","potentialAction":[{"@type":"ReadAction","target":["https:\/\/stethoscope24.com\/estetoscopio-littmann\/limpieza-y-mantenimiento-del-estetoscopio-littmann\/"]}]},{"@type":"ImageObject","inLanguage":"es","@id":"https:\/\/stethoscope24.com\/estetoscopio-littmann\/limpieza-y-mantenimiento-del-estetoscopio-littmann\/#primaryimage","url":"https:\/\/estetoscopiolittmann.com\/wp-content\/uploads\/2021\/01\/HowtoCleanALittmannStethoscope.jpg","contentUrl":"https:\/\/estetoscopiolittmann.com\/wp-content\/uploads\/2021\/01\/HowtoCleanALittmannStethoscope.jpg"},{"@type":"BreadcrumbList","@id":"https:\/\/stethoscope24.com\/estetoscopio-littmann\/limpieza-y-mantenimiento-del-estetoscopio-littmann\/#breadcrumb","itemListElement":[{"@type":"ListItem","position":1,"name":"Home","item":"https:\/\/stethoscope24.com\/estetoscopio-littmann\/"},{"@type":"ListItem","position":2,"name":"Limpieza y Mantenimiento"}]},{"@type":"WebSite","@id":"https:\/\/stethoscope24.com\/estetoscopio-littmann\/#website","url":"https:\/\/stethoscope24.com\/estetoscopio-littmann\/","name":"Estetoscopio Littmann","description":"Estetoscopio Littmann","publisher":{"@id":"https:\/\/stethoscope24.com\/estetoscopio-littmann\/#organization"},"potentialAction":[{"@type":"SearchAction","target":{"@type":"EntryPoint","urlTemplate":"https:\/\/stethoscope24.com\/estetoscopio-littmann\/?s={search_term_string}"},"query-input":{"@type":"PropertyValueSpecification","valueRequired":true,"valueName":"search_term_string"}}],"inLanguage":"es"},{"@type":"Organization","@id":"https:\/\/stethoscope24.com\/estetoscopio-littmann\/#organization","name":"Estetoscopio Littmann","url":"https:\/\/stethoscope24.com\/estetoscopio-littmann\/","logo":{"@type":"ImageObject","inLanguage":"es","@id":"https:\/\/stethoscope24.com\/estetoscopio-littmann\/#\/schema\/logo\/image\/","url":"https:\/\/i0.wp.com\/stethoscope24.com\/estetoscopio-littmann\/wp-content\/uploads\/2021\/03\/logostethoscope24-50.jpg?fit=298%2C50&ssl=1","contentUrl":"https:\/\/i0.wp.com\/stethoscope24.com\/estetoscopio-littmann\/wp-content\/uploads\/2021\/03\/logostethoscope24-50.jpg?fit=298%2C50&ssl=1","width":298,"height":50,"caption":"Estetoscopio Littmann"},"image":{"@id":"https:\/\/stethoscope24.com\/estetoscopio-littmann\/#\/schema\/logo\/image\/"}}]}},"jetpack_sharing_enabled":true,"_links":{"self":[{"href":"https:\/\/stethoscope24.com\/estetoscopio-littmann\/wp-json\/wp\/v2\/pages\/22800","targetHints":{"allow":["GET"]}}],"collection":[{"href":"https:\/\/stethoscope24.com\/estetoscopio-littmann\/wp-json\/wp\/v2\/pages"}],"about":[{"href":"https:\/\/stethoscope24.com\/estetoscopio-littmann\/wp-json\/wp\/v2\/types\/page"}],"author":[{"embeddable":true,"href":"https:\/\/stethoscope24.com\/estetoscopio-littmann\/wp-json\/wp\/v2\/users\/1"}],"replies":[{"embeddable":true,"href":"https:\/\/stethoscope24.com\/estetoscopio-littmann\/wp-json\/wp\/v2\/comments?post=22800"}],"version-history":[{"count":1,"href":"https:\/\/stethoscope24.com\/estetoscopio-littmann\/wp-json\/wp\/v2\/pages\/22800\/revisions"}],"predecessor-version":[{"id":24153,"href":"https:\/\/stethoscope24.com\/estetoscopio-littmann\/wp-json\/wp\/v2\/pages\/22800\/revisions\/24153"}],"wp:attachment":[{"href":"https:\/\/stethoscope24.com\/estetoscopio-littmann\/wp-json\/wp\/v2\/media?parent=22800"}],"curies":[{"name":"wp","href":"https:\/\/api.w.org\/{rel}","templated":true}]}}