{"id":24177,"date":"2021-05-19T08:41:04","date_gmt":"2021-05-19T08:41:04","guid":{"rendered":"https:\/\/estetoscopiolittmann.com\/?page_id=24177"},"modified":"2024-03-07T11:10:36","modified_gmt":"2024-03-07T11:10:36","slug":"las-carteras-electronicas","status":"publish","type":"page","link":"https:\/\/stethoscope24.com\/estetoscopio-littmann\/las-carteras-electronicas\/","title":{"rendered":"Las billeteras electr\u00f3nicas"},"content":{"rendered":"\n<p>Las billeteras electr\u00f3nicas, tambi\u00e9n conocidas como e-wallets o monederos electr\u00f3nicos, son herramientas digitales que permiten almacenar y gestionar informaci\u00f3n de pago de forma segura. Estas carteras se han convertido en una alternativa cada vez m\u00e1s popular al dinero en efectivo y las tarjetas de cr\u00e9dito tradicionales, ya que ofrecen una serie de ventajas, como:<\/p>\n\n\n\n<p><strong>Comodidad:<\/strong> Las billeteras electr\u00f3nicas permiten realizar pagos sin necesidad de llevar efectivo o tarjetas de cr\u00e9dito encima.<br><strong>Seguridad:<\/strong> Las billeteras  electr\u00f3nicas utilizan tecnolog\u00eda de encriptaci\u00f3n y otras medidas de seguridad para proteger la informaci\u00f3n de pago.<br><strong>Rapidez:<\/strong> Las billeteras electr\u00f3nicas permiten realizar pagos de forma r\u00e1pida y sencilla, sin necesidad de introducir manualmente la informaci\u00f3n de pago en cada transacci\u00f3n.<br>C\u00f3mo funcionan las billeteras electr\u00f3nicas<\/p>\n\n\n\n<p>Las billeteras electr\u00f3nicas funcionan almacenando la informaci\u00f3n de pago de los usuarios, como n\u00fameros de tarjetas de cr\u00e9dito, d\u00e9bito y prepagas, as\u00ed como datos de contacto y env\u00edo. Esta informaci\u00f3n se encripta y se almacena de forma segura en el dispositivo m\u00f3vil del usuario o en los servidores de la empresa que proporciona la billetera electr\u00f3nica.<\/p>\n\n\n\n<p>Para realizar un pago con una billetera electr\u00f3nica, los usuarios simplemente deben seleccionar la tarjeta de pago que desean utilizar y acercar su dispositivo m\u00f3vil a la terminal de pago. La terminal leer\u00e1 la informaci\u00f3n de pago de la billetera electr\u00f3nica y procesar\u00e1 el pago.<\/p>\n\n\n\n<h2 class=\"wp-block-heading\">Principales billetera electr\u00f3nica<\/h2>\n\n\n\n<p>Existen varias carteras electr\u00f3nicas disponibles en el mercado, pero las dos m\u00e1s populares son Google Pay y Apple Pay.<\/p>\n\n\n\n<h2 class=\"wp-block-heading\">Google Pay<\/h2>\n\n\n\n<figure class=\"wp-block-image size-full\"><a href=\"https:\/\/i0.wp.com\/stethoscope24.com\/estetoscopio-littmann\/wp-content\/uploads\/2023\/11\/gPayLogo.png?ssl=1\"><img data-recalc-dims=\"1\" decoding=\"async\" width=\"119\" height=\"57\" src=\"https:\/\/i0.wp.com\/stethoscope24.com\/estetoscopio-littmann\/wp-content\/uploads\/2023\/11\/gPayLogo.png?resize=119%2C57&#038;ssl=1\" alt=\"\" class=\"wp-image-25375\"\/><\/a><\/figure>\n\n\n\n<p>Google Pay es una billetera electr\u00f3nica desarrollada por Google. Se puede utilizar en dispositivos m\u00f3viles Android y en algunos dispositivos iOS. Google Pay es compatible con una amplia gama de tarjetas de cr\u00e9dito, d\u00e9bito y prepagas, as\u00ed como con algunos bancos y cooperativas de cr\u00e9dito.<\/p>\n\n\n\n<h2 class=\"wp-block-heading\">Apple Pay <\/h2>\n\n\n\n<figure class=\"wp-block-image size-full is-resized\"><a href=\"https:\/\/i0.wp.com\/stethoscope24.com\/estetoscopio-littmann\/wp-content\/uploads\/2023\/11\/applePayLogo.png?ssl=1\"><img data-recalc-dims=\"1\" fetchpriority=\"high\" decoding=\"async\" width=\"351\" height=\"144\" src=\"https:\/\/i0.wp.com\/stethoscope24.com\/estetoscopio-littmann\/wp-content\/uploads\/2023\/11\/applePayLogo.png?resize=351%2C144&#038;ssl=1\" alt=\"\" class=\"wp-image-25376\" style=\"width:117px;height:auto\" srcset=\"https:\/\/i0.wp.com\/stethoscope24.com\/estetoscopio-littmann\/wp-content\/uploads\/2023\/11\/applePayLogo.png?w=351&amp;ssl=1 351w, https:\/\/i0.wp.com\/stethoscope24.com\/estetoscopio-littmann\/wp-content\/uploads\/2023\/11\/applePayLogo.png?resize=300%2C123&amp;ssl=1 300w, https:\/\/i0.wp.com\/stethoscope24.com\/estetoscopio-littmann\/wp-content\/uploads\/2023\/11\/applePayLogo.png?resize=150%2C62&amp;ssl=1 150w\" sizes=\"(max-width: 351px) 100vw, 351px\" \/><\/a><\/figure>\n\n\n\n<p>Apple Pay es una billetera electr\u00f3nica desarrollada por Apple. Se puede utilizar en dispositivos iOS, como iPhones, iPads y Apple Watches. Apple Pay es compatible con una amplia gama de tarjetas de cr\u00e9dito, d\u00e9bito y prepagas, as\u00ed como con algunos bancos y cooperativas de cr\u00e9dito.<\/p>\n\n\n\n<h2 class=\"wp-block-heading\">Beneficios de usar billeteras  electr\u00f3nicas<\/h2>\n\n\n\n<h3 class=\"wp-block-heading\">Las billeteras electr\u00f3nicas ofrecen una serie de beneficios a los usuarios, entre los que se incluyen:<\/h3>\n\n\n\n<p><strong>Comodidad:<\/strong> Las billeteras electr\u00f3nicas permiten realizar pagos sin necesidad de llevar efectivo o tarjetas de cr\u00e9dito encima.<br><strong>Seguridad:<\/strong> Las billeteras electr\u00f3nicas utilizan tecnolog\u00eda de encriptaci\u00f3n y otras medidas de seguridad para proteger la informaci\u00f3n de pago.<br><strong>Rapidez:<\/strong> Las billeteras electr\u00f3nicas permiten realizar pagos de forma r\u00e1pida y sencilla, sin necesidad de introducir manualmente la informaci\u00f3n de pago en cada transacci\u00f3n.<br><strong>Recompensas:<\/strong> Algunas carteras electr\u00f3nicas ofrecen programas de recompensas que permiten a los usuarios acumular puntos o millas con cada pago.<br><strong>Promociones:<\/strong> Algunas carteras electr\u00f3nicas ofrecen promociones exclusivas para sus usuarios.<br><\/p>\n\n\n\n<h2 class=\"wp-block-heading\">\u00bfSon seguras las billeteras electr\u00f3nicas?<\/h2>\n\n\n\n<p>Las billeteras electr\u00f3nicas son seguras si se utilizan de forma adecuada. Las empresas que proporcionan carteras electr\u00f3nicas utilizan tecnolog\u00eda de encriptaci\u00f3n y otras medidas de seguridad para proteger la informaci\u00f3n de pago de los usuarios. Adem\u00e1s, los usuarios pueden tomar medidas adicionales para proteger su informaci\u00f3n, como establecer un c\u00f3digo de acceso para su dispositivo m\u00f3vil y notificar inmediatamente a la empresa que proporciona la billetera electr\u00f3nica en caso de p\u00e9rdida o robo del dispositivo.<\/p>\n","protected":false},"excerpt":{"rendered":"<p>Las billeteras electr\u00f3nicas, tambi\u00e9n conocidas como e-wallets o monederos electr\u00f3nicos, son herramientas digitales que permiten almacenar y gestionar informaci\u00f3n de pago de forma segura. Estas carteras se han convertido en una alternativa cada vez m\u00e1s popular al dinero en efectivo y las tarjetas de cr\u00e9dito tradicionales, ya que ofrecen una serie de ventajas, como: Comodidad: [&hellip;]<\/p>\n","protected":false},"author":1,"featured_media":0,"parent":0,"menu_order":0,"comment_status":"closed","ping_status":"closed","template":"","meta":{"footnotes":""},"class_list":["post-24177","page","type-page","status-publish","hentry"],"yoast_head":"<!-- This site is optimized with the Yoast SEO plugin v27.4 - https:\/\/yoast.com\/product\/yoast-seo-wordpress\/ -->\n<title>Las billeteras electr\u00f3nicas - Estetoscopio Littmann<\/title>\n<meta name=\"description\" content=\"Las carteras electr\u00f3nicas funcionan almacenando la informaci\u00f3n de pago de los usuarios, como n\u00fameros de tarjetas de cr\u00e9dito, d\u00e9bito ...\" \/>\n<meta name=\"robots\" content=\"index, follow, max-snippet:-1, max-image-preview:large, max-video-preview:-1\" \/>\n<link rel=\"canonical\" href=\"https:\/\/stethoscope24.com\/estetoscopio-littmann\/las-carteras-electronicas\/\" \/>\n<meta property=\"og:locale\" content=\"es_MX\" \/>\n<meta property=\"og:type\" content=\"article\" \/>\n<meta property=\"og:title\" content=\"Las billeteras electr\u00f3nicas - Estetoscopio Littmann\" \/>\n<meta property=\"og:description\" content=\"Las carteras electr\u00f3nicas funcionan almacenando la informaci\u00f3n de pago de los usuarios, como n\u00fameros de tarjetas de cr\u00e9dito, d\u00e9bito ...\" \/>\n<meta property=\"og:url\" content=\"https:\/\/stethoscope24.com\/estetoscopio-littmann\/las-carteras-electronicas\/\" \/>\n<meta property=\"og:site_name\" content=\"Estetoscopio Littmann\" \/>\n<meta property=\"article:modified_time\" content=\"2024-03-07T11:10:36+00:00\" \/>\n<meta property=\"og:image\" content=\"https:\/\/stethoscope24.com\/estetoscopio-littmann\/wp-content\/uploads\/2023\/11\/gPayLogo.png\" \/>\n<meta name=\"twitter:card\" content=\"summary_large_image\" \/>\n<meta name=\"twitter:label1\" content=\"Tiempo de lectura\" \/>\n\t<meta name=\"twitter:data1\" content=\"3 minutos\" \/>\n<script type=\"application\/ld+json\" class=\"yoast-schema-graph\">{\"@context\":\"https:\\\/\\\/schema.org\",\"@graph\":[{\"@type\":\"WebPage\",\"@id\":\"https:\\\/\\\/stethoscope24.com\\\/estetoscopio-littmann\\\/las-carteras-electronicas\\\/\",\"url\":\"https:\\\/\\\/stethoscope24.com\\\/estetoscopio-littmann\\\/las-carteras-electronicas\\\/\",\"name\":\"Las billeteras electr\u00f3nicas - Estetoscopio Littmann\",\"isPartOf\":{\"@id\":\"https:\\\/\\\/stethoscope24.com\\\/estetoscopio-littmann\\\/#website\"},\"primaryImageOfPage\":{\"@id\":\"https:\\\/\\\/stethoscope24.com\\\/estetoscopio-littmann\\\/las-carteras-electronicas\\\/#primaryimage\"},\"image\":{\"@id\":\"https:\\\/\\\/stethoscope24.com\\\/estetoscopio-littmann\\\/las-carteras-electronicas\\\/#primaryimage\"},\"thumbnailUrl\":\"https:\\\/\\\/stethoscope24.com\\\/estetoscopio-littmann\\\/wp-content\\\/uploads\\\/2023\\\/11\\\/gPayLogo.png\",\"datePublished\":\"2021-05-19T08:41:04+00:00\",\"dateModified\":\"2024-03-07T11:10:36+00:00\",\"description\":\"Las carteras electr\u00f3nicas funcionan almacenando la informaci\u00f3n de pago de los usuarios, como n\u00fameros de tarjetas de cr\u00e9dito, d\u00e9bito ...\",\"breadcrumb\":{\"@id\":\"https:\\\/\\\/stethoscope24.com\\\/estetoscopio-littmann\\\/las-carteras-electronicas\\\/#breadcrumb\"},\"inLanguage\":\"es\",\"potentialAction\":[{\"@type\":\"ReadAction\",\"target\":[\"https:\\\/\\\/stethoscope24.com\\\/estetoscopio-littmann\\\/las-carteras-electronicas\\\/\"]}]},{\"@type\":\"ImageObject\",\"inLanguage\":\"es\",\"@id\":\"https:\\\/\\\/stethoscope24.com\\\/estetoscopio-littmann\\\/las-carteras-electronicas\\\/#primaryimage\",\"url\":\"https:\\\/\\\/i0.wp.com\\\/stethoscope24.com\\\/estetoscopio-littmann\\\/wp-content\\\/uploads\\\/2023\\\/11\\\/gPayLogo.png?fit=119%2C57&ssl=1\",\"contentUrl\":\"https:\\\/\\\/i0.wp.com\\\/stethoscope24.com\\\/estetoscopio-littmann\\\/wp-content\\\/uploads\\\/2023\\\/11\\\/gPayLogo.png?fit=119%2C57&ssl=1\",\"width\":119,\"height\":57},{\"@type\":\"BreadcrumbList\",\"@id\":\"https:\\\/\\\/stethoscope24.com\\\/estetoscopio-littmann\\\/las-carteras-electronicas\\\/#breadcrumb\",\"itemListElement\":[{\"@type\":\"ListItem\",\"position\":1,\"name\":\"Home\",\"item\":\"https:\\\/\\\/stethoscope24.com\\\/estetoscopio-littmann\\\/\"},{\"@type\":\"ListItem\",\"position\":2,\"name\":\"Las carteras electr\u00f3nicas\"}]},{\"@type\":\"WebSite\",\"@id\":\"https:\\\/\\\/stethoscope24.com\\\/estetoscopio-littmann\\\/#website\",\"url\":\"https:\\\/\\\/stethoscope24.com\\\/estetoscopio-littmann\\\/\",\"name\":\"Estetoscopio Littmann\",\"description\":\"Estetoscopio Littmann\",\"publisher\":{\"@id\":\"https:\\\/\\\/stethoscope24.com\\\/estetoscopio-littmann\\\/#organization\"},\"potentialAction\":[{\"@type\":\"SearchAction\",\"target\":{\"@type\":\"EntryPoint\",\"urlTemplate\":\"https:\\\/\\\/stethoscope24.com\\\/estetoscopio-littmann\\\/?s={search_term_string}\"},\"query-input\":{\"@type\":\"PropertyValueSpecification\",\"valueRequired\":true,\"valueName\":\"search_term_string\"}}],\"inLanguage\":\"es\"},{\"@type\":\"Organization\",\"@id\":\"https:\\\/\\\/stethoscope24.com\\\/estetoscopio-littmann\\\/#organization\",\"name\":\"Estetoscopio Littmann\",\"url\":\"https:\\\/\\\/stethoscope24.com\\\/estetoscopio-littmann\\\/\",\"logo\":{\"@type\":\"ImageObject\",\"inLanguage\":\"es\",\"@id\":\"https:\\\/\\\/stethoscope24.com\\\/estetoscopio-littmann\\\/#\\\/schema\\\/logo\\\/image\\\/\",\"url\":\"https:\\\/\\\/i0.wp.com\\\/stethoscope24.com\\\/estetoscopio-littmann\\\/wp-content\\\/uploads\\\/2021\\\/03\\\/logostethoscope24-50.jpg?fit=298%2C50&ssl=1\",\"contentUrl\":\"https:\\\/\\\/i0.wp.com\\\/stethoscope24.com\\\/estetoscopio-littmann\\\/wp-content\\\/uploads\\\/2021\\\/03\\\/logostethoscope24-50.jpg?fit=298%2C50&ssl=1\",\"width\":298,\"height\":50,\"caption\":\"Estetoscopio Littmann\"},\"image\":{\"@id\":\"https:\\\/\\\/stethoscope24.com\\\/estetoscopio-littmann\\\/#\\\/schema\\\/logo\\\/image\\\/\"}}]}<\/script>\n<!-- \/ Yoast SEO plugin. -->","yoast_head_json":{"title":"Las billeteras electr\u00f3nicas - Estetoscopio Littmann","description":"Las carteras electr\u00f3nicas funcionan almacenando la informaci\u00f3n de pago de los usuarios, como n\u00fameros de tarjetas de cr\u00e9dito, d\u00e9bito ...","robots":{"index":"index","follow":"follow","max-snippet":"max-snippet:-1","max-image-preview":"max-image-preview:large","max-video-preview":"max-video-preview:-1"},"canonical":"https:\/\/stethoscope24.com\/estetoscopio-littmann\/las-carteras-electronicas\/","og_locale":"es_MX","og_type":"article","og_title":"Las billeteras electr\u00f3nicas - Estetoscopio Littmann","og_description":"Las carteras electr\u00f3nicas funcionan almacenando la informaci\u00f3n de pago de los usuarios, como n\u00fameros de tarjetas de cr\u00e9dito, d\u00e9bito ...","og_url":"https:\/\/stethoscope24.com\/estetoscopio-littmann\/las-carteras-electronicas\/","og_site_name":"Estetoscopio Littmann","article_modified_time":"2024-03-07T11:10:36+00:00","og_image":[{"url":"https:\/\/stethoscope24.com\/estetoscopio-littmann\/wp-content\/uploads\/2023\/11\/gPayLogo.png","type":"","width":"","height":""}],"twitter_card":"summary_large_image","twitter_misc":{"Tiempo de lectura":"3 minutos"},"schema":{"@context":"https:\/\/schema.org","@graph":[{"@type":"WebPage","@id":"https:\/\/stethoscope24.com\/estetoscopio-littmann\/las-carteras-electronicas\/","url":"https:\/\/stethoscope24.com\/estetoscopio-littmann\/las-carteras-electronicas\/","name":"Las billeteras electr\u00f3nicas - Estetoscopio Littmann","isPartOf":{"@id":"https:\/\/stethoscope24.com\/estetoscopio-littmann\/#website"},"primaryImageOfPage":{"@id":"https:\/\/stethoscope24.com\/estetoscopio-littmann\/las-carteras-electronicas\/#primaryimage"},"image":{"@id":"https:\/\/stethoscope24.com\/estetoscopio-littmann\/las-carteras-electronicas\/#primaryimage"},"thumbnailUrl":"https:\/\/stethoscope24.com\/estetoscopio-littmann\/wp-content\/uploads\/2023\/11\/gPayLogo.png","datePublished":"2021-05-19T08:41:04+00:00","dateModified":"2024-03-07T11:10:36+00:00","description":"Las carteras electr\u00f3nicas funcionan almacenando la informaci\u00f3n de pago de los usuarios, como n\u00fameros de tarjetas de cr\u00e9dito, d\u00e9bito ...","breadcrumb":{"@id":"https:\/\/stethoscope24.com\/estetoscopio-littmann\/las-carteras-electronicas\/#breadcrumb"},"inLanguage":"es","potentialAction":[{"@type":"ReadAction","target":["https:\/\/stethoscope24.com\/estetoscopio-littmann\/las-carteras-electronicas\/"]}]},{"@type":"ImageObject","inLanguage":"es","@id":"https:\/\/stethoscope24.com\/estetoscopio-littmann\/las-carteras-electronicas\/#primaryimage","url":"https:\/\/i0.wp.com\/stethoscope24.com\/estetoscopio-littmann\/wp-content\/uploads\/2023\/11\/gPayLogo.png?fit=119%2C57&ssl=1","contentUrl":"https:\/\/i0.wp.com\/stethoscope24.com\/estetoscopio-littmann\/wp-content\/uploads\/2023\/11\/gPayLogo.png?fit=119%2C57&ssl=1","width":119,"height":57},{"@type":"BreadcrumbList","@id":"https:\/\/stethoscope24.com\/estetoscopio-littmann\/las-carteras-electronicas\/#breadcrumb","itemListElement":[{"@type":"ListItem","position":1,"name":"Home","item":"https:\/\/stethoscope24.com\/estetoscopio-littmann\/"},{"@type":"ListItem","position":2,"name":"Las carteras electr\u00f3nicas"}]},{"@type":"WebSite","@id":"https:\/\/stethoscope24.com\/estetoscopio-littmann\/#website","url":"https:\/\/stethoscope24.com\/estetoscopio-littmann\/","name":"Estetoscopio Littmann","description":"Estetoscopio Littmann","publisher":{"@id":"https:\/\/stethoscope24.com\/estetoscopio-littmann\/#organization"},"potentialAction":[{"@type":"SearchAction","target":{"@type":"EntryPoint","urlTemplate":"https:\/\/stethoscope24.com\/estetoscopio-littmann\/?s={search_term_string}"},"query-input":{"@type":"PropertyValueSpecification","valueRequired":true,"valueName":"search_term_string"}}],"inLanguage":"es"},{"@type":"Organization","@id":"https:\/\/stethoscope24.com\/estetoscopio-littmann\/#organization","name":"Estetoscopio Littmann","url":"https:\/\/stethoscope24.com\/estetoscopio-littmann\/","logo":{"@type":"ImageObject","inLanguage":"es","@id":"https:\/\/stethoscope24.com\/estetoscopio-littmann\/#\/schema\/logo\/image\/","url":"https:\/\/i0.wp.com\/stethoscope24.com\/estetoscopio-littmann\/wp-content\/uploads\/2021\/03\/logostethoscope24-50.jpg?fit=298%2C50&ssl=1","contentUrl":"https:\/\/i0.wp.com\/stethoscope24.com\/estetoscopio-littmann\/wp-content\/uploads\/2021\/03\/logostethoscope24-50.jpg?fit=298%2C50&ssl=1","width":298,"height":50,"caption":"Estetoscopio Littmann"},"image":{"@id":"https:\/\/stethoscope24.com\/estetoscopio-littmann\/#\/schema\/logo\/image\/"}}]}},"jetpack_sharing_enabled":true,"_links":{"self":[{"href":"https:\/\/stethoscope24.com\/estetoscopio-littmann\/wp-json\/wp\/v2\/pages\/24177","targetHints":{"allow":["GET"]}}],"collection":[{"href":"https:\/\/stethoscope24.com\/estetoscopio-littmann\/wp-json\/wp\/v2\/pages"}],"about":[{"href":"https:\/\/stethoscope24.com\/estetoscopio-littmann\/wp-json\/wp\/v2\/types\/page"}],"author":[{"embeddable":true,"href":"https:\/\/stethoscope24.com\/estetoscopio-littmann\/wp-json\/wp\/v2\/users\/1"}],"replies":[{"embeddable":true,"href":"https:\/\/stethoscope24.com\/estetoscopio-littmann\/wp-json\/wp\/v2\/comments?post=24177"}],"version-history":[{"count":3,"href":"https:\/\/stethoscope24.com\/estetoscopio-littmann\/wp-json\/wp\/v2\/pages\/24177\/revisions"}],"predecessor-version":[{"id":25592,"href":"https:\/\/stethoscope24.com\/estetoscopio-littmann\/wp-json\/wp\/v2\/pages\/24177\/revisions\/25592"}],"wp:attachment":[{"href":"https:\/\/stethoscope24.com\/estetoscopio-littmann\/wp-json\/wp\/v2\/media?parent=24177"}],"curies":[{"name":"wp","href":"https:\/\/api.w.org\/{rel}","templated":true}]}}