{"id":25590,"date":"2024-03-06T21:00:28","date_gmt":"2024-03-06T21:00:28","guid":{"rendered":"https:\/\/stethoscope24.com\/estetoscopio-littmann\/?page_id=25590"},"modified":"2024-03-06T21:00:28","modified_gmt":"2024-03-06T21:00:28","slug":"paga-hasta-en-12-mensualidades","status":"publish","type":"page","link":"https:\/\/stethoscope24.com\/estetoscopio-littmann\/paga-hasta-en-12-mensualidades\/","title":{"rendered":"Paga hasta en 12 mensualidades"},"content":{"rendered":"\n<p>Nosotros siempre pensamos en ti, y queremos que tus compras sean placenteras, es por ello que te ofrecemos varias formas de pago, entre ellas est\u00e1 la tarjeta de cr\u00e9dito y paypal, al elegir estos m\u00e9todos y realizar compras de $ 2,500 pesos o m\u00e1s, podr\u00e1s dividir el pago en mensualidades, las cuales dependen de la suma total a pagar y pueden ser hasta 12. Por ejemplo, comprando un art\u00edculo de $2,500, puedes hacer dos pagos, si el total es de $5,000, entonces podr\u00e1n ser 4 pagos, es una manera din\u00e1mica de dividir las cuotas.<\/p>\n\n\n\n<p>Este proceso es totalmente seguro, ya que las mensualidades se cobran a trav\u00e9s de la tarjeta de cr\u00e9dito o bien por medio de paypal, de cualquier forma se cuenta con un s\u00f3lido respaldo en las transacciones y est\u00e1s en control de tu dinero, ya que sabr\u00e1s cuando es tu pr\u00f3xima mensualidad y podr\u00e1s planearla para no tener ning\u00fan tipo de contratiempo.<\/p>\n\n\n\n<p>De esta forma no tienes que preocuparte por realizar un pago mayor de una sola vez, puedes estar tranquilo sobre la seguridad de tus datos y de tus compras y aprovechar las ventajas de esta conveniente forma de pago din\u00e1mica.<\/p>\n\n\n\n<p>Ya lo sabes, los mejores estetoscopios, a los mejores precios y con los m\u00e9todos de pago m\u00e1s flexibles y sencillos, todo pensando en tu comodidad, ahora s\u00f3lo ded\u00edcate a echarle un vistazo a nuestros productos y elegir aquellos que te hacen latir el coraz\u00f3n.<\/p>\n","protected":false},"excerpt":{"rendered":"<p>Nosotros siempre pensamos en ti, y queremos que tus compras sean placenteras, es por ello que te ofrecemos varias formas de pago, entre ellas est\u00e1 la tarjeta de cr\u00e9dito y paypal, al elegir estos m\u00e9todos y realizar compras de $ 2,500 pesos o m\u00e1s, podr\u00e1s dividir el pago en mensualidades, las cuales dependen de la [&hellip;]<\/p>\n","protected":false},"author":1,"featured_media":0,"parent":0,"menu_order":0,"comment_status":"closed","ping_status":"closed","template":"","meta":{"footnotes":""},"class_list":["post-25590","page","type-page","status-publish","hentry"],"yoast_head":"<!-- This site is optimized with the Yoast SEO plugin v27.5 - https:\/\/yoast.com\/product\/yoast-seo-wordpress\/ -->\n<title>Paga hasta en 12 mensualidades - Estetoscopio Littmann<\/title>\n<meta name=\"robots\" content=\"index, follow, max-snippet:-1, max-image-preview:large, max-video-preview:-1\" \/>\n<link rel=\"canonical\" href=\"https:\/\/stethoscope24.com\/estetoscopio-littmann\/paga-hasta-en-12-mensualidades\/\" \/>\n<meta property=\"og:locale\" content=\"es_MX\" \/>\n<meta property=\"og:type\" content=\"article\" \/>\n<meta property=\"og:title\" content=\"Paga hasta en 12 mensualidades - Estetoscopio Littmann\" \/>\n<meta property=\"og:description\" content=\"Nosotros siempre pensamos en ti, y queremos que tus compras sean placenteras, es por ello que te ofrecemos varias formas de pago, entre ellas est\u00e1 la tarjeta de cr\u00e9dito y paypal, al elegir estos m\u00e9todos y realizar compras de $ 2,500 pesos o m\u00e1s, podr\u00e1s dividir el pago en mensualidades, las cuales dependen de la [&hellip;]\" \/>\n<meta property=\"og:url\" content=\"https:\/\/stethoscope24.com\/estetoscopio-littmann\/paga-hasta-en-12-mensualidades\/\" \/>\n<meta property=\"og:site_name\" content=\"Estetoscopio Littmann\" \/>\n<meta name=\"twitter:card\" content=\"summary_large_image\" \/>\n<meta name=\"twitter:label1\" content=\"Tiempo de lectura\" \/>\n\t<meta name=\"twitter:data1\" content=\"1 minuto\" \/>\n<script type=\"application\/ld+json\" class=\"yoast-schema-graph\">{\"@context\":\"https:\\\/\\\/schema.org\",\"@graph\":[{\"@type\":\"WebPage\",\"@id\":\"https:\\\/\\\/stethoscope24.com\\\/estetoscopio-littmann\\\/paga-hasta-en-12-mensualidades\\\/\",\"url\":\"https:\\\/\\\/stethoscope24.com\\\/estetoscopio-littmann\\\/paga-hasta-en-12-mensualidades\\\/\",\"name\":\"Paga hasta en 12 mensualidades - Estetoscopio Littmann\",\"isPartOf\":{\"@id\":\"https:\\\/\\\/stethoscope24.com\\\/estetoscopio-littmann\\\/#website\"},\"datePublished\":\"2024-03-06T21:00:28+00:00\",\"breadcrumb\":{\"@id\":\"https:\\\/\\\/stethoscope24.com\\\/estetoscopio-littmann\\\/paga-hasta-en-12-mensualidades\\\/#breadcrumb\"},\"inLanguage\":\"es\",\"potentialAction\":[{\"@type\":\"ReadAction\",\"target\":[\"https:\\\/\\\/stethoscope24.com\\\/estetoscopio-littmann\\\/paga-hasta-en-12-mensualidades\\\/\"]}]},{\"@type\":\"BreadcrumbList\",\"@id\":\"https:\\\/\\\/stethoscope24.com\\\/estetoscopio-littmann\\\/paga-hasta-en-12-mensualidades\\\/#breadcrumb\",\"itemListElement\":[{\"@type\":\"ListItem\",\"position\":1,\"name\":\"Home\",\"item\":\"https:\\\/\\\/stethoscope24.com\\\/estetoscopio-littmann\\\/\"},{\"@type\":\"ListItem\",\"position\":2,\"name\":\"Paga hasta en 12 mensualidades\"}]},{\"@type\":\"WebSite\",\"@id\":\"https:\\\/\\\/stethoscope24.com\\\/estetoscopio-littmann\\\/#website\",\"url\":\"https:\\\/\\\/stethoscope24.com\\\/estetoscopio-littmann\\\/\",\"name\":\"Estetoscopio Littmann\",\"description\":\"Estetoscopio Littmann\",\"publisher\":{\"@id\":\"https:\\\/\\\/stethoscope24.com\\\/estetoscopio-littmann\\\/#organization\"},\"potentialAction\":[{\"@type\":\"SearchAction\",\"target\":{\"@type\":\"EntryPoint\",\"urlTemplate\":\"https:\\\/\\\/stethoscope24.com\\\/estetoscopio-littmann\\\/?s={search_term_string}\"},\"query-input\":{\"@type\":\"PropertyValueSpecification\",\"valueRequired\":true,\"valueName\":\"search_term_string\"}}],\"inLanguage\":\"es\"},{\"@type\":\"Organization\",\"@id\":\"https:\\\/\\\/stethoscope24.com\\\/estetoscopio-littmann\\\/#organization\",\"name\":\"Estetoscopio Littmann\",\"url\":\"https:\\\/\\\/stethoscope24.com\\\/estetoscopio-littmann\\\/\",\"logo\":{\"@type\":\"ImageObject\",\"inLanguage\":\"es\",\"@id\":\"https:\\\/\\\/stethoscope24.com\\\/estetoscopio-littmann\\\/#\\\/schema\\\/logo\\\/image\\\/\",\"url\":\"https:\\\/\\\/i0.wp.com\\\/stethoscope24.com\\\/estetoscopio-littmann\\\/wp-content\\\/uploads\\\/2021\\\/03\\\/logostethoscope24-50.jpg?fit=298%2C50&ssl=1\",\"contentUrl\":\"https:\\\/\\\/i0.wp.com\\\/stethoscope24.com\\\/estetoscopio-littmann\\\/wp-content\\\/uploads\\\/2021\\\/03\\\/logostethoscope24-50.jpg?fit=298%2C50&ssl=1\",\"width\":298,\"height\":50,\"caption\":\"Estetoscopio Littmann\"},\"image\":{\"@id\":\"https:\\\/\\\/stethoscope24.com\\\/estetoscopio-littmann\\\/#\\\/schema\\\/logo\\\/image\\\/\"}}]}<\/script>\n<!-- \/ Yoast SEO plugin. -->","yoast_head_json":{"title":"Paga hasta en 12 mensualidades - Estetoscopio Littmann","robots":{"index":"index","follow":"follow","max-snippet":"max-snippet:-1","max-image-preview":"max-image-preview:large","max-video-preview":"max-video-preview:-1"},"canonical":"https:\/\/stethoscope24.com\/estetoscopio-littmann\/paga-hasta-en-12-mensualidades\/","og_locale":"es_MX","og_type":"article","og_title":"Paga hasta en 12 mensualidades - Estetoscopio Littmann","og_description":"Nosotros siempre pensamos en ti, y queremos que tus compras sean placenteras, es por ello que te ofrecemos varias formas de pago, entre ellas est\u00e1 la tarjeta de cr\u00e9dito y paypal, al elegir estos m\u00e9todos y realizar compras de $ 2,500 pesos o m\u00e1s, podr\u00e1s dividir el pago en mensualidades, las cuales dependen de la [&hellip;]","og_url":"https:\/\/stethoscope24.com\/estetoscopio-littmann\/paga-hasta-en-12-mensualidades\/","og_site_name":"Estetoscopio Littmann","twitter_card":"summary_large_image","twitter_misc":{"Tiempo de lectura":"1 minuto"},"schema":{"@context":"https:\/\/schema.org","@graph":[{"@type":"WebPage","@id":"https:\/\/stethoscope24.com\/estetoscopio-littmann\/paga-hasta-en-12-mensualidades\/","url":"https:\/\/stethoscope24.com\/estetoscopio-littmann\/paga-hasta-en-12-mensualidades\/","name":"Paga hasta en 12 mensualidades - Estetoscopio Littmann","isPartOf":{"@id":"https:\/\/stethoscope24.com\/estetoscopio-littmann\/#website"},"datePublished":"2024-03-06T21:00:28+00:00","breadcrumb":{"@id":"https:\/\/stethoscope24.com\/estetoscopio-littmann\/paga-hasta-en-12-mensualidades\/#breadcrumb"},"inLanguage":"es","potentialAction":[{"@type":"ReadAction","target":["https:\/\/stethoscope24.com\/estetoscopio-littmann\/paga-hasta-en-12-mensualidades\/"]}]},{"@type":"BreadcrumbList","@id":"https:\/\/stethoscope24.com\/estetoscopio-littmann\/paga-hasta-en-12-mensualidades\/#breadcrumb","itemListElement":[{"@type":"ListItem","position":1,"name":"Home","item":"https:\/\/stethoscope24.com\/estetoscopio-littmann\/"},{"@type":"ListItem","position":2,"name":"Paga hasta en 12 mensualidades"}]},{"@type":"WebSite","@id":"https:\/\/stethoscope24.com\/estetoscopio-littmann\/#website","url":"https:\/\/stethoscope24.com\/estetoscopio-littmann\/","name":"Estetoscopio Littmann","description":"Estetoscopio Littmann","publisher":{"@id":"https:\/\/stethoscope24.com\/estetoscopio-littmann\/#organization"},"potentialAction":[{"@type":"SearchAction","target":{"@type":"EntryPoint","urlTemplate":"https:\/\/stethoscope24.com\/estetoscopio-littmann\/?s={search_term_string}"},"query-input":{"@type":"PropertyValueSpecification","valueRequired":true,"valueName":"search_term_string"}}],"inLanguage":"es"},{"@type":"Organization","@id":"https:\/\/stethoscope24.com\/estetoscopio-littmann\/#organization","name":"Estetoscopio Littmann","url":"https:\/\/stethoscope24.com\/estetoscopio-littmann\/","logo":{"@type":"ImageObject","inLanguage":"es","@id":"https:\/\/stethoscope24.com\/estetoscopio-littmann\/#\/schema\/logo\/image\/","url":"https:\/\/i0.wp.com\/stethoscope24.com\/estetoscopio-littmann\/wp-content\/uploads\/2021\/03\/logostethoscope24-50.jpg?fit=298%2C50&ssl=1","contentUrl":"https:\/\/i0.wp.com\/stethoscope24.com\/estetoscopio-littmann\/wp-content\/uploads\/2021\/03\/logostethoscope24-50.jpg?fit=298%2C50&ssl=1","width":298,"height":50,"caption":"Estetoscopio Littmann"},"image":{"@id":"https:\/\/stethoscope24.com\/estetoscopio-littmann\/#\/schema\/logo\/image\/"}}]}},"jetpack_sharing_enabled":true,"_links":{"self":[{"href":"https:\/\/stethoscope24.com\/estetoscopio-littmann\/wp-json\/wp\/v2\/pages\/25590","targetHints":{"allow":["GET"]}}],"collection":[{"href":"https:\/\/stethoscope24.com\/estetoscopio-littmann\/wp-json\/wp\/v2\/pages"}],"about":[{"href":"https:\/\/stethoscope24.com\/estetoscopio-littmann\/wp-json\/wp\/v2\/types\/page"}],"author":[{"embeddable":true,"href":"https:\/\/stethoscope24.com\/estetoscopio-littmann\/wp-json\/wp\/v2\/users\/1"}],"replies":[{"embeddable":true,"href":"https:\/\/stethoscope24.com\/estetoscopio-littmann\/wp-json\/wp\/v2\/comments?post=25590"}],"version-history":[{"count":1,"href":"https:\/\/stethoscope24.com\/estetoscopio-littmann\/wp-json\/wp\/v2\/pages\/25590\/revisions"}],"predecessor-version":[{"id":25591,"href":"https:\/\/stethoscope24.com\/estetoscopio-littmann\/wp-json\/wp\/v2\/pages\/25590\/revisions\/25591"}],"wp:attachment":[{"href":"https:\/\/stethoscope24.com\/estetoscopio-littmann\/wp-json\/wp\/v2\/media?parent=25590"}],"curies":[{"name":"wp","href":"https:\/\/api.w.org\/{rel}","templated":true}]}}