{"id":21479,"date":"2020-08-27T18:25:54","date_gmt":"2020-08-27T18:25:54","guid":{"rendered":"https:\/\/estetoscopiolittmann.com\/?post_type=product&#038;p=21479"},"modified":"2024-03-08T15:25:07","modified_gmt":"2024-03-08T15:25:07","slug":"estetoscopio-littmann-master-cardiology-negro-edicion-en-negro","status":"publish","type":"product","link":"https:\/\/stethoscope24.com\/estetoscopio-littmann\/product\/estetoscopio-littmann-master-cardiology-negro-edicion-en-negro\/","title":{"rendered":"Estetoscopio Littmann Master Cardiology Negro \/ Edici\u00f3n en Negro"},"content":{"rendered":"<h1>Estetoscopio Littmann Master Cardiology Negro \/ Edici\u00f3n en Negro (27\u201d\/68.5cm)<\/h1>\n<p>Cambie f\u00e1cilmente entre frecuencias bajas y altas con la &#8220;&#8221;Tecnolog\u00eda Sintonizable&#8221;&#8221; de 3M incrementando la presi\u00f3n de ligera a firme.<br \/>\nLa s\u00f3lida pieza tor\u00e1cica de acero inoxidable de una sola c\u00e1psula est\u00e1 hecha a mano y es de la m\u00e1s alta calidad.<br \/>\nIncluye adaptador para procedimientos especiales para auscultaci\u00f3n pedi\u00e1trica, neonatal o de dif\u00edcil acceso.<br \/>\nEvite el robo \/ extrav\u00edo personalizando su estetoscopio con texto y s\u00edmbolos utilizando nuestro servicio de grabado con l\u00e1ser.<br \/>\nEl tubo flexible de doble lumen (dos tubos en uno) elimina el &#8220;&#8221;ruido de roce&#8221;&#8221; y permite una transmisi\u00f3n y un aislamiento del sonido de la m\u00e1s alta calidad.<br \/>\nEl excelente sello ac\u00fastico formado por c\u00f3modas olivas de suave sellado herm\u00e9tico a presi\u00f3n reduce el ruido ambiental.<br \/>\nExprese su estilo personal eligiendo entre la amplia gama de acabados y colores disponibles respectivamente para piezas tor\u00e1cicas y tubos flexibles de Littmann.<br \/>\nSe utiliza como instrumento de diagn\u00f3stico durante las valoraciones f\u00edsicas de los sonidos card\u00edacos, pulmonares e intestinales.<br \/>\nReparaci\u00f3n gratuita de cualquier defecto en la fabricaci\u00f3n o materiales incluida en la garant\u00eda de 7 a\u00f1os.<br \/>\nCalificaci\u00f3n de 10 de 10 en desempe\u00f1o por parte de Littmann.<\/p>\n<p>El estetoscopio 3M Littmann Master Cardiology se caracteriza por poseer la mejor respuesta ac\u00fastica en la l\u00ednea de estetoscopios mec\u00e1nicos Littmann; cuenta con un diafragma sintonizable, tubo de doble lumen y una pieza tor\u00e1cica de acero inoxidable de precisi\u00f3n y dise\u00f1o ergon\u00f3mico.<\/p>\n<p>El estetoscopio 3M Littmann Master Cardiology cuenta con tecnolog\u00eda de diafragma sintonizable, inventada por 3M, que permite a los m\u00e9dicos escuchar diferentes sonidos de frecuencia simplemente ajustando la presi\u00f3n sobre la pieza tor\u00e1cica. A diferencia de los modelos de doble c\u00e1psula, no es necesario voltear y reposicionar la pieza tor\u00e1cica. Sostenga la pieza tor\u00e1cica presionando ligeramente para escuchar sonidos de baja frecuencia; presione un poco m\u00e1s para escuchar sonidos de frecuencia m\u00e1s alta. Esta funcionalidad permite ahorrar tiempo para que el m\u00e9dico se pueda concentrar en el paciente, adem\u00e1s de que el anillo antifr\u00edo le brinda comodidad.<\/p>\n<p>Para su comodidad la tensi\u00f3n de la diadema se ajusta f\u00e1cilmente al tama\u00f1o de la cabeza al juntar o separar los tubos auditivos. Las olivas de sellado herm\u00e9tico suave se adaptan a sus o\u00eddos para obtener un excelente sellado ac\u00fastico y un ajuste c\u00f3modo. Las olivas encajan firmemente en los extremos de los tubos auditivos y, por seguridad, requieren de un esfuerzo significativo para quitarse.<\/p>\n<p>El resistente tubo flexible de \u00faltima generaci\u00f3n conserva su forma y flexibilidad incluso despu\u00e9s de doblarse firmemente en un bolsillo. Adem\u00e1s de proporcionar una mayor durabilidad al estetoscopio por ser m\u00e1s resistente a los aceites de la piel y al alcohol, y es menos probable que se manche. No se utiliza l\u00e1tex de caucho natural en la fabricaci\u00f3n del tubo flexible de los estetoscopios de \u00faltima generaci\u00f3n, lo cual que resulta en beneficio de los profesionales m\u00e9dicos sensibles y sus pacientes. Adem\u00e1s, para contribuir en la protecci\u00f3n de la salud humana y el medio ambiente, el tubo flexible de \u00faltima generaci\u00f3n no contiene plastificantes de ftalato.<\/p>\n<p>El estetoscopio Master Cardiology se fabrica en Estados Unidos para ofrecer una calidad constante. El juego completo incluye olivas grandes y peque\u00f1as, ambas de sellado suave, Adaptador para Procedimientos Especiales e instrucciones.<\/p>\n<p>Haga clic aqu\u00ed para ver una rese\u00f1a de producto sobre <a href=\"https:\/\/stethoscope24.com\/estetoscopio-littmann\/estetoscopio-littmann-master-cardiology-negro-edicion-en-negro\/\">Estetoscopio Littmann Master Cardiology Negro Edici\u00f3n en Negro<\/a><\/p>\n","protected":false},"excerpt":{"rendered":"<ul style=\"list-style-type: disc; list-style-position: outside;\">\n<li>Ac\u00fastica excepcional: la m\u00e1s alta en estetoscopios mec\u00e1nicos Littmann.<\/li>\n<li>Diafragma sintonizable: escuche sonidos de alta o baja frecuencia ajustando ligeramente la presi\u00f3n sobre la pieza tor\u00e1cica.<\/li>\n<li>Tubo flexible de doble lumen: dos rutas de sonido en un tubo eliminan el ruido de roce de los tubos dobles tradicionales.<\/li>\n<li>Para mayor comodidad, la diadema es ajustable para amoldarse a usted. Los extremos en \u00e1ngulo de los tubos auditivos se alinean con los canales auditivos.<\/li>\n<li>Desempe\u00f1o 10<\/li>\n<li>Duraci\u00f3n de la Garant\u00eda 7 A\u00f1os<\/li>\n<li>Model : 7100212889<\/li>\n<\/ul>\n","protected":false},"featured_media":21480,"comment_status":"open","ping_status":"closed","template":"","meta":[],"product_brand":[],"product_cat":[128],"product_tag":[299,472,478,477,473],"class_list":{"0":"post-21479","1":"product","2":"type-product","3":"status-publish","4":"has-post-thumbnail","6":"product_cat-estetoscopio-littmann-master-cardiology","7":"product_tag-estetoscopio-littmann-master-cardiology","8":"product_tag-estetoscopio-littmann-master-cardiology-negro","9":"product_tag-estetoscopio-littmann-master-cardiology-negro-black-edition","10":"product_tag-estetoscopio-littmann-master-cardiology-negro-edicion-en-negro","11":"product_tag-littmann-master-cardiology","12":"pa_acabado-de-la-pechera-acabado-negro","13":"pa_desempeno-199","14":"pa_marca-littmann","16":"first","17":"instock","18":"taxable","19":"shipping-taxable","20":"purchasable","21":"product-type-simple"},"yoast_head":"<!-- This site is optimized with the Yoast SEO plugin v27.4 - https:\/\/yoast.com\/product\/yoast-seo-wordpress\/ -->\n<title>Estetoscopio Littmann Master Cardiology Negro \/ Edici\u00f3n en Negro<\/title>\n<meta name=\"description\" content=\"El Estetoscopio Littmann Master Cardiology black edition se caracteriza por poseer la mejor respuesta ac\u00fastica en la l\u00ednea de estetoscopios mec\u00e1nicos Lit...\" \/>\n<meta name=\"robots\" content=\"index, follow, max-snippet:-1, max-image-preview:large, max-video-preview:-1\" \/>\n<link rel=\"canonical\" href=\"https:\/\/stethoscope24.com\/estetoscopio-littmann\/product\/estetoscopio-littmann-master-cardiology-negro-edicion-en-negro\/\" \/>\n<meta property=\"og:locale\" content=\"es_MX\" \/>\n<meta property=\"og:type\" content=\"article\" \/>\n<meta property=\"og:title\" content=\"Estetoscopio Littmann Master Cardiology Negro \/ Edici\u00f3n en Negro\" \/>\n<meta property=\"og:description\" content=\"El Estetoscopio Littmann Master Cardiology black edition se caracteriza por poseer la mejor respuesta ac\u00fastica en la l\u00ednea de estetoscopios mec\u00e1nicos Lit...\" \/>\n<meta property=\"og:url\" content=\"https:\/\/stethoscope24.com\/estetoscopio-littmann\/product\/estetoscopio-littmann-master-cardiology-negro-edicion-en-negro\/\" \/>\n<meta property=\"og:site_name\" content=\"Estetoscopio Littmann\" \/>\n<meta property=\"article:modified_time\" content=\"2024-03-08T15:25:07+00:00\" \/>\n<meta property=\"og:image\" content=\"https:\/\/stethoscope24.com\/estetoscopio-littmann\/wp-content\/uploads\/2020\/08\/Littmann_2161.jpg\" \/>\n\t<meta property=\"og:image:width\" content=\"400\" \/>\n\t<meta property=\"og:image:height\" content=\"400\" \/>\n\t<meta property=\"og:image:type\" content=\"image\/jpeg\" \/>\n<meta name=\"twitter:card\" content=\"summary_large_image\" \/>\n<meta name=\"twitter:label1\" content=\"Tiempo de lectura\" \/>\n\t<meta name=\"twitter:data1\" content=\"3 minutos\" \/>\n<script type=\"application\/ld+json\" class=\"yoast-schema-graph\">{\"@context\":\"https:\\\/\\\/schema.org\",\"@graph\":[{\"@type\":\"WebPage\",\"@id\":\"https:\\\/\\\/stethoscope24.com\\\/estetoscopio-littmann\\\/product\\\/estetoscopio-littmann-master-cardiology-negro-edicion-en-negro\\\/\",\"url\":\"https:\\\/\\\/stethoscope24.com\\\/estetoscopio-littmann\\\/product\\\/estetoscopio-littmann-master-cardiology-negro-edicion-en-negro\\\/\",\"name\":\"Estetoscopio Littmann Master Cardiology Negro \\\/ Edici\u00f3n en Negro\",\"isPartOf\":{\"@id\":\"https:\\\/\\\/stethoscope24.com\\\/estetoscopio-littmann\\\/#website\"},\"primaryImageOfPage\":{\"@id\":\"https:\\\/\\\/stethoscope24.com\\\/estetoscopio-littmann\\\/product\\\/estetoscopio-littmann-master-cardiology-negro-edicion-en-negro\\\/#primaryimage\"},\"image\":{\"@id\":\"https:\\\/\\\/stethoscope24.com\\\/estetoscopio-littmann\\\/product\\\/estetoscopio-littmann-master-cardiology-negro-edicion-en-negro\\\/#primaryimage\"},\"thumbnailUrl\":\"https:\\\/\\\/i0.wp.com\\\/stethoscope24.com\\\/estetoscopio-littmann\\\/wp-content\\\/uploads\\\/2020\\\/08\\\/Littmann_2161.jpg?fit=400%2C400&ssl=1\",\"datePublished\":\"2020-08-27T18:25:54+00:00\",\"dateModified\":\"2024-03-08T15:25:07+00:00\",\"description\":\"El Estetoscopio Littmann Master Cardiology black edition se caracteriza por poseer la mejor respuesta ac\u00fastica en la l\u00ednea de estetoscopios mec\u00e1nicos Lit...\",\"breadcrumb\":{\"@id\":\"https:\\\/\\\/stethoscope24.com\\\/estetoscopio-littmann\\\/product\\\/estetoscopio-littmann-master-cardiology-negro-edicion-en-negro\\\/#breadcrumb\"},\"inLanguage\":\"es\",\"potentialAction\":[{\"@type\":\"ReadAction\",\"target\":[\"https:\\\/\\\/stethoscope24.com\\\/estetoscopio-littmann\\\/product\\\/estetoscopio-littmann-master-cardiology-negro-edicion-en-negro\\\/\"]}]},{\"@type\":\"ImageObject\",\"inLanguage\":\"es\",\"@id\":\"https:\\\/\\\/stethoscope24.com\\\/estetoscopio-littmann\\\/product\\\/estetoscopio-littmann-master-cardiology-negro-edicion-en-negro\\\/#primaryimage\",\"url\":\"https:\\\/\\\/i0.wp.com\\\/stethoscope24.com\\\/estetoscopio-littmann\\\/wp-content\\\/uploads\\\/2020\\\/08\\\/Littmann_2161.jpg?fit=400%2C400&ssl=1\",\"contentUrl\":\"https:\\\/\\\/i0.wp.com\\\/stethoscope24.com\\\/estetoscopio-littmann\\\/wp-content\\\/uploads\\\/2020\\\/08\\\/Littmann_2161.jpg?fit=400%2C400&ssl=1\",\"width\":400,\"height\":400,\"caption\":\"Estetoscopio Littmann Master Cardiology Negro \\\/ Edici\u00f3n en Negro 2161\"},{\"@type\":\"BreadcrumbList\",\"@id\":\"https:\\\/\\\/stethoscope24.com\\\/estetoscopio-littmann\\\/product\\\/estetoscopio-littmann-master-cardiology-negro-edicion-en-negro\\\/#breadcrumb\",\"itemListElement\":[{\"@type\":\"ListItem\",\"position\":1,\"name\":\"Home\",\"item\":\"https:\\\/\\\/stethoscope24.com\\\/estetoscopio-littmann\\\/\"},{\"@type\":\"ListItem\",\"position\":2,\"name\":\"Shop\",\"item\":\"https:\\\/\\\/stethoscope24.com\\\/estetoscopio-littmann\\\/shop\\\/\"},{\"@type\":\"ListItem\",\"position\":3,\"name\":\"Estetoscopio Littmann Master Cardiology Negro \\\/ Edici\u00f3n en Negro\"}]},{\"@type\":\"WebSite\",\"@id\":\"https:\\\/\\\/stethoscope24.com\\\/estetoscopio-littmann\\\/#website\",\"url\":\"https:\\\/\\\/stethoscope24.com\\\/estetoscopio-littmann\\\/\",\"name\":\"Estetoscopio Littmann\",\"description\":\"Estetoscopio Littmann\",\"publisher\":{\"@id\":\"https:\\\/\\\/stethoscope24.com\\\/estetoscopio-littmann\\\/#organization\"},\"potentialAction\":[{\"@type\":\"SearchAction\",\"target\":{\"@type\":\"EntryPoint\",\"urlTemplate\":\"https:\\\/\\\/stethoscope24.com\\\/estetoscopio-littmann\\\/?s={search_term_string}\"},\"query-input\":{\"@type\":\"PropertyValueSpecification\",\"valueRequired\":true,\"valueName\":\"search_term_string\"}}],\"inLanguage\":\"es\"},{\"@type\":\"Organization\",\"@id\":\"https:\\\/\\\/stethoscope24.com\\\/estetoscopio-littmann\\\/#organization\",\"name\":\"Estetoscopio Littmann\",\"url\":\"https:\\\/\\\/stethoscope24.com\\\/estetoscopio-littmann\\\/\",\"logo\":{\"@type\":\"ImageObject\",\"inLanguage\":\"es\",\"@id\":\"https:\\\/\\\/stethoscope24.com\\\/estetoscopio-littmann\\\/#\\\/schema\\\/logo\\\/image\\\/\",\"url\":\"https:\\\/\\\/i0.wp.com\\\/stethoscope24.com\\\/estetoscopio-littmann\\\/wp-content\\\/uploads\\\/2021\\\/03\\\/logostethoscope24-50.jpg?fit=298%2C50&ssl=1\",\"contentUrl\":\"https:\\\/\\\/i0.wp.com\\\/stethoscope24.com\\\/estetoscopio-littmann\\\/wp-content\\\/uploads\\\/2021\\\/03\\\/logostethoscope24-50.jpg?fit=298%2C50&ssl=1\",\"width\":298,\"height\":50,\"caption\":\"Estetoscopio Littmann\"},\"image\":{\"@id\":\"https:\\\/\\\/stethoscope24.com\\\/estetoscopio-littmann\\\/#\\\/schema\\\/logo\\\/image\\\/\"}}]}<\/script>\n<!-- \/ Yoast SEO plugin. -->","yoast_head_json":{"title":"Estetoscopio Littmann Master Cardiology Negro \/ Edici\u00f3n en Negro","description":"El Estetoscopio Littmann Master Cardiology black edition se caracteriza por poseer la mejor respuesta ac\u00fastica en la l\u00ednea de estetoscopios mec\u00e1nicos Lit...","robots":{"index":"index","follow":"follow","max-snippet":"max-snippet:-1","max-image-preview":"max-image-preview:large","max-video-preview":"max-video-preview:-1"},"canonical":"https:\/\/stethoscope24.com\/estetoscopio-littmann\/product\/estetoscopio-littmann-master-cardiology-negro-edicion-en-negro\/","og_locale":"es_MX","og_type":"article","og_title":"Estetoscopio Littmann Master Cardiology Negro \/ Edici\u00f3n en Negro","og_description":"El Estetoscopio Littmann Master Cardiology black edition se caracteriza por poseer la mejor respuesta ac\u00fastica en la l\u00ednea de estetoscopios mec\u00e1nicos Lit...","og_url":"https:\/\/stethoscope24.com\/estetoscopio-littmann\/product\/estetoscopio-littmann-master-cardiology-negro-edicion-en-negro\/","og_site_name":"Estetoscopio Littmann","article_modified_time":"2024-03-08T15:25:07+00:00","og_image":[{"width":400,"height":400,"url":"https:\/\/stethoscope24.com\/estetoscopio-littmann\/wp-content\/uploads\/2020\/08\/Littmann_2161.jpg","type":"image\/jpeg"}],"twitter_card":"summary_large_image","twitter_misc":{"Tiempo de lectura":"3 minutos"},"schema":{"@context":"https:\/\/schema.org","@graph":[{"@type":"WebPage","@id":"https:\/\/stethoscope24.com\/estetoscopio-littmann\/product\/estetoscopio-littmann-master-cardiology-negro-edicion-en-negro\/","url":"https:\/\/stethoscope24.com\/estetoscopio-littmann\/product\/estetoscopio-littmann-master-cardiology-negro-edicion-en-negro\/","name":"Estetoscopio Littmann Master Cardiology Negro \/ Edici\u00f3n en Negro","isPartOf":{"@id":"https:\/\/stethoscope24.com\/estetoscopio-littmann\/#website"},"primaryImageOfPage":{"@id":"https:\/\/stethoscope24.com\/estetoscopio-littmann\/product\/estetoscopio-littmann-master-cardiology-negro-edicion-en-negro\/#primaryimage"},"image":{"@id":"https:\/\/stethoscope24.com\/estetoscopio-littmann\/product\/estetoscopio-littmann-master-cardiology-negro-edicion-en-negro\/#primaryimage"},"thumbnailUrl":"https:\/\/i0.wp.com\/stethoscope24.com\/estetoscopio-littmann\/wp-content\/uploads\/2020\/08\/Littmann_2161.jpg?fit=400%2C400&ssl=1","datePublished":"2020-08-27T18:25:54+00:00","dateModified":"2024-03-08T15:25:07+00:00","description":"El Estetoscopio Littmann Master Cardiology black edition se caracteriza por poseer la mejor respuesta ac\u00fastica en la l\u00ednea de estetoscopios mec\u00e1nicos Lit...","breadcrumb":{"@id":"https:\/\/stethoscope24.com\/estetoscopio-littmann\/product\/estetoscopio-littmann-master-cardiology-negro-edicion-en-negro\/#breadcrumb"},"inLanguage":"es","potentialAction":[{"@type":"ReadAction","target":["https:\/\/stethoscope24.com\/estetoscopio-littmann\/product\/estetoscopio-littmann-master-cardiology-negro-edicion-en-negro\/"]}]},{"@type":"ImageObject","inLanguage":"es","@id":"https:\/\/stethoscope24.com\/estetoscopio-littmann\/product\/estetoscopio-littmann-master-cardiology-negro-edicion-en-negro\/#primaryimage","url":"https:\/\/i0.wp.com\/stethoscope24.com\/estetoscopio-littmann\/wp-content\/uploads\/2020\/08\/Littmann_2161.jpg?fit=400%2C400&ssl=1","contentUrl":"https:\/\/i0.wp.com\/stethoscope24.com\/estetoscopio-littmann\/wp-content\/uploads\/2020\/08\/Littmann_2161.jpg?fit=400%2C400&ssl=1","width":400,"height":400,"caption":"Estetoscopio Littmann Master Cardiology Negro \/ Edici\u00f3n en Negro 2161"},{"@type":"BreadcrumbList","@id":"https:\/\/stethoscope24.com\/estetoscopio-littmann\/product\/estetoscopio-littmann-master-cardiology-negro-edicion-en-negro\/#breadcrumb","itemListElement":[{"@type":"ListItem","position":1,"name":"Home","item":"https:\/\/stethoscope24.com\/estetoscopio-littmann\/"},{"@type":"ListItem","position":2,"name":"Shop","item":"https:\/\/stethoscope24.com\/estetoscopio-littmann\/shop\/"},{"@type":"ListItem","position":3,"name":"Estetoscopio Littmann Master Cardiology Negro \/ Edici\u00f3n en Negro"}]},{"@type":"WebSite","@id":"https:\/\/stethoscope24.com\/estetoscopio-littmann\/#website","url":"https:\/\/stethoscope24.com\/estetoscopio-littmann\/","name":"Estetoscopio Littmann","description":"Estetoscopio Littmann","publisher":{"@id":"https:\/\/stethoscope24.com\/estetoscopio-littmann\/#organization"},"potentialAction":[{"@type":"SearchAction","target":{"@type":"EntryPoint","urlTemplate":"https:\/\/stethoscope24.com\/estetoscopio-littmann\/?s={search_term_string}"},"query-input":{"@type":"PropertyValueSpecification","valueRequired":true,"valueName":"search_term_string"}}],"inLanguage":"es"},{"@type":"Organization","@id":"https:\/\/stethoscope24.com\/estetoscopio-littmann\/#organization","name":"Estetoscopio Littmann","url":"https:\/\/stethoscope24.com\/estetoscopio-littmann\/","logo":{"@type":"ImageObject","inLanguage":"es","@id":"https:\/\/stethoscope24.com\/estetoscopio-littmann\/#\/schema\/logo\/image\/","url":"https:\/\/i0.wp.com\/stethoscope24.com\/estetoscopio-littmann\/wp-content\/uploads\/2021\/03\/logostethoscope24-50.jpg?fit=298%2C50&ssl=1","contentUrl":"https:\/\/i0.wp.com\/stethoscope24.com\/estetoscopio-littmann\/wp-content\/uploads\/2021\/03\/logostethoscope24-50.jpg?fit=298%2C50&ssl=1","width":298,"height":50,"caption":"Estetoscopio Littmann"},"image":{"@id":"https:\/\/stethoscope24.com\/estetoscopio-littmann\/#\/schema\/logo\/image\/"}}]}},"jetpack_sharing_enabled":true,"_links":{"self":[{"href":"https:\/\/stethoscope24.com\/estetoscopio-littmann\/wp-json\/wp\/v2\/product\/21479","targetHints":{"allow":["GET"]}}],"collection":[{"href":"https:\/\/stethoscope24.com\/estetoscopio-littmann\/wp-json\/wp\/v2\/product"}],"about":[{"href":"https:\/\/stethoscope24.com\/estetoscopio-littmann\/wp-json\/wp\/v2\/types\/product"}],"replies":[{"embeddable":true,"href":"https:\/\/stethoscope24.com\/estetoscopio-littmann\/wp-json\/wp\/v2\/comments?post=21479"}],"wp:featuredmedia":[{"embeddable":true,"href":"https:\/\/stethoscope24.com\/estetoscopio-littmann\/wp-json\/wp\/v2\/media\/21480"}],"wp:attachment":[{"href":"https:\/\/stethoscope24.com\/estetoscopio-littmann\/wp-json\/wp\/v2\/media?parent=21479"}],"wp:term":[{"taxonomy":"product_brand","embeddable":true,"href":"https:\/\/stethoscope24.com\/estetoscopio-littmann\/wp-json\/wp\/v2\/product_brand?post=21479"},{"taxonomy":"product_cat","embeddable":true,"href":"https:\/\/stethoscope24.com\/estetoscopio-littmann\/wp-json\/wp\/v2\/product_cat?post=21479"},{"taxonomy":"product_tag","embeddable":true,"href":"https:\/\/stethoscope24.com\/estetoscopio-littmann\/wp-json\/wp\/v2\/product_tag?post=21479"}],"curies":[{"name":"wp","href":"https:\/\/api.w.org\/{rel}","templated":true}]}}