{"id":21637,"date":"2020-09-02T11:20:23","date_gmt":"2020-09-02T11:20:23","guid":{"rendered":"https:\/\/estetoscopiolittmann.com\/?post_type=product&#038;p=21637"},"modified":"2024-01-18T09:36:18","modified_gmt":"2024-01-18T09:36:18","slug":"estetoscopio-littmann-cardiology-iv-frambuesa-arcoiris-vastago-ahumado","status":"publish","type":"product","link":"https:\/\/stethoscope24.com\/estetoscopio-littmann\/product\/estetoscopio-littmann-cardiology-iv-frambuesa-arcoiris-vastago-ahumado\/","title":{"rendered":"Estetoscopio Littmann Cardiology IV Frambuesa \/ Arco\u00edris \/ V\u00e1stago Ahumado"},"content":{"rendered":"<h1>Estetoscopio Littmann Cardiology IV Frambuesa\/Arco\u00edris\/V\u00e1stago Color Ahumado (27\u201d\/68.5cm)<\/h1>\n<h3>Presentamos el nuevo estetoscopio Littmann Cardiology IV de 3M.<\/h3>\n<p>El Estetoscopio Littmann Cardiology IV Frambuesa Arco\u00edris V\u00e1stago Ahumado se redise\u00f1\u00f3 desde cero e incluye una nueva pieza tor\u00e1cica de acero inoxidable, diafragmas para ni\u00f1os y adultos completamente optimizados exclusivos de este modelo, tubo flexible de larga durabilidad de \u00faltima generaci\u00f3n, una campana altamente sintonizada para frecuencias bajas instant\u00e1neas y garant\u00eda de 7 a\u00f1os, lo que lo hace l\u00edder en su clase. Esta es la actualizaci\u00f3n que usted estaba esperando &#8230;<\/p>\n<p>Al igual que el Cardiology III, este modelo permite la auscultaci\u00f3n en ni\u00f1os y adultos con un completo rango ac\u00fastico a trav\u00e9s del nuevo dise\u00f1o de su diafragma de doble c\u00e1psula. Simplemente gire la ranura central para alternar entre uno y otro lado para lograr la mejor auscultaci\u00f3n en adultos y ni\u00f1os.<\/p>\n<p>Los nuevos diafragmas de una sola pieza (exclusivos del modelo Cardiology IV) han optimizado todav\u00eda m\u00e1s la sensibilidad ac\u00fastica, lo que vuelve m\u00e1s claros y f\u00e1ciles de escuchar todos los sonidos. Los nuevos biauriculares de larga duraci\u00f3n (dos tubos en uno) van acorde a las \u00faltimas especificaciones y fabricados con los materiales m\u00e1s avanzados, lo que ayuda a extender la garant\u00eda a 7 a\u00f1os, \u00a1haci\u00e9ndonos el l\u00edder en la industria! La ranura del selector ahora est\u00e1 empotrada para permitir un ajuste perfecto al ras con el tubo biauricular. Como novedad, viene con un indicador visual para una f\u00e1cil identificaci\u00f3n del diafragma en operaci\u00f3n.<br \/>\n<strong>Dise\u00f1ado para escuchar m\u00e1s<\/strong><br \/>\nS\u00f3lido y sofisticado, el Littmann Cardiology IV ayuda a aislar los sonidos sutiles para permitirle escuchar variaciones en el ritmo card\u00edaco en sus pacientes en los entornos m\u00e1s cr\u00edticos y desafiantes. Dise\u00f1ado para ayudarle a escuchar los sonidos dif\u00edciles de distinguir tales como los de la estenosis a\u00f3rtica, los soplos de ritmo S3 y las anomal\u00edas pulmonares leves.<\/p>\n<p>De gran ayuda en cuidados intensivos y entornos desafiantes<\/p>\n<p>Como el servicio de urgencias, la UCI, la UCI card\u00edaca, la unidad de cuidados intermedios y otras ubicaciones din\u00e1micas<\/p>\n<p>Escuche cambios sutiles en el estado del paciente.<\/p>\n<p>El obtener una mejor calidad de audici\u00f3n de los sonidos de alta frecuencia (c\u00e1psula para adulto, presi\u00f3n firme) en comparaci\u00f3n con el modelo Cardiology III puede ayudarle a aprender m\u00e1s sobre la afecci\u00f3n de su paciente.<\/p>\n<ul>\n<li>Lo m\u00e1s moderno en tecnolog\u00eda de cardiolog\u00eda de doble c\u00e1psula.<\/li>\n<li>Ac\u00fastica de alta frecuencia mejorada: el nuevo dise\u00f1o permite un mayor acceso a los sonidos card\u00edacos de alta frecuencia.<\/li>\n<li>Dise\u00f1os de diafragma \u00fanicos: el diafragma para adultos y el pedi\u00e1trico fueron redise\u00f1ados y optimizados totalmente para ofrecerle un rango completo de sonidos a la hora de auscultar.<\/li>\n<li>El tubo flexible de \u00faltima generaci\u00f3n de alta durabilidad para una mayor longevidad con un dise\u00f1o de doble lumen (dos tubos en uno) para minimizar los sonidos de fricci\u00f3n externos.<\/li>\n<li>Producto 100% libre de l\u00e1tex: para mayor comodidad del paciente, y mayor durabilidad y vida \u00fatil del instrumento.<\/li>\n<li>Tecnolog\u00eda de diafragma de una sola pieza: m\u00e1s f\u00e1cil de limpiar que nunca, brindando mayores propiedades de control de infecciones.<\/li>\n<li>7 a\u00f1os de garant\u00eda: 7 a\u00f1os de garant\u00eda, l\u00edder en su clase, a partir de la fecha de compra.<\/li>\n<li>Juego de partes de repuesto incluido: de manera est\u00e1ndar se incluyen repuestos de olivas peque\u00f1as de sellado suave, olivas grises grandes y firmes, y anillo antifr\u00edo para la campana.<\/li>\n<li>La &#8220;Tecnolog\u00eda Sintonizable&#8221; de 3M le permite cambiar f\u00e1cilmente de sonidos de baja a alta frecuencia cambiando de presi\u00f3n ligera a firme.<\/li>\n<li>Pieza tor\u00e1cica grande \/ peque\u00f1a de doble c\u00e1psula para valoraci\u00f3n tanto de adultos como de ni\u00f1os.<\/li>\n<li>Versatilidad al m\u00e1ximo con la otra c\u00e1psula, la cual tambi\u00e9n se transforma f\u00e1cilmente en una campana abierta tradicional con el adaptador suministrado.<\/li>\n<li>Grabado de texto con l\u00e1ser y s\u00edmbolos para personalizar su estetoscopio y evitar robo \/ extrav\u00edo.<\/li>\n<li>Auriculares con dise\u00f1o anat\u00f3mico que se colocan c\u00f3modamente para una transmisi\u00f3n de sonido \u00f3ptima.<\/li>\n<li>Las c\u00f3modas olivas de suave sellado herm\u00e9tico a presi\u00f3n crean un excelente sello ac\u00fastico para reducir el ruido ambiental.<\/li>\n<li>Calificaci\u00f3n de 9 de 10 en desempe\u00f1o por parte de Littmann.<\/li>\n<li>Garant\u00eda de siete a\u00f1os para su mayor tranquilidad.<\/li>\n<\/ul>\n","protected":false},"excerpt":{"rendered":"<ul style=\"list-style-type: disc; list-style-position: outside;\">\n<li>Si\u00e9ntase confiado al dar diagn\u00f3sticos y tomar decisiones.<\/li>\n<li>Escuche variaciones sutiles en el estado del paciente.<\/li>\n<li>De gran ayuda en cuidados intensivos y entornos desafiantes como el servicio de urgencias, la UCI, la UCI card\u00edaca, la unidad de cuidados intermedios y otras ubicaciones din\u00e1micas.<\/li>\n<li>Garant\u00eda de 7 a\u00f1os.<\/li>\n<li>Dise\u00f1o ergon\u00f3mico y de alto perfil; pieza tor\u00e1cica 40% m\u00e1s grande y campana 60% m\u00e1s profunda que el estetoscopio Littmann Classic III de 3M.<\/li>\n<li>Dise\u00f1ado para usarse en ni\u00f1os y adultos.<\/li>\n<li>Pieza tor\u00e1cica de acero inoxidable de doble c\u00e1psula, sintonizable con campana abierta o cerrada.<\/li>\n<li>La campana cuenta con anillo antifr\u00edo para mayor comodidad del paciente.<\/li>\n<li>Las olivas de sellado suave brindan m\u00e1xima comodidad y una excelente oclusi\u00f3n del sonido.<\/li>\n<li>Fabricado en Estados Unidos sin l\u00e1tex de caucho natural.<\/li>\n<li>Model : 7100207252<\/li>\n<\/ul>\n","protected":false},"featured_media":21570,"comment_status":"open","ping_status":"closed","template":"","meta":[],"product_brand":[],"product_cat":[129],"product_tag":[494,495,493,492,496],"class_list":{"0":"post-21637","1":"product","2":"type-product","3":"status-publish","4":"has-post-thumbnail","6":"product_cat-estetoscopio-littman-cardiology-iv","7":"product_tag-estetoscopio-littmann-cardiology-iv-arcoiris","8":"product_tag-estetoscopio-littmann-cardiology-iv-frambuesa","9":"product_tag-estetoscopio-littmann-cardiology-iv-frambuesa-arcoiris","10":"product_tag-estetoscopio-littmann-cardiology-iv-frambuesa-arcoiris-vastago-ahumado","11":"product_tag-littmann-cardiology-iv-frambuesa-arcoiris","12":"pa_acabado-de-la-pechera-acabado-arcoiris","13":"pa_color-del-tubo-frambuesa","14":"pa_desempeno-198","15":"pa_marca-littmann","16":"pa_mpn-490","17":"pa_upc-560","18":"pa_vastago-color-ahumado","20":"first","21":"instock","22":"taxable","23":"shipping-taxable","24":"purchasable","25":"product-type-simple"},"yoast_head":"<!-- This site is optimized with the Yoast SEO plugin v27.4 - https:\/\/yoast.com\/product\/yoast-seo-wordpress\/ -->\n<title>Estetoscopio Littmann Cardiology IV Frambuesa Arco\u00edris<\/title>\n<meta name=\"description\" content=\"El Estetoscopio Littmann Cardiology IV Frambuesa Arco\u00edris V\u00e1stago Ahumado se redise\u00f1\u00f3 desde cero e incluye una nueva pieza tor\u00e1cica de acero inoxidable\" \/>\n<meta name=\"robots\" content=\"index, follow, max-snippet:-1, max-image-preview:large, max-video-preview:-1\" \/>\n<link rel=\"canonical\" href=\"https:\/\/stethoscope24.com\/estetoscopio-littmann\/product\/estetoscopio-littmann-cardiology-iv-frambuesa-arcoiris-vastago-ahumado\/\" \/>\n<meta property=\"og:locale\" content=\"es_MX\" \/>\n<meta property=\"og:type\" content=\"article\" \/>\n<meta property=\"og:title\" content=\"Estetoscopio Littmann Cardiology IV Frambuesa Arco\u00edris\" \/>\n<meta property=\"og:description\" content=\"El Estetoscopio Littmann Cardiology IV Frambuesa Arco\u00edris V\u00e1stago Ahumado se redise\u00f1\u00f3 desde cero e incluye una nueva pieza tor\u00e1cica de acero inoxidable\" \/>\n<meta property=\"og:url\" content=\"https:\/\/stethoscope24.com\/estetoscopio-littmann\/product\/estetoscopio-littmann-cardiology-iv-frambuesa-arcoiris-vastago-ahumado\/\" \/>\n<meta property=\"og:site_name\" content=\"Estetoscopio Littmann\" \/>\n<meta property=\"article:modified_time\" content=\"2024-01-18T09:36:18+00:00\" \/>\n<meta property=\"og:image\" content=\"https:\/\/stethoscope24.com\/estetoscopio-littmann\/wp-content\/uploads\/2020\/08\/Littmann_6241.jpg\" \/>\n\t<meta property=\"og:image:width\" content=\"800\" \/>\n\t<meta property=\"og:image:height\" content=\"800\" \/>\n\t<meta property=\"og:image:type\" content=\"image\/jpeg\" \/>\n<meta name=\"twitter:card\" content=\"summary_large_image\" \/>\n<meta name=\"twitter:label1\" content=\"Tiempo de lectura\" \/>\n\t<meta name=\"twitter:data1\" content=\"4 minutos\" \/>\n<script type=\"application\/ld+json\" class=\"yoast-schema-graph\">{\"@context\":\"https:\\\/\\\/schema.org\",\"@graph\":[{\"@type\":\"WebPage\",\"@id\":\"https:\\\/\\\/stethoscope24.com\\\/estetoscopio-littmann\\\/product\\\/estetoscopio-littmann-cardiology-iv-frambuesa-arcoiris-vastago-ahumado\\\/\",\"url\":\"https:\\\/\\\/stethoscope24.com\\\/estetoscopio-littmann\\\/product\\\/estetoscopio-littmann-cardiology-iv-frambuesa-arcoiris-vastago-ahumado\\\/\",\"name\":\"Estetoscopio Littmann Cardiology IV Frambuesa Arco\u00edris\",\"isPartOf\":{\"@id\":\"https:\\\/\\\/stethoscope24.com\\\/estetoscopio-littmann\\\/#website\"},\"primaryImageOfPage\":{\"@id\":\"https:\\\/\\\/stethoscope24.com\\\/estetoscopio-littmann\\\/product\\\/estetoscopio-littmann-cardiology-iv-frambuesa-arcoiris-vastago-ahumado\\\/#primaryimage\"},\"image\":{\"@id\":\"https:\\\/\\\/stethoscope24.com\\\/estetoscopio-littmann\\\/product\\\/estetoscopio-littmann-cardiology-iv-frambuesa-arcoiris-vastago-ahumado\\\/#primaryimage\"},\"thumbnailUrl\":\"https:\\\/\\\/i0.wp.com\\\/stethoscope24.com\\\/estetoscopio-littmann\\\/wp-content\\\/uploads\\\/2020\\\/08\\\/Littmann_6241.jpg?fit=800%2C800&ssl=1\",\"datePublished\":\"2020-09-02T11:20:23+00:00\",\"dateModified\":\"2024-01-18T09:36:18+00:00\",\"description\":\"El Estetoscopio Littmann Cardiology IV Frambuesa Arco\u00edris V\u00e1stago Ahumado se redise\u00f1\u00f3 desde cero e incluye una nueva pieza tor\u00e1cica de acero inoxidable\",\"breadcrumb\":{\"@id\":\"https:\\\/\\\/stethoscope24.com\\\/estetoscopio-littmann\\\/product\\\/estetoscopio-littmann-cardiology-iv-frambuesa-arcoiris-vastago-ahumado\\\/#breadcrumb\"},\"inLanguage\":\"es\",\"potentialAction\":[{\"@type\":\"ReadAction\",\"target\":[\"https:\\\/\\\/stethoscope24.com\\\/estetoscopio-littmann\\\/product\\\/estetoscopio-littmann-cardiology-iv-frambuesa-arcoiris-vastago-ahumado\\\/\"]}]},{\"@type\":\"ImageObject\",\"inLanguage\":\"es\",\"@id\":\"https:\\\/\\\/stethoscope24.com\\\/estetoscopio-littmann\\\/product\\\/estetoscopio-littmann-cardiology-iv-frambuesa-arcoiris-vastago-ahumado\\\/#primaryimage\",\"url\":\"https:\\\/\\\/i0.wp.com\\\/stethoscope24.com\\\/estetoscopio-littmann\\\/wp-content\\\/uploads\\\/2020\\\/08\\\/Littmann_6241.jpg?fit=800%2C800&ssl=1\",\"contentUrl\":\"https:\\\/\\\/i0.wp.com\\\/stethoscope24.com\\\/estetoscopio-littmann\\\/wp-content\\\/uploads\\\/2020\\\/08\\\/Littmann_6241.jpg?fit=800%2C800&ssl=1\",\"width\":800,\"height\":800,\"caption\":\"Estetoscopio Littmann Cardiology IV Frambuesa \\\/ Arco\u00edris \\\/ V\u00e1stago Ahumado 6241\"},{\"@type\":\"BreadcrumbList\",\"@id\":\"https:\\\/\\\/stethoscope24.com\\\/estetoscopio-littmann\\\/product\\\/estetoscopio-littmann-cardiology-iv-frambuesa-arcoiris-vastago-ahumado\\\/#breadcrumb\",\"itemListElement\":[{\"@type\":\"ListItem\",\"position\":1,\"name\":\"Home\",\"item\":\"https:\\\/\\\/stethoscope24.com\\\/estetoscopio-littmann\\\/\"},{\"@type\":\"ListItem\",\"position\":2,\"name\":\"Shop\",\"item\":\"https:\\\/\\\/stethoscope24.com\\\/estetoscopio-littmann\\\/shop\\\/\"},{\"@type\":\"ListItem\",\"position\":3,\"name\":\"Estetoscopio Littmann Cardiology IV Frambuesa \\\/ Arco\u00edris \\\/ V\u00e1stago Ahumado\"}]},{\"@type\":\"WebSite\",\"@id\":\"https:\\\/\\\/stethoscope24.com\\\/estetoscopio-littmann\\\/#website\",\"url\":\"https:\\\/\\\/stethoscope24.com\\\/estetoscopio-littmann\\\/\",\"name\":\"Estetoscopio Littmann\",\"description\":\"Estetoscopio Littmann\",\"publisher\":{\"@id\":\"https:\\\/\\\/stethoscope24.com\\\/estetoscopio-littmann\\\/#organization\"},\"potentialAction\":[{\"@type\":\"SearchAction\",\"target\":{\"@type\":\"EntryPoint\",\"urlTemplate\":\"https:\\\/\\\/stethoscope24.com\\\/estetoscopio-littmann\\\/?s={search_term_string}\"},\"query-input\":{\"@type\":\"PropertyValueSpecification\",\"valueRequired\":true,\"valueName\":\"search_term_string\"}}],\"inLanguage\":\"es\"},{\"@type\":\"Organization\",\"@id\":\"https:\\\/\\\/stethoscope24.com\\\/estetoscopio-littmann\\\/#organization\",\"name\":\"Estetoscopio Littmann\",\"url\":\"https:\\\/\\\/stethoscope24.com\\\/estetoscopio-littmann\\\/\",\"logo\":{\"@type\":\"ImageObject\",\"inLanguage\":\"es\",\"@id\":\"https:\\\/\\\/stethoscope24.com\\\/estetoscopio-littmann\\\/#\\\/schema\\\/logo\\\/image\\\/\",\"url\":\"https:\\\/\\\/i0.wp.com\\\/stethoscope24.com\\\/estetoscopio-littmann\\\/wp-content\\\/uploads\\\/2021\\\/03\\\/logostethoscope24-50.jpg?fit=298%2C50&ssl=1\",\"contentUrl\":\"https:\\\/\\\/i0.wp.com\\\/stethoscope24.com\\\/estetoscopio-littmann\\\/wp-content\\\/uploads\\\/2021\\\/03\\\/logostethoscope24-50.jpg?fit=298%2C50&ssl=1\",\"width\":298,\"height\":50,\"caption\":\"Estetoscopio Littmann\"},\"image\":{\"@id\":\"https:\\\/\\\/stethoscope24.com\\\/estetoscopio-littmann\\\/#\\\/schema\\\/logo\\\/image\\\/\"}}]}<\/script>\n<!-- \/ Yoast SEO plugin. -->","yoast_head_json":{"title":"Estetoscopio Littmann Cardiology IV Frambuesa Arco\u00edris","description":"El Estetoscopio Littmann Cardiology IV Frambuesa Arco\u00edris V\u00e1stago Ahumado se redise\u00f1\u00f3 desde cero e incluye una nueva pieza tor\u00e1cica de acero inoxidable","robots":{"index":"index","follow":"follow","max-snippet":"max-snippet:-1","max-image-preview":"max-image-preview:large","max-video-preview":"max-video-preview:-1"},"canonical":"https:\/\/stethoscope24.com\/estetoscopio-littmann\/product\/estetoscopio-littmann-cardiology-iv-frambuesa-arcoiris-vastago-ahumado\/","og_locale":"es_MX","og_type":"article","og_title":"Estetoscopio Littmann Cardiology IV Frambuesa Arco\u00edris","og_description":"El Estetoscopio Littmann Cardiology IV Frambuesa Arco\u00edris V\u00e1stago Ahumado se redise\u00f1\u00f3 desde cero e incluye una nueva pieza tor\u00e1cica de acero inoxidable","og_url":"https:\/\/stethoscope24.com\/estetoscopio-littmann\/product\/estetoscopio-littmann-cardiology-iv-frambuesa-arcoiris-vastago-ahumado\/","og_site_name":"Estetoscopio Littmann","article_modified_time":"2024-01-18T09:36:18+00:00","og_image":[{"width":800,"height":800,"url":"https:\/\/stethoscope24.com\/estetoscopio-littmann\/wp-content\/uploads\/2020\/08\/Littmann_6241.jpg","type":"image\/jpeg"}],"twitter_card":"summary_large_image","twitter_misc":{"Tiempo de lectura":"4 minutos"},"schema":{"@context":"https:\/\/schema.org","@graph":[{"@type":"WebPage","@id":"https:\/\/stethoscope24.com\/estetoscopio-littmann\/product\/estetoscopio-littmann-cardiology-iv-frambuesa-arcoiris-vastago-ahumado\/","url":"https:\/\/stethoscope24.com\/estetoscopio-littmann\/product\/estetoscopio-littmann-cardiology-iv-frambuesa-arcoiris-vastago-ahumado\/","name":"Estetoscopio Littmann Cardiology IV Frambuesa Arco\u00edris","isPartOf":{"@id":"https:\/\/stethoscope24.com\/estetoscopio-littmann\/#website"},"primaryImageOfPage":{"@id":"https:\/\/stethoscope24.com\/estetoscopio-littmann\/product\/estetoscopio-littmann-cardiology-iv-frambuesa-arcoiris-vastago-ahumado\/#primaryimage"},"image":{"@id":"https:\/\/stethoscope24.com\/estetoscopio-littmann\/product\/estetoscopio-littmann-cardiology-iv-frambuesa-arcoiris-vastago-ahumado\/#primaryimage"},"thumbnailUrl":"https:\/\/i0.wp.com\/stethoscope24.com\/estetoscopio-littmann\/wp-content\/uploads\/2020\/08\/Littmann_6241.jpg?fit=800%2C800&ssl=1","datePublished":"2020-09-02T11:20:23+00:00","dateModified":"2024-01-18T09:36:18+00:00","description":"El Estetoscopio Littmann Cardiology IV Frambuesa Arco\u00edris V\u00e1stago Ahumado se redise\u00f1\u00f3 desde cero e incluye una nueva pieza tor\u00e1cica de acero inoxidable","breadcrumb":{"@id":"https:\/\/stethoscope24.com\/estetoscopio-littmann\/product\/estetoscopio-littmann-cardiology-iv-frambuesa-arcoiris-vastago-ahumado\/#breadcrumb"},"inLanguage":"es","potentialAction":[{"@type":"ReadAction","target":["https:\/\/stethoscope24.com\/estetoscopio-littmann\/product\/estetoscopio-littmann-cardiology-iv-frambuesa-arcoiris-vastago-ahumado\/"]}]},{"@type":"ImageObject","inLanguage":"es","@id":"https:\/\/stethoscope24.com\/estetoscopio-littmann\/product\/estetoscopio-littmann-cardiology-iv-frambuesa-arcoiris-vastago-ahumado\/#primaryimage","url":"https:\/\/i0.wp.com\/stethoscope24.com\/estetoscopio-littmann\/wp-content\/uploads\/2020\/08\/Littmann_6241.jpg?fit=800%2C800&ssl=1","contentUrl":"https:\/\/i0.wp.com\/stethoscope24.com\/estetoscopio-littmann\/wp-content\/uploads\/2020\/08\/Littmann_6241.jpg?fit=800%2C800&ssl=1","width":800,"height":800,"caption":"Estetoscopio Littmann Cardiology IV Frambuesa \/ Arco\u00edris \/ V\u00e1stago Ahumado 6241"},{"@type":"BreadcrumbList","@id":"https:\/\/stethoscope24.com\/estetoscopio-littmann\/product\/estetoscopio-littmann-cardiology-iv-frambuesa-arcoiris-vastago-ahumado\/#breadcrumb","itemListElement":[{"@type":"ListItem","position":1,"name":"Home","item":"https:\/\/stethoscope24.com\/estetoscopio-littmann\/"},{"@type":"ListItem","position":2,"name":"Shop","item":"https:\/\/stethoscope24.com\/estetoscopio-littmann\/shop\/"},{"@type":"ListItem","position":3,"name":"Estetoscopio Littmann Cardiology IV Frambuesa \/ Arco\u00edris \/ V\u00e1stago Ahumado"}]},{"@type":"WebSite","@id":"https:\/\/stethoscope24.com\/estetoscopio-littmann\/#website","url":"https:\/\/stethoscope24.com\/estetoscopio-littmann\/","name":"Estetoscopio Littmann","description":"Estetoscopio Littmann","publisher":{"@id":"https:\/\/stethoscope24.com\/estetoscopio-littmann\/#organization"},"potentialAction":[{"@type":"SearchAction","target":{"@type":"EntryPoint","urlTemplate":"https:\/\/stethoscope24.com\/estetoscopio-littmann\/?s={search_term_string}"},"query-input":{"@type":"PropertyValueSpecification","valueRequired":true,"valueName":"search_term_string"}}],"inLanguage":"es"},{"@type":"Organization","@id":"https:\/\/stethoscope24.com\/estetoscopio-littmann\/#organization","name":"Estetoscopio Littmann","url":"https:\/\/stethoscope24.com\/estetoscopio-littmann\/","logo":{"@type":"ImageObject","inLanguage":"es","@id":"https:\/\/stethoscope24.com\/estetoscopio-littmann\/#\/schema\/logo\/image\/","url":"https:\/\/i0.wp.com\/stethoscope24.com\/estetoscopio-littmann\/wp-content\/uploads\/2021\/03\/logostethoscope24-50.jpg?fit=298%2C50&ssl=1","contentUrl":"https:\/\/i0.wp.com\/stethoscope24.com\/estetoscopio-littmann\/wp-content\/uploads\/2021\/03\/logostethoscope24-50.jpg?fit=298%2C50&ssl=1","width":298,"height":50,"caption":"Estetoscopio Littmann"},"image":{"@id":"https:\/\/stethoscope24.com\/estetoscopio-littmann\/#\/schema\/logo\/image\/"}}]}},"jetpack_sharing_enabled":true,"_links":{"self":[{"href":"https:\/\/stethoscope24.com\/estetoscopio-littmann\/wp-json\/wp\/v2\/product\/21637","targetHints":{"allow":["GET"]}}],"collection":[{"href":"https:\/\/stethoscope24.com\/estetoscopio-littmann\/wp-json\/wp\/v2\/product"}],"about":[{"href":"https:\/\/stethoscope24.com\/estetoscopio-littmann\/wp-json\/wp\/v2\/types\/product"}],"replies":[{"embeddable":true,"href":"https:\/\/stethoscope24.com\/estetoscopio-littmann\/wp-json\/wp\/v2\/comments?post=21637"}],"wp:featuredmedia":[{"embeddable":true,"href":"https:\/\/stethoscope24.com\/estetoscopio-littmann\/wp-json\/wp\/v2\/media\/21570"}],"wp:attachment":[{"href":"https:\/\/stethoscope24.com\/estetoscopio-littmann\/wp-json\/wp\/v2\/media?parent=21637"}],"wp:term":[{"taxonomy":"product_brand","embeddable":true,"href":"https:\/\/stethoscope24.com\/estetoscopio-littmann\/wp-json\/wp\/v2\/product_brand?post=21637"},{"taxonomy":"product_cat","embeddable":true,"href":"https:\/\/stethoscope24.com\/estetoscopio-littmann\/wp-json\/wp\/v2\/product_cat?post=21637"},{"taxonomy":"product_tag","embeddable":true,"href":"https:\/\/stethoscope24.com\/estetoscopio-littmann\/wp-json\/wp\/v2\/product_tag?post=21637"}],"curies":[{"name":"wp","href":"https:\/\/api.w.org\/{rel}","templated":true}]}}