{"id":23237,"date":"2021-02-15T16:45:13","date_gmt":"2021-02-15T16:45:13","guid":{"rendered":"https:\/\/estetoscopiolittmann.com\/?post_type=product&#038;p=23237"},"modified":"2024-03-08T11:49:11","modified_gmt":"2024-03-08T11:49:11","slug":"littmann-stethoscope-classic-ii-infant-black","status":"publish","type":"product","link":"https:\/\/stethoscope24.com\/estetoscopio-littmann\/product\/littmann-stethoscope-classic-ii-infant-black\/","title":{"rendered":"Estetoscopio Littmann Classic II Infantil Negro"},"content":{"rendered":"<h1>Estetoscopio Littmann Classic II Infantil Negro (28\u201d\/71cm)<\/h1>\n<p>El estetoscopio infantil 3M Littmann Classic II posee un dise\u00f1o \u00fanico teniendo en mente su uso en pediatr\u00eda en pacientes m\u00e1s peque\u00f1os. Basado en el exitoso dise\u00f1o de los estetoscopios cl\u00e1sicos Littmann de 3M, este dispositivo m\u00e9dico confiable es ideal para la valoraci\u00f3n del estado f\u00edsico, el monitoreo y el diagn\u00f3stico en beb\u00e9s. Elimine el ruido y sintonice lo que realmente importa con el estetoscopio infantil 3M Littmann Classic II.<\/p>\n<p>El estetoscopio infantil 3M Littmann Classic II se basa en el exitoso dise\u00f1o de los estetoscopios 3M Littmann Classic, dise\u00f1ados para brindar comodidad, rendimiento y longevidad \u00f3ptimos. Este estetoscopio est\u00e1 especialmente dise\u00f1ado para la valoraci\u00f3n f\u00edsica y el diagn\u00f3stico de pacientes infantiles por profesionales de la salud. La pieza tor\u00e1cica de doble c\u00e1psula proporciona una alta sensibilidad ac\u00fastica para respuestas de alta y baja frecuencia, mientras que la tensi\u00f3n de los auriculares se puede ajustar f\u00e1cilmente para adaptarse a cabezas de varios tama\u00f1os y se siente c\u00f3moda al llevarse en la cabeza al juntar o separar los tubos auditivos. El resistente tubo flexible de \u00faltima generaci\u00f3n de los estetoscopios infantiles Littmann Classic II de 3M retiene su forma y flexibilidad, incluso despu\u00e9s de guardarse apretadamente en un bolsillo. Este le brinda una mayor longevidad al estetoscopio debido a su mayor resistencia a los aceites de la piel y al alcohol, y es menos probable que se manche. El estetoscopio infantil 3M Littmann Classic II cumple con su papel en la protecci\u00f3n de la salud humana y el medio ambiente al eliminar los plastificantes de ftalato da\u00f1inos de la composici\u00f3n de los materiales del tubo flexible.<\/p>\n","protected":false},"excerpt":{"rendered":"<ul style=\"list-style-type: disc; list-style-position: outside;\">\n<li>La pieza tor\u00e1cica de doble c\u00e1psula con un peque\u00f1o diafragma de 2,7 cm es ideal para ni\u00f1os peque\u00f1os.<\/li>\n<li>El dise\u00f1o vers\u00e1til de la pieza tor\u00e1cica proporciona una alta sensibilidad ac\u00fastica con un diafragma flotante y una campana abierta.<\/li>\n<li>Los auriculares con dise\u00f1o anat\u00f3mico est\u00e1n en \u00e1ngulo para adaptarse a la trayectoria del canal auditivo.<\/li>\n<li>El anillo antifr\u00edo y el diafragma brindan comodidad al paciente.<\/li>\n<li>Los materiales de caucho natural sin l\u00e1tex se adaptan a los usuarios sensibles a las alergias.<\/li>\n<li>Las olivas de sellado suave brindan un excelente sellado ac\u00fastico y un ajuste c\u00f3modo.<\/li>\n<li>Garant\u00eda limitada de 3 a\u00f1os.<\/li>\n<li>\u00a1Elija el tubo flexible y el acabado de la pieza tor\u00e1cica del color y acabado respectivamente que mejor se adapte a su estilo!<\/li>\n<li>Model : 7000002550<\/li>\n<\/ul>\n","protected":false},"featured_media":23246,"comment_status":"open","ping_status":"closed","template":"","meta":[],"product_brand":[],"product_cat":[127],"product_tag":[297],"class_list":{"0":"post-23237","1":"product","2":"type-product","3":"status-publish","4":"has-post-thumbnail","6":"product_cat-estetoscopio-littmann-classic-ii-infantil","7":"product_tag-estetoscopio-littmann-classic-ii-infantil","8":"pa_acabado-de-la-pechera-acabado-standard","9":"pa_desempeno-196","10":"pa_marca-littmann","11":"pa_vastago-color-standard","13":"first","14":"instock","15":"taxable","16":"shipping-taxable","17":"purchasable","18":"product-type-simple"},"yoast_head":"<!-- This site is optimized with the Yoast SEO plugin v27.4 - https:\/\/yoast.com\/product\/yoast-seo-wordpress\/ -->\n<title>Estetoscopio Littmann Classic II Infantil Negro - Estetoscopio Littmann<\/title>\n<meta name=\"robots\" content=\"index, follow, max-snippet:-1, max-image-preview:large, max-video-preview:-1\" \/>\n<link rel=\"canonical\" href=\"https:\/\/stethoscope24.com\/estetoscopio-littmann\/product\/littmann-stethoscope-classic-ii-infant-black\/\" \/>\n<meta property=\"og:locale\" content=\"es_MX\" \/>\n<meta property=\"og:type\" content=\"article\" \/>\n<meta property=\"og:title\" content=\"Estetoscopio Littmann Classic II Infantil Negro - Estetoscopio Littmann\" \/>\n<meta property=\"og:description\" content=\"La pieza tor\u00e1cica de doble c\u00e1psula con un peque\u00f1o diafragma de 2,7 cm es ideal para ni\u00f1os peque\u00f1os.  El dise\u00f1o vers\u00e1til de la pieza tor\u00e1cica proporciona una alta sensibilidad ac\u00fastica con un diafragma flotante y una campana abierta.  Los auriculares con dise\u00f1o anat\u00f3mico est\u00e1n en \u00e1ngulo para adaptarse a la trayectoria del canal auditivo.  El anillo antifr\u00edo y el diafragma brindan comodidad al paciente.  Los materiales de caucho natural sin l\u00e1tex se adaptan a los usuarios sensibles a las alergias.  Las olivas de sellado suave brindan un excelente sellado ac\u00fastico y un ajuste c\u00f3modo.  Garant\u00eda limitada de 3 a\u00f1os.  \u00a1Elija el tubo flexible y el acabado de la pieza tor\u00e1cica del color y acabado respectivamente que mejor se adapte a su estilo!  Model : 7000002550\" \/>\n<meta property=\"og:url\" content=\"https:\/\/stethoscope24.com\/estetoscopio-littmann\/product\/littmann-stethoscope-classic-ii-infant-black\/\" \/>\n<meta property=\"og:site_name\" content=\"Estetoscopio Littmann\" \/>\n<meta property=\"article:modified_time\" content=\"2024-03-08T11:49:11+00:00\" \/>\n<meta property=\"og:image\" content=\"https:\/\/stethoscope24.com\/estetoscopio-littmann\/wp-content\/uploads\/2021\/02\/Littmann_2144.jpg\" \/>\n\t<meta property=\"og:image:width\" content=\"400\" \/>\n\t<meta property=\"og:image:height\" content=\"400\" \/>\n\t<meta property=\"og:image:type\" content=\"image\/jpeg\" \/>\n<meta name=\"twitter:card\" content=\"summary_large_image\" \/>\n<meta name=\"twitter:label1\" content=\"Tiempo de lectura\" \/>\n\t<meta name=\"twitter:data1\" content=\"2 minutos\" \/>\n<script type=\"application\/ld+json\" class=\"yoast-schema-graph\">{\"@context\":\"https:\\\/\\\/schema.org\",\"@graph\":[{\"@type\":\"WebPage\",\"@id\":\"https:\\\/\\\/stethoscope24.com\\\/estetoscopio-littmann\\\/product\\\/littmann-stethoscope-classic-ii-infant-black\\\/\",\"url\":\"https:\\\/\\\/stethoscope24.com\\\/estetoscopio-littmann\\\/product\\\/littmann-stethoscope-classic-ii-infant-black\\\/\",\"name\":\"Estetoscopio Littmann Classic II Infantil Negro - Estetoscopio Littmann\",\"isPartOf\":{\"@id\":\"https:\\\/\\\/stethoscope24.com\\\/estetoscopio-littmann\\\/#website\"},\"primaryImageOfPage\":{\"@id\":\"https:\\\/\\\/stethoscope24.com\\\/estetoscopio-littmann\\\/product\\\/littmann-stethoscope-classic-ii-infant-black\\\/#primaryimage\"},\"image\":{\"@id\":\"https:\\\/\\\/stethoscope24.com\\\/estetoscopio-littmann\\\/product\\\/littmann-stethoscope-classic-ii-infant-black\\\/#primaryimage\"},\"thumbnailUrl\":\"https:\\\/\\\/i0.wp.com\\\/stethoscope24.com\\\/estetoscopio-littmann\\\/wp-content\\\/uploads\\\/2021\\\/02\\\/Littmann_2144.jpg?fit=400%2C400&ssl=1\",\"datePublished\":\"2021-02-15T16:45:13+00:00\",\"dateModified\":\"2024-03-08T11:49:11+00:00\",\"breadcrumb\":{\"@id\":\"https:\\\/\\\/stethoscope24.com\\\/estetoscopio-littmann\\\/product\\\/littmann-stethoscope-classic-ii-infant-black\\\/#breadcrumb\"},\"inLanguage\":\"es\",\"potentialAction\":[{\"@type\":\"ReadAction\",\"target\":[\"https:\\\/\\\/stethoscope24.com\\\/estetoscopio-littmann\\\/product\\\/littmann-stethoscope-classic-ii-infant-black\\\/\"]}]},{\"@type\":\"ImageObject\",\"inLanguage\":\"es\",\"@id\":\"https:\\\/\\\/stethoscope24.com\\\/estetoscopio-littmann\\\/product\\\/littmann-stethoscope-classic-ii-infant-black\\\/#primaryimage\",\"url\":\"https:\\\/\\\/i0.wp.com\\\/stethoscope24.com\\\/estetoscopio-littmann\\\/wp-content\\\/uploads\\\/2021\\\/02\\\/Littmann_2144.jpg?fit=400%2C400&ssl=1\",\"contentUrl\":\"https:\\\/\\\/i0.wp.com\\\/stethoscope24.com\\\/estetoscopio-littmann\\\/wp-content\\\/uploads\\\/2021\\\/02\\\/Littmann_2144.jpg?fit=400%2C400&ssl=1\",\"width\":400,\"height\":400,\"caption\":\"Stethoscope Littmann Classic II Infant Black\"},{\"@type\":\"BreadcrumbList\",\"@id\":\"https:\\\/\\\/stethoscope24.com\\\/estetoscopio-littmann\\\/product\\\/littmann-stethoscope-classic-ii-infant-black\\\/#breadcrumb\",\"itemListElement\":[{\"@type\":\"ListItem\",\"position\":1,\"name\":\"Home\",\"item\":\"https:\\\/\\\/stethoscope24.com\\\/estetoscopio-littmann\\\/\"},{\"@type\":\"ListItem\",\"position\":2,\"name\":\"Shop\",\"item\":\"https:\\\/\\\/stethoscope24.com\\\/estetoscopio-littmann\\\/shop\\\/\"},{\"@type\":\"ListItem\",\"position\":3,\"name\":\"Estetoscopio Littmann Classic II Infantil Negro\"}]},{\"@type\":\"WebSite\",\"@id\":\"https:\\\/\\\/stethoscope24.com\\\/estetoscopio-littmann\\\/#website\",\"url\":\"https:\\\/\\\/stethoscope24.com\\\/estetoscopio-littmann\\\/\",\"name\":\"Estetoscopio Littmann\",\"description\":\"Estetoscopio Littmann\",\"publisher\":{\"@id\":\"https:\\\/\\\/stethoscope24.com\\\/estetoscopio-littmann\\\/#organization\"},\"potentialAction\":[{\"@type\":\"SearchAction\",\"target\":{\"@type\":\"EntryPoint\",\"urlTemplate\":\"https:\\\/\\\/stethoscope24.com\\\/estetoscopio-littmann\\\/?s={search_term_string}\"},\"query-input\":{\"@type\":\"PropertyValueSpecification\",\"valueRequired\":true,\"valueName\":\"search_term_string\"}}],\"inLanguage\":\"es\"},{\"@type\":\"Organization\",\"@id\":\"https:\\\/\\\/stethoscope24.com\\\/estetoscopio-littmann\\\/#organization\",\"name\":\"Estetoscopio Littmann\",\"url\":\"https:\\\/\\\/stethoscope24.com\\\/estetoscopio-littmann\\\/\",\"logo\":{\"@type\":\"ImageObject\",\"inLanguage\":\"es\",\"@id\":\"https:\\\/\\\/stethoscope24.com\\\/estetoscopio-littmann\\\/#\\\/schema\\\/logo\\\/image\\\/\",\"url\":\"https:\\\/\\\/i0.wp.com\\\/stethoscope24.com\\\/estetoscopio-littmann\\\/wp-content\\\/uploads\\\/2021\\\/03\\\/logostethoscope24-50.jpg?fit=298%2C50&ssl=1\",\"contentUrl\":\"https:\\\/\\\/i0.wp.com\\\/stethoscope24.com\\\/estetoscopio-littmann\\\/wp-content\\\/uploads\\\/2021\\\/03\\\/logostethoscope24-50.jpg?fit=298%2C50&ssl=1\",\"width\":298,\"height\":50,\"caption\":\"Estetoscopio Littmann\"},\"image\":{\"@id\":\"https:\\\/\\\/stethoscope24.com\\\/estetoscopio-littmann\\\/#\\\/schema\\\/logo\\\/image\\\/\"}}]}<\/script>\n<!-- \/ Yoast SEO plugin. -->","yoast_head_json":{"title":"Estetoscopio Littmann Classic II Infantil Negro - Estetoscopio Littmann","robots":{"index":"index","follow":"follow","max-snippet":"max-snippet:-1","max-image-preview":"max-image-preview:large","max-video-preview":"max-video-preview:-1"},"canonical":"https:\/\/stethoscope24.com\/estetoscopio-littmann\/product\/littmann-stethoscope-classic-ii-infant-black\/","og_locale":"es_MX","og_type":"article","og_title":"Estetoscopio Littmann Classic II Infantil Negro - Estetoscopio Littmann","og_description":"La pieza tor\u00e1cica de doble c\u00e1psula con un peque\u00f1o diafragma de 2,7 cm es ideal para ni\u00f1os peque\u00f1os.  El dise\u00f1o vers\u00e1til de la pieza tor\u00e1cica proporciona una alta sensibilidad ac\u00fastica con un diafragma flotante y una campana abierta.  Los auriculares con dise\u00f1o anat\u00f3mico est\u00e1n en \u00e1ngulo para adaptarse a la trayectoria del canal auditivo.  El anillo antifr\u00edo y el diafragma brindan comodidad al paciente.  Los materiales de caucho natural sin l\u00e1tex se adaptan a los usuarios sensibles a las alergias.  Las olivas de sellado suave brindan un excelente sellado ac\u00fastico y un ajuste c\u00f3modo.  Garant\u00eda limitada de 3 a\u00f1os.  \u00a1Elija el tubo flexible y el acabado de la pieza tor\u00e1cica del color y acabado respectivamente que mejor se adapte a su estilo!  Model : 7000002550","og_url":"https:\/\/stethoscope24.com\/estetoscopio-littmann\/product\/littmann-stethoscope-classic-ii-infant-black\/","og_site_name":"Estetoscopio Littmann","article_modified_time":"2024-03-08T11:49:11+00:00","og_image":[{"width":400,"height":400,"url":"https:\/\/stethoscope24.com\/estetoscopio-littmann\/wp-content\/uploads\/2021\/02\/Littmann_2144.jpg","type":"image\/jpeg"}],"twitter_card":"summary_large_image","twitter_misc":{"Tiempo de lectura":"2 minutos"},"schema":{"@context":"https:\/\/schema.org","@graph":[{"@type":"WebPage","@id":"https:\/\/stethoscope24.com\/estetoscopio-littmann\/product\/littmann-stethoscope-classic-ii-infant-black\/","url":"https:\/\/stethoscope24.com\/estetoscopio-littmann\/product\/littmann-stethoscope-classic-ii-infant-black\/","name":"Estetoscopio Littmann Classic II Infantil Negro - Estetoscopio Littmann","isPartOf":{"@id":"https:\/\/stethoscope24.com\/estetoscopio-littmann\/#website"},"primaryImageOfPage":{"@id":"https:\/\/stethoscope24.com\/estetoscopio-littmann\/product\/littmann-stethoscope-classic-ii-infant-black\/#primaryimage"},"image":{"@id":"https:\/\/stethoscope24.com\/estetoscopio-littmann\/product\/littmann-stethoscope-classic-ii-infant-black\/#primaryimage"},"thumbnailUrl":"https:\/\/i0.wp.com\/stethoscope24.com\/estetoscopio-littmann\/wp-content\/uploads\/2021\/02\/Littmann_2144.jpg?fit=400%2C400&ssl=1","datePublished":"2021-02-15T16:45:13+00:00","dateModified":"2024-03-08T11:49:11+00:00","breadcrumb":{"@id":"https:\/\/stethoscope24.com\/estetoscopio-littmann\/product\/littmann-stethoscope-classic-ii-infant-black\/#breadcrumb"},"inLanguage":"es","potentialAction":[{"@type":"ReadAction","target":["https:\/\/stethoscope24.com\/estetoscopio-littmann\/product\/littmann-stethoscope-classic-ii-infant-black\/"]}]},{"@type":"ImageObject","inLanguage":"es","@id":"https:\/\/stethoscope24.com\/estetoscopio-littmann\/product\/littmann-stethoscope-classic-ii-infant-black\/#primaryimage","url":"https:\/\/i0.wp.com\/stethoscope24.com\/estetoscopio-littmann\/wp-content\/uploads\/2021\/02\/Littmann_2144.jpg?fit=400%2C400&ssl=1","contentUrl":"https:\/\/i0.wp.com\/stethoscope24.com\/estetoscopio-littmann\/wp-content\/uploads\/2021\/02\/Littmann_2144.jpg?fit=400%2C400&ssl=1","width":400,"height":400,"caption":"Stethoscope Littmann Classic II Infant Black"},{"@type":"BreadcrumbList","@id":"https:\/\/stethoscope24.com\/estetoscopio-littmann\/product\/littmann-stethoscope-classic-ii-infant-black\/#breadcrumb","itemListElement":[{"@type":"ListItem","position":1,"name":"Home","item":"https:\/\/stethoscope24.com\/estetoscopio-littmann\/"},{"@type":"ListItem","position":2,"name":"Shop","item":"https:\/\/stethoscope24.com\/estetoscopio-littmann\/shop\/"},{"@type":"ListItem","position":3,"name":"Estetoscopio Littmann Classic II Infantil Negro"}]},{"@type":"WebSite","@id":"https:\/\/stethoscope24.com\/estetoscopio-littmann\/#website","url":"https:\/\/stethoscope24.com\/estetoscopio-littmann\/","name":"Estetoscopio Littmann","description":"Estetoscopio Littmann","publisher":{"@id":"https:\/\/stethoscope24.com\/estetoscopio-littmann\/#organization"},"potentialAction":[{"@type":"SearchAction","target":{"@type":"EntryPoint","urlTemplate":"https:\/\/stethoscope24.com\/estetoscopio-littmann\/?s={search_term_string}"},"query-input":{"@type":"PropertyValueSpecification","valueRequired":true,"valueName":"search_term_string"}}],"inLanguage":"es"},{"@type":"Organization","@id":"https:\/\/stethoscope24.com\/estetoscopio-littmann\/#organization","name":"Estetoscopio Littmann","url":"https:\/\/stethoscope24.com\/estetoscopio-littmann\/","logo":{"@type":"ImageObject","inLanguage":"es","@id":"https:\/\/stethoscope24.com\/estetoscopio-littmann\/#\/schema\/logo\/image\/","url":"https:\/\/i0.wp.com\/stethoscope24.com\/estetoscopio-littmann\/wp-content\/uploads\/2021\/03\/logostethoscope24-50.jpg?fit=298%2C50&ssl=1","contentUrl":"https:\/\/i0.wp.com\/stethoscope24.com\/estetoscopio-littmann\/wp-content\/uploads\/2021\/03\/logostethoscope24-50.jpg?fit=298%2C50&ssl=1","width":298,"height":50,"caption":"Estetoscopio Littmann"},"image":{"@id":"https:\/\/stethoscope24.com\/estetoscopio-littmann\/#\/schema\/logo\/image\/"}}]}},"jetpack_sharing_enabled":true,"_links":{"self":[{"href":"https:\/\/stethoscope24.com\/estetoscopio-littmann\/wp-json\/wp\/v2\/product\/23237","targetHints":{"allow":["GET"]}}],"collection":[{"href":"https:\/\/stethoscope24.com\/estetoscopio-littmann\/wp-json\/wp\/v2\/product"}],"about":[{"href":"https:\/\/stethoscope24.com\/estetoscopio-littmann\/wp-json\/wp\/v2\/types\/product"}],"replies":[{"embeddable":true,"href":"https:\/\/stethoscope24.com\/estetoscopio-littmann\/wp-json\/wp\/v2\/comments?post=23237"}],"wp:featuredmedia":[{"embeddable":true,"href":"https:\/\/stethoscope24.com\/estetoscopio-littmann\/wp-json\/wp\/v2\/media\/23246"}],"wp:attachment":[{"href":"https:\/\/stethoscope24.com\/estetoscopio-littmann\/wp-json\/wp\/v2\/media?parent=23237"}],"wp:term":[{"taxonomy":"product_brand","embeddable":true,"href":"https:\/\/stethoscope24.com\/estetoscopio-littmann\/wp-json\/wp\/v2\/product_brand?post=23237"},{"taxonomy":"product_cat","embeddable":true,"href":"https:\/\/stethoscope24.com\/estetoscopio-littmann\/wp-json\/wp\/v2\/product_cat?post=23237"},{"taxonomy":"product_tag","embeddable":true,"href":"https:\/\/stethoscope24.com\/estetoscopio-littmann\/wp-json\/wp\/v2\/product_tag?post=23237"}],"curies":[{"name":"wp","href":"https:\/\/api.w.org\/{rel}","templated":true}]}}