{"id":23330,"date":"2021-02-19T13:33:54","date_gmt":"2021-02-19T13:33:54","guid":{"rendered":"https:\/\/estetoscopiolittmann.com\/?post_type=product&#038;p=23330"},"modified":"2024-01-23T06:58:51","modified_gmt":"2024-01-23T06:58:51","slug":"littmann-stethoscope-classic-ii-pediatric-raspberry","status":"publish","type":"product","link":"https:\/\/stethoscope24.com\/estetoscopio-littmann\/product\/littmann-stethoscope-classic-ii-pediatric-raspberry\/","title":{"rendered":"Littmann Stethoscope Classic II Pediatric Raspberry"},"content":{"rendered":"<h1>Estetoscopio Littmann Classic II Pedi\u00e1trico Frambuesa (28\u201d\/71cm)<\/h1>\n<p>El estetoscopio pedi\u00e1trico Littmann Classic II de 3M se basa en el exitoso dise\u00f1o de los estetoscopios 3M Littmann Classic. Este dispositivo m\u00e9dico confiable es ideal para la valoraci\u00f3n f\u00edsica, el monitoreo y el diagn\u00f3stico de pacientes m\u00e1s peque\u00f1os. Tome decisiones con confianza utilizando el estetoscopio pedi\u00e1trico Littmann Classic II de 3M.<\/p>\n<p>El estetoscopio pedi\u00e1trico Littmann Classic II de 3M est\u00e1 especialmente dise\u00f1ado para su uso en beb\u00e9s, ni\u00f1os y adolescentes. Proporciona una alta sensibilidad ac\u00fastica a trav\u00e9s de su pieza tor\u00e1cica de doble c\u00e1psula, para sonidos de alta y baja frecuencia. Los profesionales m\u00e9dicos pueden confiar en el estetoscopio pedi\u00e1trico Littmann Classic II de 3M para escuchar, estudiar e identificar las frecuencias card\u00edacas, pulmonares y otras frecuencias corporales para la valoraci\u00f3n del estado f\u00edsico y el diagn\u00f3stico preciso en pediatr\u00eda. Para su comodidad la tensi\u00f3n de la diadema se ajusta f\u00e1cilmente a cabezas de distintos tama\u00f1os juntando o separando los tubos auditivos. El resistente tubo flexible de \u00faltima generaci\u00f3n conserva la forma y flexibilidad del estetoscopio, incluso despu\u00e9s de guardarse apretadamente en un bolsillo. El estetoscopio pedi\u00e1trico Littmann Classic II de 3M le brinda una mayor durabilidad al tener una mayor resistencia a los aceites de la piel y al alcohol, y es menos probable que se manche. No se utiliza l\u00e1tex de caucho natural en la fabricaci\u00f3n del tubo flexible de los estetoscopios de \u00faltima generaci\u00f3n, lo que resulta en un beneficio para los profesionales m\u00e9dicos sensibles y sus pacientes peque\u00f1os. El estetoscopio pedi\u00e1trico Littmann Classic II de 3Mcontribuye en la protecci\u00f3n de la salud humana y el medio ambiente al eliminar los plastificantes de ftalato da\u00f1inos en la composici\u00f3n de los materiales del tubo flexible.<\/p>\n","protected":false},"excerpt":{"rendered":"<ul style=\"list-style-type: disc; list-style-position: outside;\">\n<li>La pieza tor\u00e1cica de doble c\u00e1psula con un peque\u00f1o diafragma de 3,3 cm es ideal para pacientes en pediatr\u00eda.<\/li>\n<li>El dise\u00f1o vers\u00e1til de la pieza tor\u00e1cica proporciona una alta sensibilidad ac\u00fastica con un diafragma flotante y una campana abierta.<\/li>\n<li>La diadema con dise\u00f1o anat\u00f3mico est\u00e1n en \u00e1ngulo para adaptarse a la trayectoria del canal auditivo.<\/li>\n<li>El anillo antifr\u00edo y el diafragma brindan comodidad al paciente.<\/li>\n<li>Los materiales de caucho natural sin l\u00e1tex se adaptan a los usuarios sensibles a las alergias.<\/li>\n<li>Las olivas de sellado suave brindan un excelente sellado ac\u00fastico y un ajuste c\u00f3modo.<\/li>\n<li>Garant\u00eda limitada de 3 a\u00f1os.<\/li>\n<li>Model : 7000002757<\/li>\n<\/ul>\n","protected":false},"featured_media":23322,"comment_status":"open","ping_status":"closed","template":"","meta":[],"product_brand":[],"product_cat":[126],"product_tag":[298],"class_list":{"0":"post-23330","1":"product","2":"type-product","3":"status-publish","4":"has-post-thumbnail","6":"product_cat-estetoscopio-littmann-classic-ii-pediatrico","7":"product_tag-estetoscopio-littmann-classic-ii-pediatrico","8":"pa_acabado-de-la-pechera-acabado-standard","9":"pa_desempeno-196","10":"pa_marca-littmann","11":"pa_vastago-color-standard","13":"first","14":"instock","15":"taxable","16":"shipping-taxable","17":"purchasable","18":"product-type-simple"},"yoast_head":"<!-- This site is optimized with the Yoast SEO plugin v27.4 - https:\/\/yoast.com\/product\/yoast-seo-wordpress\/ -->\n<title>Littmann Stethoscope Classic II Pediatric Raspberry - Estetoscopio Littmann<\/title>\n<meta name=\"robots\" content=\"index, follow, max-snippet:-1, max-image-preview:large, max-video-preview:-1\" \/>\n<link rel=\"canonical\" href=\"https:\/\/stethoscope24.com\/estetoscopio-littmann\/product\/littmann-stethoscope-classic-ii-pediatric-raspberry\/\" \/>\n<meta property=\"og:locale\" content=\"es_MX\" \/>\n<meta property=\"og:type\" content=\"article\" \/>\n<meta property=\"og:title\" content=\"Littmann Stethoscope Classic II Pediatric Raspberry - Estetoscopio Littmann\" \/>\n<meta property=\"og:description\" content=\"La pieza tor\u00e1cica de doble c\u00e1psula con un peque\u00f1o diafragma de 3,3 cm es ideal para pacientes en pediatr\u00eda.  El dise\u00f1o vers\u00e1til de la pieza tor\u00e1cica proporciona una alta sensibilidad ac\u00fastica con un diafragma flotante y una campana abierta.  La diadema con dise\u00f1o anat\u00f3mico est\u00e1n en \u00e1ngulo para adaptarse a la trayectoria del canal auditivo.  El anillo antifr\u00edo y el diafragma brindan comodidad al paciente.  Los materiales de caucho natural sin l\u00e1tex se adaptan a los usuarios sensibles a las alergias.  Las olivas de sellado suave brindan un excelente sellado ac\u00fastico y un ajuste c\u00f3modo.  Garant\u00eda limitada de 3 a\u00f1os.  Model : 7000002757\" \/>\n<meta property=\"og:url\" content=\"https:\/\/stethoscope24.com\/estetoscopio-littmann\/product\/littmann-stethoscope-classic-ii-pediatric-raspberry\/\" \/>\n<meta property=\"og:site_name\" content=\"Estetoscopio Littmann\" \/>\n<meta property=\"article:modified_time\" content=\"2024-01-23T06:58:51+00:00\" \/>\n<meta property=\"og:image\" content=\"https:\/\/stethoscope24.com\/estetoscopio-littmann\/wp-content\/uploads\/2021\/02\/Littmann_2122.jpg\" \/>\n\t<meta property=\"og:image:width\" content=\"400\" \/>\n\t<meta property=\"og:image:height\" content=\"400\" \/>\n\t<meta property=\"og:image:type\" content=\"image\/jpeg\" \/>\n<meta name=\"twitter:card\" content=\"summary_large_image\" \/>\n<meta name=\"twitter:label1\" content=\"Tiempo de lectura\" \/>\n\t<meta name=\"twitter:data1\" content=\"2 minutos\" \/>\n<script type=\"application\/ld+json\" class=\"yoast-schema-graph\">{\"@context\":\"https:\\\/\\\/schema.org\",\"@graph\":[{\"@type\":\"WebPage\",\"@id\":\"https:\\\/\\\/stethoscope24.com\\\/estetoscopio-littmann\\\/product\\\/littmann-stethoscope-classic-ii-pediatric-raspberry\\\/\",\"url\":\"https:\\\/\\\/stethoscope24.com\\\/estetoscopio-littmann\\\/product\\\/littmann-stethoscope-classic-ii-pediatric-raspberry\\\/\",\"name\":\"Littmann Stethoscope Classic II Pediatric Raspberry - Estetoscopio Littmann\",\"isPartOf\":{\"@id\":\"https:\\\/\\\/stethoscope24.com\\\/estetoscopio-littmann\\\/#website\"},\"primaryImageOfPage\":{\"@id\":\"https:\\\/\\\/stethoscope24.com\\\/estetoscopio-littmann\\\/product\\\/littmann-stethoscope-classic-ii-pediatric-raspberry\\\/#primaryimage\"},\"image\":{\"@id\":\"https:\\\/\\\/stethoscope24.com\\\/estetoscopio-littmann\\\/product\\\/littmann-stethoscope-classic-ii-pediatric-raspberry\\\/#primaryimage\"},\"thumbnailUrl\":\"https:\\\/\\\/i0.wp.com\\\/stethoscope24.com\\\/estetoscopio-littmann\\\/wp-content\\\/uploads\\\/2021\\\/02\\\/Littmann_2122.jpg?fit=400%2C400&ssl=1\",\"datePublished\":\"2021-02-19T13:33:54+00:00\",\"dateModified\":\"2024-01-23T06:58:51+00:00\",\"breadcrumb\":{\"@id\":\"https:\\\/\\\/stethoscope24.com\\\/estetoscopio-littmann\\\/product\\\/littmann-stethoscope-classic-ii-pediatric-raspberry\\\/#breadcrumb\"},\"inLanguage\":\"es\",\"potentialAction\":[{\"@type\":\"ReadAction\",\"target\":[\"https:\\\/\\\/stethoscope24.com\\\/estetoscopio-littmann\\\/product\\\/littmann-stethoscope-classic-ii-pediatric-raspberry\\\/\"]}]},{\"@type\":\"ImageObject\",\"inLanguage\":\"es\",\"@id\":\"https:\\\/\\\/stethoscope24.com\\\/estetoscopio-littmann\\\/product\\\/littmann-stethoscope-classic-ii-pediatric-raspberry\\\/#primaryimage\",\"url\":\"https:\\\/\\\/i0.wp.com\\\/stethoscope24.com\\\/estetoscopio-littmann\\\/wp-content\\\/uploads\\\/2021\\\/02\\\/Littmann_2122.jpg?fit=400%2C400&ssl=1\",\"contentUrl\":\"https:\\\/\\\/i0.wp.com\\\/stethoscope24.com\\\/estetoscopio-littmann\\\/wp-content\\\/uploads\\\/2021\\\/02\\\/Littmann_2122.jpg?fit=400%2C400&ssl=1\",\"width\":400,\"height\":400,\"caption\":\"Stethoscope Littmann Classic II Pediatric Raspberry 2122\"},{\"@type\":\"BreadcrumbList\",\"@id\":\"https:\\\/\\\/stethoscope24.com\\\/estetoscopio-littmann\\\/product\\\/littmann-stethoscope-classic-ii-pediatric-raspberry\\\/#breadcrumb\",\"itemListElement\":[{\"@type\":\"ListItem\",\"position\":1,\"name\":\"Home\",\"item\":\"https:\\\/\\\/stethoscope24.com\\\/estetoscopio-littmann\\\/\"},{\"@type\":\"ListItem\",\"position\":2,\"name\":\"Shop\",\"item\":\"https:\\\/\\\/stethoscope24.com\\\/estetoscopio-littmann\\\/shop\\\/\"},{\"@type\":\"ListItem\",\"position\":3,\"name\":\"Littmann Stethoscope Classic II Pediatric Raspberry\"}]},{\"@type\":\"WebSite\",\"@id\":\"https:\\\/\\\/stethoscope24.com\\\/estetoscopio-littmann\\\/#website\",\"url\":\"https:\\\/\\\/stethoscope24.com\\\/estetoscopio-littmann\\\/\",\"name\":\"Estetoscopio Littmann\",\"description\":\"Estetoscopio Littmann\",\"publisher\":{\"@id\":\"https:\\\/\\\/stethoscope24.com\\\/estetoscopio-littmann\\\/#organization\"},\"potentialAction\":[{\"@type\":\"SearchAction\",\"target\":{\"@type\":\"EntryPoint\",\"urlTemplate\":\"https:\\\/\\\/stethoscope24.com\\\/estetoscopio-littmann\\\/?s={search_term_string}\"},\"query-input\":{\"@type\":\"PropertyValueSpecification\",\"valueRequired\":true,\"valueName\":\"search_term_string\"}}],\"inLanguage\":\"es\"},{\"@type\":\"Organization\",\"@id\":\"https:\\\/\\\/stethoscope24.com\\\/estetoscopio-littmann\\\/#organization\",\"name\":\"Estetoscopio Littmann\",\"url\":\"https:\\\/\\\/stethoscope24.com\\\/estetoscopio-littmann\\\/\",\"logo\":{\"@type\":\"ImageObject\",\"inLanguage\":\"es\",\"@id\":\"https:\\\/\\\/stethoscope24.com\\\/estetoscopio-littmann\\\/#\\\/schema\\\/logo\\\/image\\\/\",\"url\":\"https:\\\/\\\/i0.wp.com\\\/stethoscope24.com\\\/estetoscopio-littmann\\\/wp-content\\\/uploads\\\/2021\\\/03\\\/logostethoscope24-50.jpg?fit=298%2C50&ssl=1\",\"contentUrl\":\"https:\\\/\\\/i0.wp.com\\\/stethoscope24.com\\\/estetoscopio-littmann\\\/wp-content\\\/uploads\\\/2021\\\/03\\\/logostethoscope24-50.jpg?fit=298%2C50&ssl=1\",\"width\":298,\"height\":50,\"caption\":\"Estetoscopio Littmann\"},\"image\":{\"@id\":\"https:\\\/\\\/stethoscope24.com\\\/estetoscopio-littmann\\\/#\\\/schema\\\/logo\\\/image\\\/\"}}]}<\/script>\n<!-- \/ Yoast SEO plugin. -->","yoast_head_json":{"title":"Littmann Stethoscope Classic II Pediatric Raspberry - Estetoscopio Littmann","robots":{"index":"index","follow":"follow","max-snippet":"max-snippet:-1","max-image-preview":"max-image-preview:large","max-video-preview":"max-video-preview:-1"},"canonical":"https:\/\/stethoscope24.com\/estetoscopio-littmann\/product\/littmann-stethoscope-classic-ii-pediatric-raspberry\/","og_locale":"es_MX","og_type":"article","og_title":"Littmann Stethoscope Classic II Pediatric Raspberry - Estetoscopio Littmann","og_description":"La pieza tor\u00e1cica de doble c\u00e1psula con un peque\u00f1o diafragma de 3,3 cm es ideal para pacientes en pediatr\u00eda.  El dise\u00f1o vers\u00e1til de la pieza tor\u00e1cica proporciona una alta sensibilidad ac\u00fastica con un diafragma flotante y una campana abierta.  La diadema con dise\u00f1o anat\u00f3mico est\u00e1n en \u00e1ngulo para adaptarse a la trayectoria del canal auditivo.  El anillo antifr\u00edo y el diafragma brindan comodidad al paciente.  Los materiales de caucho natural sin l\u00e1tex se adaptan a los usuarios sensibles a las alergias.  Las olivas de sellado suave brindan un excelente sellado ac\u00fastico y un ajuste c\u00f3modo.  Garant\u00eda limitada de 3 a\u00f1os.  Model : 7000002757","og_url":"https:\/\/stethoscope24.com\/estetoscopio-littmann\/product\/littmann-stethoscope-classic-ii-pediatric-raspberry\/","og_site_name":"Estetoscopio Littmann","article_modified_time":"2024-01-23T06:58:51+00:00","og_image":[{"width":400,"height":400,"url":"https:\/\/stethoscope24.com\/estetoscopio-littmann\/wp-content\/uploads\/2021\/02\/Littmann_2122.jpg","type":"image\/jpeg"}],"twitter_card":"summary_large_image","twitter_misc":{"Tiempo de lectura":"2 minutos"},"schema":{"@context":"https:\/\/schema.org","@graph":[{"@type":"WebPage","@id":"https:\/\/stethoscope24.com\/estetoscopio-littmann\/product\/littmann-stethoscope-classic-ii-pediatric-raspberry\/","url":"https:\/\/stethoscope24.com\/estetoscopio-littmann\/product\/littmann-stethoscope-classic-ii-pediatric-raspberry\/","name":"Littmann Stethoscope Classic II Pediatric Raspberry - Estetoscopio Littmann","isPartOf":{"@id":"https:\/\/stethoscope24.com\/estetoscopio-littmann\/#website"},"primaryImageOfPage":{"@id":"https:\/\/stethoscope24.com\/estetoscopio-littmann\/product\/littmann-stethoscope-classic-ii-pediatric-raspberry\/#primaryimage"},"image":{"@id":"https:\/\/stethoscope24.com\/estetoscopio-littmann\/product\/littmann-stethoscope-classic-ii-pediatric-raspberry\/#primaryimage"},"thumbnailUrl":"https:\/\/i0.wp.com\/stethoscope24.com\/estetoscopio-littmann\/wp-content\/uploads\/2021\/02\/Littmann_2122.jpg?fit=400%2C400&ssl=1","datePublished":"2021-02-19T13:33:54+00:00","dateModified":"2024-01-23T06:58:51+00:00","breadcrumb":{"@id":"https:\/\/stethoscope24.com\/estetoscopio-littmann\/product\/littmann-stethoscope-classic-ii-pediatric-raspberry\/#breadcrumb"},"inLanguage":"es","potentialAction":[{"@type":"ReadAction","target":["https:\/\/stethoscope24.com\/estetoscopio-littmann\/product\/littmann-stethoscope-classic-ii-pediatric-raspberry\/"]}]},{"@type":"ImageObject","inLanguage":"es","@id":"https:\/\/stethoscope24.com\/estetoscopio-littmann\/product\/littmann-stethoscope-classic-ii-pediatric-raspberry\/#primaryimage","url":"https:\/\/i0.wp.com\/stethoscope24.com\/estetoscopio-littmann\/wp-content\/uploads\/2021\/02\/Littmann_2122.jpg?fit=400%2C400&ssl=1","contentUrl":"https:\/\/i0.wp.com\/stethoscope24.com\/estetoscopio-littmann\/wp-content\/uploads\/2021\/02\/Littmann_2122.jpg?fit=400%2C400&ssl=1","width":400,"height":400,"caption":"Stethoscope Littmann Classic II Pediatric Raspberry 2122"},{"@type":"BreadcrumbList","@id":"https:\/\/stethoscope24.com\/estetoscopio-littmann\/product\/littmann-stethoscope-classic-ii-pediatric-raspberry\/#breadcrumb","itemListElement":[{"@type":"ListItem","position":1,"name":"Home","item":"https:\/\/stethoscope24.com\/estetoscopio-littmann\/"},{"@type":"ListItem","position":2,"name":"Shop","item":"https:\/\/stethoscope24.com\/estetoscopio-littmann\/shop\/"},{"@type":"ListItem","position":3,"name":"Littmann Stethoscope Classic II Pediatric Raspberry"}]},{"@type":"WebSite","@id":"https:\/\/stethoscope24.com\/estetoscopio-littmann\/#website","url":"https:\/\/stethoscope24.com\/estetoscopio-littmann\/","name":"Estetoscopio Littmann","description":"Estetoscopio Littmann","publisher":{"@id":"https:\/\/stethoscope24.com\/estetoscopio-littmann\/#organization"},"potentialAction":[{"@type":"SearchAction","target":{"@type":"EntryPoint","urlTemplate":"https:\/\/stethoscope24.com\/estetoscopio-littmann\/?s={search_term_string}"},"query-input":{"@type":"PropertyValueSpecification","valueRequired":true,"valueName":"search_term_string"}}],"inLanguage":"es"},{"@type":"Organization","@id":"https:\/\/stethoscope24.com\/estetoscopio-littmann\/#organization","name":"Estetoscopio Littmann","url":"https:\/\/stethoscope24.com\/estetoscopio-littmann\/","logo":{"@type":"ImageObject","inLanguage":"es","@id":"https:\/\/stethoscope24.com\/estetoscopio-littmann\/#\/schema\/logo\/image\/","url":"https:\/\/i0.wp.com\/stethoscope24.com\/estetoscopio-littmann\/wp-content\/uploads\/2021\/03\/logostethoscope24-50.jpg?fit=298%2C50&ssl=1","contentUrl":"https:\/\/i0.wp.com\/stethoscope24.com\/estetoscopio-littmann\/wp-content\/uploads\/2021\/03\/logostethoscope24-50.jpg?fit=298%2C50&ssl=1","width":298,"height":50,"caption":"Estetoscopio Littmann"},"image":{"@id":"https:\/\/stethoscope24.com\/estetoscopio-littmann\/#\/schema\/logo\/image\/"}}]}},"jetpack_sharing_enabled":true,"_links":{"self":[{"href":"https:\/\/stethoscope24.com\/estetoscopio-littmann\/wp-json\/wp\/v2\/product\/23330","targetHints":{"allow":["GET"]}}],"collection":[{"href":"https:\/\/stethoscope24.com\/estetoscopio-littmann\/wp-json\/wp\/v2\/product"}],"about":[{"href":"https:\/\/stethoscope24.com\/estetoscopio-littmann\/wp-json\/wp\/v2\/types\/product"}],"replies":[{"embeddable":true,"href":"https:\/\/stethoscope24.com\/estetoscopio-littmann\/wp-json\/wp\/v2\/comments?post=23330"}],"wp:featuredmedia":[{"embeddable":true,"href":"https:\/\/stethoscope24.com\/estetoscopio-littmann\/wp-json\/wp\/v2\/media\/23322"}],"wp:attachment":[{"href":"https:\/\/stethoscope24.com\/estetoscopio-littmann\/wp-json\/wp\/v2\/media?parent=23330"}],"wp:term":[{"taxonomy":"product_brand","embeddable":true,"href":"https:\/\/stethoscope24.com\/estetoscopio-littmann\/wp-json\/wp\/v2\/product_brand?post=23330"},{"taxonomy":"product_cat","embeddable":true,"href":"https:\/\/stethoscope24.com\/estetoscopio-littmann\/wp-json\/wp\/v2\/product_cat?post=23330"},{"taxonomy":"product_tag","embeddable":true,"href":"https:\/\/stethoscope24.com\/estetoscopio-littmann\/wp-json\/wp\/v2\/product_tag?post=23330"}],"curies":[{"name":"wp","href":"https:\/\/api.w.org\/{rel}","templated":true}]}}