{"id":23379,"date":"2021-02-23T14:18:08","date_gmt":"2021-02-23T14:18:08","guid":{"rendered":"https:\/\/estetoscopiolittmann.com\/?post_type=product&#038;p=23379"},"modified":"2024-01-18T09:35:36","modified_gmt":"2024-01-18T09:35:36","slug":"kit-de-piezas-de-repuesto-para-estetoscopio-littmann-master-cardiology-negro-de-3m","status":"publish","type":"product","link":"https:\/\/stethoscope24.com\/estetoscopio-littmann\/product\/kit-de-piezas-de-repuesto-para-estetoscopio-littmann-master-cardiology-negro-de-3m\/","title":{"rendered":"Kit de Piezas de Repuesto para Estetoscopio Littmann Master Cardiology Negro de 3M"},"content":{"rendered":"<p>Los estetoscopios Littmann de 3M ofrecen la alta calidad que esperan los profesionales m\u00e9dicos, y cada pieza de repuesto y accesorio cumple con los mismos elevados est\u00e1ndares. Convenientemente empaquetado en kits que corresponden a nuestros modelos de estetoscopio, as\u00ed es un estetoscopio Littmann<\/p>\n<p>El juego de partes de repuesto del estetoscopio Littmann de 3M para el estetoscopio Master Cardiology contiene un anillo negro y un diafragma sintonizable para la pieza tor\u00e1cica, adem\u00e1s de dos peque\u00f1as olivas negras (1,27 cm) de suave sellado herm\u00e9tico a presi\u00f3n.<\/p>\n<p>La tecnolog\u00eda de diafragma sintonizable, una invenci\u00f3n de 3M, permite a los m\u00e9dicos escuchar sonidos de diferente frecuencia simplemente ajustando la presi\u00f3n sobre la pieza tor\u00e1cica. Sostenga la pieza tor\u00e1cica con una ligera presi\u00f3n para escuchar sonidos de baja frecuencia; presione un poco m\u00e1s para escuchar sonidos de frecuencia m\u00e1s alta.<\/p>\n<p>Las olivas de suave sellado herm\u00e9tico a presi\u00f3n se adaptan a los o\u00eddos individuales para un excelente sellado ac\u00fastico y un ajuste c\u00f3modo. Las olivas encajan firmemente en los extremos de los tubos auditivos y, por seguridad, requieren un esfuerzo significativo para quitarse.<\/p>\n","protected":false},"excerpt":{"rendered":"<ul style=\"list-style-type: disc; list-style-position: outside;\">\n<li>Calidad y confiabilidad en un conveniente paquete<\/li>\n<li>Contiene un diafragma sintonizable y un anillo ensamblable para la pieza tor\u00e1cica del estetoscopio, en color negro<\/li>\n<\/ul>\n","protected":false},"featured_media":23380,"comment_status":"open","ping_status":"closed","template":"","meta":[],"product_brand":[],"product_cat":[123],"product_tag":[392,391],"class_list":{"0":"post-23379","1":"product","2":"type-product","3":"status-publish","4":"has-post-thumbnail","6":"product_cat-estetoscopio-littmann-partes-de-repuesto","7":"product_tag-kit-de-piezas-de-repuesto-para-estetoscopio-littmann-master-cardiology","8":"product_tag-kit-de-piezas-de-repuesto-para-estetoscopio-littmann-master-cardiology-negro","9":"pa_marca-littmann","11":"first","12":"instock","13":"taxable","14":"shipping-taxable","15":"purchasable","16":"product-type-simple"},"yoast_head":"<!-- This site is optimized with the Yoast SEO plugin v27.4 - https:\/\/yoast.com\/product\/yoast-seo-wordpress\/ -->\n<title>Kit de Piezas de Repuesto para Estetoscopio Littmann Master Cardiology Negro de 3M<\/title>\n<meta name=\"description\" content=\"Comprar ahora - Kit de Piezas de Repuesto para Estetoscopio Littmann Master Cardiology Negro\" \/>\n<meta name=\"robots\" content=\"index, follow, max-snippet:-1, max-image-preview:large, max-video-preview:-1\" \/>\n<link rel=\"canonical\" href=\"https:\/\/stethoscope24.com\/estetoscopio-littmann\/product\/kit-de-piezas-de-repuesto-para-estetoscopio-littmann-master-cardiology-negro-de-3m\/\" \/>\n<meta property=\"og:locale\" content=\"es_MX\" \/>\n<meta property=\"og:type\" content=\"article\" \/>\n<meta property=\"og:title\" content=\"Kit de Piezas de Repuesto para Estetoscopio Littmann Master Cardiology Negro de 3M\" \/>\n<meta property=\"og:description\" content=\"Comprar ahora - Kit de Piezas de Repuesto para Estetoscopio Littmann Master Cardiology Negro\" \/>\n<meta property=\"og:url\" content=\"https:\/\/stethoscope24.com\/estetoscopio-littmann\/product\/kit-de-piezas-de-repuesto-para-estetoscopio-littmann-master-cardiology-negro-de-3m\/\" \/>\n<meta property=\"og:site_name\" content=\"Estetoscopio Littmann\" \/>\n<meta property=\"article:modified_time\" content=\"2024-01-18T09:35:36+00:00\" \/>\n<meta property=\"og:image\" content=\"https:\/\/stethoscope24.com\/estetoscopio-littmann\/wp-content\/uploads\/2021\/02\/40011-b_P.jpg\" \/>\n\t<meta property=\"og:image:width\" content=\"400\" \/>\n\t<meta property=\"og:image:height\" content=\"289\" \/>\n\t<meta property=\"og:image:type\" content=\"image\/jpeg\" \/>\n<meta name=\"twitter:card\" content=\"summary_large_image\" \/>\n<meta name=\"twitter:label1\" content=\"Tiempo de lectura\" \/>\n\t<meta name=\"twitter:data1\" content=\"1 minuto\" \/>\n<script type=\"application\/ld+json\" class=\"yoast-schema-graph\">{\"@context\":\"https:\\\/\\\/schema.org\",\"@graph\":[{\"@type\":\"WebPage\",\"@id\":\"https:\\\/\\\/stethoscope24.com\\\/estetoscopio-littmann\\\/product\\\/kit-de-piezas-de-repuesto-para-estetoscopio-littmann-master-cardiology-negro-de-3m\\\/\",\"url\":\"https:\\\/\\\/stethoscope24.com\\\/estetoscopio-littmann\\\/product\\\/kit-de-piezas-de-repuesto-para-estetoscopio-littmann-master-cardiology-negro-de-3m\\\/\",\"name\":\"Kit de Piezas de Repuesto para Estetoscopio Littmann Master Cardiology Negro de 3M\",\"isPartOf\":{\"@id\":\"https:\\\/\\\/stethoscope24.com\\\/estetoscopio-littmann\\\/#website\"},\"primaryImageOfPage\":{\"@id\":\"https:\\\/\\\/stethoscope24.com\\\/estetoscopio-littmann\\\/product\\\/kit-de-piezas-de-repuesto-para-estetoscopio-littmann-master-cardiology-negro-de-3m\\\/#primaryimage\"},\"image\":{\"@id\":\"https:\\\/\\\/stethoscope24.com\\\/estetoscopio-littmann\\\/product\\\/kit-de-piezas-de-repuesto-para-estetoscopio-littmann-master-cardiology-negro-de-3m\\\/#primaryimage\"},\"thumbnailUrl\":\"https:\\\/\\\/i0.wp.com\\\/stethoscope24.com\\\/estetoscopio-littmann\\\/wp-content\\\/uploads\\\/2021\\\/02\\\/40011-b_P.jpg?fit=400%2C289&ssl=1\",\"datePublished\":\"2021-02-23T14:18:08+00:00\",\"dateModified\":\"2024-01-18T09:35:36+00:00\",\"description\":\"Comprar ahora - Kit de Piezas de Repuesto para Estetoscopio Littmann Master Cardiology Negro\",\"breadcrumb\":{\"@id\":\"https:\\\/\\\/stethoscope24.com\\\/estetoscopio-littmann\\\/product\\\/kit-de-piezas-de-repuesto-para-estetoscopio-littmann-master-cardiology-negro-de-3m\\\/#breadcrumb\"},\"inLanguage\":\"es\",\"potentialAction\":[{\"@type\":\"ReadAction\",\"target\":[\"https:\\\/\\\/stethoscope24.com\\\/estetoscopio-littmann\\\/product\\\/kit-de-piezas-de-repuesto-para-estetoscopio-littmann-master-cardiology-negro-de-3m\\\/\"]}]},{\"@type\":\"ImageObject\",\"inLanguage\":\"es\",\"@id\":\"https:\\\/\\\/stethoscope24.com\\\/estetoscopio-littmann\\\/product\\\/kit-de-piezas-de-repuesto-para-estetoscopio-littmann-master-cardiology-negro-de-3m\\\/#primaryimage\",\"url\":\"https:\\\/\\\/i0.wp.com\\\/stethoscope24.com\\\/estetoscopio-littmann\\\/wp-content\\\/uploads\\\/2021\\\/02\\\/40011-b_P.jpg?fit=400%2C289&ssl=1\",\"contentUrl\":\"https:\\\/\\\/i0.wp.com\\\/stethoscope24.com\\\/estetoscopio-littmann\\\/wp-content\\\/uploads\\\/2021\\\/02\\\/40011-b_P.jpg?fit=400%2C289&ssl=1\",\"width\":400,\"height\":289,\"caption\":\"Kit de Piezas de Repuesto para Estetoscopio Littmann Master Cardiology Negro\"},{\"@type\":\"BreadcrumbList\",\"@id\":\"https:\\\/\\\/stethoscope24.com\\\/estetoscopio-littmann\\\/product\\\/kit-de-piezas-de-repuesto-para-estetoscopio-littmann-master-cardiology-negro-de-3m\\\/#breadcrumb\",\"itemListElement\":[{\"@type\":\"ListItem\",\"position\":1,\"name\":\"Home\",\"item\":\"https:\\\/\\\/stethoscope24.com\\\/estetoscopio-littmann\\\/\"},{\"@type\":\"ListItem\",\"position\":2,\"name\":\"Shop\",\"item\":\"https:\\\/\\\/stethoscope24.com\\\/estetoscopio-littmann\\\/shop\\\/\"},{\"@type\":\"ListItem\",\"position\":3,\"name\":\"Kit de Piezas de Repuesto para Estetoscopio Littmann Master Cardiology Negro de 3M\"}]},{\"@type\":\"WebSite\",\"@id\":\"https:\\\/\\\/stethoscope24.com\\\/estetoscopio-littmann\\\/#website\",\"url\":\"https:\\\/\\\/stethoscope24.com\\\/estetoscopio-littmann\\\/\",\"name\":\"Estetoscopio Littmann\",\"description\":\"Estetoscopio Littmann\",\"publisher\":{\"@id\":\"https:\\\/\\\/stethoscope24.com\\\/estetoscopio-littmann\\\/#organization\"},\"potentialAction\":[{\"@type\":\"SearchAction\",\"target\":{\"@type\":\"EntryPoint\",\"urlTemplate\":\"https:\\\/\\\/stethoscope24.com\\\/estetoscopio-littmann\\\/?s={search_term_string}\"},\"query-input\":{\"@type\":\"PropertyValueSpecification\",\"valueRequired\":true,\"valueName\":\"search_term_string\"}}],\"inLanguage\":\"es\"},{\"@type\":\"Organization\",\"@id\":\"https:\\\/\\\/stethoscope24.com\\\/estetoscopio-littmann\\\/#organization\",\"name\":\"Estetoscopio Littmann\",\"url\":\"https:\\\/\\\/stethoscope24.com\\\/estetoscopio-littmann\\\/\",\"logo\":{\"@type\":\"ImageObject\",\"inLanguage\":\"es\",\"@id\":\"https:\\\/\\\/stethoscope24.com\\\/estetoscopio-littmann\\\/#\\\/schema\\\/logo\\\/image\\\/\",\"url\":\"https:\\\/\\\/i0.wp.com\\\/stethoscope24.com\\\/estetoscopio-littmann\\\/wp-content\\\/uploads\\\/2021\\\/03\\\/logostethoscope24-50.jpg?fit=298%2C50&ssl=1\",\"contentUrl\":\"https:\\\/\\\/i0.wp.com\\\/stethoscope24.com\\\/estetoscopio-littmann\\\/wp-content\\\/uploads\\\/2021\\\/03\\\/logostethoscope24-50.jpg?fit=298%2C50&ssl=1\",\"width\":298,\"height\":50,\"caption\":\"Estetoscopio Littmann\"},\"image\":{\"@id\":\"https:\\\/\\\/stethoscope24.com\\\/estetoscopio-littmann\\\/#\\\/schema\\\/logo\\\/image\\\/\"}}]}<\/script>\n<!-- \/ Yoast SEO plugin. -->","yoast_head_json":{"title":"Kit de Piezas de Repuesto para Estetoscopio Littmann Master Cardiology Negro de 3M","description":"Comprar ahora - Kit de Piezas de Repuesto para Estetoscopio Littmann Master Cardiology Negro","robots":{"index":"index","follow":"follow","max-snippet":"max-snippet:-1","max-image-preview":"max-image-preview:large","max-video-preview":"max-video-preview:-1"},"canonical":"https:\/\/stethoscope24.com\/estetoscopio-littmann\/product\/kit-de-piezas-de-repuesto-para-estetoscopio-littmann-master-cardiology-negro-de-3m\/","og_locale":"es_MX","og_type":"article","og_title":"Kit de Piezas de Repuesto para Estetoscopio Littmann Master Cardiology Negro de 3M","og_description":"Comprar ahora - Kit de Piezas de Repuesto para Estetoscopio Littmann Master Cardiology Negro","og_url":"https:\/\/stethoscope24.com\/estetoscopio-littmann\/product\/kit-de-piezas-de-repuesto-para-estetoscopio-littmann-master-cardiology-negro-de-3m\/","og_site_name":"Estetoscopio Littmann","article_modified_time":"2024-01-18T09:35:36+00:00","og_image":[{"width":400,"height":289,"url":"https:\/\/stethoscope24.com\/estetoscopio-littmann\/wp-content\/uploads\/2021\/02\/40011-b_P.jpg","type":"image\/jpeg"}],"twitter_card":"summary_large_image","twitter_misc":{"Tiempo de lectura":"1 minuto"},"schema":{"@context":"https:\/\/schema.org","@graph":[{"@type":"WebPage","@id":"https:\/\/stethoscope24.com\/estetoscopio-littmann\/product\/kit-de-piezas-de-repuesto-para-estetoscopio-littmann-master-cardiology-negro-de-3m\/","url":"https:\/\/stethoscope24.com\/estetoscopio-littmann\/product\/kit-de-piezas-de-repuesto-para-estetoscopio-littmann-master-cardiology-negro-de-3m\/","name":"Kit de Piezas de Repuesto para Estetoscopio Littmann Master Cardiology Negro de 3M","isPartOf":{"@id":"https:\/\/stethoscope24.com\/estetoscopio-littmann\/#website"},"primaryImageOfPage":{"@id":"https:\/\/stethoscope24.com\/estetoscopio-littmann\/product\/kit-de-piezas-de-repuesto-para-estetoscopio-littmann-master-cardiology-negro-de-3m\/#primaryimage"},"image":{"@id":"https:\/\/stethoscope24.com\/estetoscopio-littmann\/product\/kit-de-piezas-de-repuesto-para-estetoscopio-littmann-master-cardiology-negro-de-3m\/#primaryimage"},"thumbnailUrl":"https:\/\/i0.wp.com\/stethoscope24.com\/estetoscopio-littmann\/wp-content\/uploads\/2021\/02\/40011-b_P.jpg?fit=400%2C289&ssl=1","datePublished":"2021-02-23T14:18:08+00:00","dateModified":"2024-01-18T09:35:36+00:00","description":"Comprar ahora - Kit de Piezas de Repuesto para Estetoscopio Littmann Master Cardiology Negro","breadcrumb":{"@id":"https:\/\/stethoscope24.com\/estetoscopio-littmann\/product\/kit-de-piezas-de-repuesto-para-estetoscopio-littmann-master-cardiology-negro-de-3m\/#breadcrumb"},"inLanguage":"es","potentialAction":[{"@type":"ReadAction","target":["https:\/\/stethoscope24.com\/estetoscopio-littmann\/product\/kit-de-piezas-de-repuesto-para-estetoscopio-littmann-master-cardiology-negro-de-3m\/"]}]},{"@type":"ImageObject","inLanguage":"es","@id":"https:\/\/stethoscope24.com\/estetoscopio-littmann\/product\/kit-de-piezas-de-repuesto-para-estetoscopio-littmann-master-cardiology-negro-de-3m\/#primaryimage","url":"https:\/\/i0.wp.com\/stethoscope24.com\/estetoscopio-littmann\/wp-content\/uploads\/2021\/02\/40011-b_P.jpg?fit=400%2C289&ssl=1","contentUrl":"https:\/\/i0.wp.com\/stethoscope24.com\/estetoscopio-littmann\/wp-content\/uploads\/2021\/02\/40011-b_P.jpg?fit=400%2C289&ssl=1","width":400,"height":289,"caption":"Kit de Piezas de Repuesto para Estetoscopio Littmann Master Cardiology Negro"},{"@type":"BreadcrumbList","@id":"https:\/\/stethoscope24.com\/estetoscopio-littmann\/product\/kit-de-piezas-de-repuesto-para-estetoscopio-littmann-master-cardiology-negro-de-3m\/#breadcrumb","itemListElement":[{"@type":"ListItem","position":1,"name":"Home","item":"https:\/\/stethoscope24.com\/estetoscopio-littmann\/"},{"@type":"ListItem","position":2,"name":"Shop","item":"https:\/\/stethoscope24.com\/estetoscopio-littmann\/shop\/"},{"@type":"ListItem","position":3,"name":"Kit de Piezas de Repuesto para Estetoscopio Littmann Master Cardiology Negro de 3M"}]},{"@type":"WebSite","@id":"https:\/\/stethoscope24.com\/estetoscopio-littmann\/#website","url":"https:\/\/stethoscope24.com\/estetoscopio-littmann\/","name":"Estetoscopio Littmann","description":"Estetoscopio Littmann","publisher":{"@id":"https:\/\/stethoscope24.com\/estetoscopio-littmann\/#organization"},"potentialAction":[{"@type":"SearchAction","target":{"@type":"EntryPoint","urlTemplate":"https:\/\/stethoscope24.com\/estetoscopio-littmann\/?s={search_term_string}"},"query-input":{"@type":"PropertyValueSpecification","valueRequired":true,"valueName":"search_term_string"}}],"inLanguage":"es"},{"@type":"Organization","@id":"https:\/\/stethoscope24.com\/estetoscopio-littmann\/#organization","name":"Estetoscopio Littmann","url":"https:\/\/stethoscope24.com\/estetoscopio-littmann\/","logo":{"@type":"ImageObject","inLanguage":"es","@id":"https:\/\/stethoscope24.com\/estetoscopio-littmann\/#\/schema\/logo\/image\/","url":"https:\/\/i0.wp.com\/stethoscope24.com\/estetoscopio-littmann\/wp-content\/uploads\/2021\/03\/logostethoscope24-50.jpg?fit=298%2C50&ssl=1","contentUrl":"https:\/\/i0.wp.com\/stethoscope24.com\/estetoscopio-littmann\/wp-content\/uploads\/2021\/03\/logostethoscope24-50.jpg?fit=298%2C50&ssl=1","width":298,"height":50,"caption":"Estetoscopio Littmann"},"image":{"@id":"https:\/\/stethoscope24.com\/estetoscopio-littmann\/#\/schema\/logo\/image\/"}}]}},"jetpack_sharing_enabled":true,"_links":{"self":[{"href":"https:\/\/stethoscope24.com\/estetoscopio-littmann\/wp-json\/wp\/v2\/product\/23379","targetHints":{"allow":["GET"]}}],"collection":[{"href":"https:\/\/stethoscope24.com\/estetoscopio-littmann\/wp-json\/wp\/v2\/product"}],"about":[{"href":"https:\/\/stethoscope24.com\/estetoscopio-littmann\/wp-json\/wp\/v2\/types\/product"}],"replies":[{"embeddable":true,"href":"https:\/\/stethoscope24.com\/estetoscopio-littmann\/wp-json\/wp\/v2\/comments?post=23379"}],"wp:featuredmedia":[{"embeddable":true,"href":"https:\/\/stethoscope24.com\/estetoscopio-littmann\/wp-json\/wp\/v2\/media\/23380"}],"wp:attachment":[{"href":"https:\/\/stethoscope24.com\/estetoscopio-littmann\/wp-json\/wp\/v2\/media?parent=23379"}],"wp:term":[{"taxonomy":"product_brand","embeddable":true,"href":"https:\/\/stethoscope24.com\/estetoscopio-littmann\/wp-json\/wp\/v2\/product_brand?post=23379"},{"taxonomy":"product_cat","embeddable":true,"href":"https:\/\/stethoscope24.com\/estetoscopio-littmann\/wp-json\/wp\/v2\/product_cat?post=23379"},{"taxonomy":"product_tag","embeddable":true,"href":"https:\/\/stethoscope24.com\/estetoscopio-littmann\/wp-json\/wp\/v2\/product_tag?post=23379"}],"curies":[{"name":"wp","href":"https:\/\/api.w.org\/{rel}","templated":true}]}}