{"id":23388,"date":"2021-02-23T14:33:41","date_gmt":"2021-02-23T14:33:41","guid":{"rendered":"https:\/\/estetoscopiolittmann.com\/?post_type=product&#038;p=23388"},"modified":"2024-01-18T09:35:34","modified_gmt":"2024-01-18T09:35:34","slug":"olivas-ajustadas-a-presion-3m-estetoscopio-littmann-gris","status":"publish","type":"product","link":"https:\/\/stethoscope24.com\/estetoscopio-littmann\/product\/olivas-ajustadas-a-presion-3m-estetoscopio-littmann-gris\/","title":{"rendered":"Olivas Ajustadas a Presi\u00f3n 3M estetoscopio Littmann, Gris"},"content":{"rendered":"<p>Los estetoscopios 3M Littmann ofrecen la alta calidad que esperan los profesionales m\u00e9dicos, y cada pieza de repuesto y accesorio cumple con los mismos elevados est\u00e1ndares. Convenientemente empaquetado en kits que se corresponden con nuestros modelos de estetoscopio, el kit de piezas de repuesto para estetoscopio Littmann de 3M para todos los estetoscopios Littmann contiene dos pares (1 grande, 1 peque\u00f1a) de olivas grises de suave sellado herm\u00e9tico a presi\u00f3n.<\/p>\n<p>Las olivas de suave sellado herm\u00e9tico a presi\u00f3n se adaptan a los o\u00eddos individuales para un excelente sellado ac\u00fastico y un ajuste c\u00f3modo. Las olivas encajan firmemente en los extremos de los tubos auditivos y, por seguridad, requieren un esfuerzo significativo para quitarse.<\/p>\n","protected":false},"excerpt":{"rendered":"<ul style=\"list-style-type: disc; list-style-position: outside;\">\n<li>Calidad y confiabilidad en un conveniente paquete<\/li>\n<li>Reemplazo de las olivas en todos los estetoscopios Littmann, en color gris<\/li>\n<\/ul>\n","protected":false},"featured_media":23384,"comment_status":"open","ping_status":"closed","template":"","meta":[],"product_brand":[],"product_cat":[123],"product_tag":[373,374],"class_list":{"0":"post-23388","1":"product","2":"type-product","3":"status-publish","4":"has-post-thumbnail","6":"product_cat-estetoscopio-littmann-partes-de-repuesto","7":"product_tag-olivas-ajustadas-a-presion-3m-estetoscopio-littmann","8":"product_tag-olivas-ajustadas-a-presion-3m-estetoscopio-littmann-gris","9":"pa_marca-littmann","11":"first","12":"instock","13":"taxable","14":"shipping-taxable","15":"purchasable","16":"product-type-simple"},"yoast_head":"<!-- This site is optimized with the Yoast SEO plugin v27.4 - https:\/\/yoast.com\/product\/yoast-seo-wordpress\/ -->\n<title>Olivas Ajustadas a Presi\u00f3n 3M estetoscopio Littmann, Gris<\/title>\n<meta name=\"description\" content=\"Comprar ahora - Olivas Ajustadas a Presi\u00f3n 3M estetoscopio Littmann, Gris\" \/>\n<meta name=\"robots\" content=\"index, follow, max-snippet:-1, max-image-preview:large, max-video-preview:-1\" \/>\n<link rel=\"canonical\" href=\"https:\/\/stethoscope24.com\/estetoscopio-littmann\/product\/olivas-ajustadas-a-presion-3m-estetoscopio-littmann-gris\/\" \/>\n<meta property=\"og:locale\" content=\"es_MX\" \/>\n<meta property=\"og:type\" content=\"article\" \/>\n<meta property=\"og:title\" content=\"Olivas Ajustadas a Presi\u00f3n 3M estetoscopio Littmann, Gris\" \/>\n<meta property=\"og:description\" content=\"Comprar ahora - Olivas Ajustadas a Presi\u00f3n 3M estetoscopio Littmann, Gris\" \/>\n<meta property=\"og:url\" content=\"https:\/\/stethoscope24.com\/estetoscopio-littmann\/product\/olivas-ajustadas-a-presion-3m-estetoscopio-littmann-gris\/\" \/>\n<meta property=\"og:site_name\" content=\"Estetoscopio Littmann\" \/>\n<meta property=\"article:modified_time\" content=\"2024-01-18T09:35:34+00:00\" \/>\n<meta property=\"og:image\" content=\"https:\/\/stethoscope24.com\/estetoscopio-littmann\/wp-content\/uploads\/2021\/02\/40002-Parts_P.jpg\" \/>\n\t<meta property=\"og:image:width\" content=\"400\" \/>\n\t<meta property=\"og:image:height\" content=\"267\" \/>\n\t<meta property=\"og:image:type\" content=\"image\/jpeg\" \/>\n<meta name=\"twitter:card\" content=\"summary_large_image\" \/>\n<meta name=\"twitter:label1\" content=\"Tiempo de lectura\" \/>\n\t<meta name=\"twitter:data1\" content=\"1 minuto\" \/>\n<script type=\"application\/ld+json\" class=\"yoast-schema-graph\">{\"@context\":\"https:\\\/\\\/schema.org\",\"@graph\":[{\"@type\":\"WebPage\",\"@id\":\"https:\\\/\\\/stethoscope24.com\\\/estetoscopio-littmann\\\/product\\\/olivas-ajustadas-a-presion-3m-estetoscopio-littmann-gris\\\/\",\"url\":\"https:\\\/\\\/stethoscope24.com\\\/estetoscopio-littmann\\\/product\\\/olivas-ajustadas-a-presion-3m-estetoscopio-littmann-gris\\\/\",\"name\":\"Olivas Ajustadas a Presi\u00f3n 3M estetoscopio Littmann, Gris\",\"isPartOf\":{\"@id\":\"https:\\\/\\\/stethoscope24.com\\\/estetoscopio-littmann\\\/#website\"},\"primaryImageOfPage\":{\"@id\":\"https:\\\/\\\/stethoscope24.com\\\/estetoscopio-littmann\\\/product\\\/olivas-ajustadas-a-presion-3m-estetoscopio-littmann-gris\\\/#primaryimage\"},\"image\":{\"@id\":\"https:\\\/\\\/stethoscope24.com\\\/estetoscopio-littmann\\\/product\\\/olivas-ajustadas-a-presion-3m-estetoscopio-littmann-gris\\\/#primaryimage\"},\"thumbnailUrl\":\"https:\\\/\\\/i0.wp.com\\\/stethoscope24.com\\\/estetoscopio-littmann\\\/wp-content\\\/uploads\\\/2021\\\/02\\\/40002-Parts_P.jpg?fit=400%2C267&ssl=1\",\"datePublished\":\"2021-02-23T14:33:41+00:00\",\"dateModified\":\"2024-01-18T09:35:34+00:00\",\"description\":\"Comprar ahora - Olivas Ajustadas a Presi\u00f3n 3M estetoscopio Littmann, Gris\",\"breadcrumb\":{\"@id\":\"https:\\\/\\\/stethoscope24.com\\\/estetoscopio-littmann\\\/product\\\/olivas-ajustadas-a-presion-3m-estetoscopio-littmann-gris\\\/#breadcrumb\"},\"inLanguage\":\"es\",\"potentialAction\":[{\"@type\":\"ReadAction\",\"target\":[\"https:\\\/\\\/stethoscope24.com\\\/estetoscopio-littmann\\\/product\\\/olivas-ajustadas-a-presion-3m-estetoscopio-littmann-gris\\\/\"]}]},{\"@type\":\"ImageObject\",\"inLanguage\":\"es\",\"@id\":\"https:\\\/\\\/stethoscope24.com\\\/estetoscopio-littmann\\\/product\\\/olivas-ajustadas-a-presion-3m-estetoscopio-littmann-gris\\\/#primaryimage\",\"url\":\"https:\\\/\\\/i0.wp.com\\\/stethoscope24.com\\\/estetoscopio-littmann\\\/wp-content\\\/uploads\\\/2021\\\/02\\\/40002-Parts_P.jpg?fit=400%2C267&ssl=1\",\"contentUrl\":\"https:\\\/\\\/i0.wp.com\\\/stethoscope24.com\\\/estetoscopio-littmann\\\/wp-content\\\/uploads\\\/2021\\\/02\\\/40002-Parts_P.jpg?fit=400%2C267&ssl=1\",\"width\":400,\"height\":267,\"caption\":\"3M&#x2122; Littmann\u00ae Stethoscope Spare Parts Kit, Snap Tight Soft-Sealing Eartips, Grey, Large and Small, 40002\"},{\"@type\":\"BreadcrumbList\",\"@id\":\"https:\\\/\\\/stethoscope24.com\\\/estetoscopio-littmann\\\/product\\\/olivas-ajustadas-a-presion-3m-estetoscopio-littmann-gris\\\/#breadcrumb\",\"itemListElement\":[{\"@type\":\"ListItem\",\"position\":1,\"name\":\"Home\",\"item\":\"https:\\\/\\\/stethoscope24.com\\\/estetoscopio-littmann\\\/\"},{\"@type\":\"ListItem\",\"position\":2,\"name\":\"Shop\",\"item\":\"https:\\\/\\\/stethoscope24.com\\\/estetoscopio-littmann\\\/shop\\\/\"},{\"@type\":\"ListItem\",\"position\":3,\"name\":\"Olivas Ajustadas a Presi\u00f3n 3M estetoscopio Littmann, Gris\"}]},{\"@type\":\"WebSite\",\"@id\":\"https:\\\/\\\/stethoscope24.com\\\/estetoscopio-littmann\\\/#website\",\"url\":\"https:\\\/\\\/stethoscope24.com\\\/estetoscopio-littmann\\\/\",\"name\":\"Estetoscopio Littmann\",\"description\":\"Estetoscopio Littmann\",\"publisher\":{\"@id\":\"https:\\\/\\\/stethoscope24.com\\\/estetoscopio-littmann\\\/#organization\"},\"potentialAction\":[{\"@type\":\"SearchAction\",\"target\":{\"@type\":\"EntryPoint\",\"urlTemplate\":\"https:\\\/\\\/stethoscope24.com\\\/estetoscopio-littmann\\\/?s={search_term_string}\"},\"query-input\":{\"@type\":\"PropertyValueSpecification\",\"valueRequired\":true,\"valueName\":\"search_term_string\"}}],\"inLanguage\":\"es\"},{\"@type\":\"Organization\",\"@id\":\"https:\\\/\\\/stethoscope24.com\\\/estetoscopio-littmann\\\/#organization\",\"name\":\"Estetoscopio Littmann\",\"url\":\"https:\\\/\\\/stethoscope24.com\\\/estetoscopio-littmann\\\/\",\"logo\":{\"@type\":\"ImageObject\",\"inLanguage\":\"es\",\"@id\":\"https:\\\/\\\/stethoscope24.com\\\/estetoscopio-littmann\\\/#\\\/schema\\\/logo\\\/image\\\/\",\"url\":\"https:\\\/\\\/i0.wp.com\\\/stethoscope24.com\\\/estetoscopio-littmann\\\/wp-content\\\/uploads\\\/2021\\\/03\\\/logostethoscope24-50.jpg?fit=298%2C50&ssl=1\",\"contentUrl\":\"https:\\\/\\\/i0.wp.com\\\/stethoscope24.com\\\/estetoscopio-littmann\\\/wp-content\\\/uploads\\\/2021\\\/03\\\/logostethoscope24-50.jpg?fit=298%2C50&ssl=1\",\"width\":298,\"height\":50,\"caption\":\"Estetoscopio Littmann\"},\"image\":{\"@id\":\"https:\\\/\\\/stethoscope24.com\\\/estetoscopio-littmann\\\/#\\\/schema\\\/logo\\\/image\\\/\"}}]}<\/script>\n<!-- \/ Yoast SEO plugin. -->","yoast_head_json":{"title":"Olivas Ajustadas a Presi\u00f3n 3M estetoscopio Littmann, Gris","description":"Comprar ahora - Olivas Ajustadas a Presi\u00f3n 3M estetoscopio Littmann, Gris","robots":{"index":"index","follow":"follow","max-snippet":"max-snippet:-1","max-image-preview":"max-image-preview:large","max-video-preview":"max-video-preview:-1"},"canonical":"https:\/\/stethoscope24.com\/estetoscopio-littmann\/product\/olivas-ajustadas-a-presion-3m-estetoscopio-littmann-gris\/","og_locale":"es_MX","og_type":"article","og_title":"Olivas Ajustadas a Presi\u00f3n 3M estetoscopio Littmann, Gris","og_description":"Comprar ahora - Olivas Ajustadas a Presi\u00f3n 3M estetoscopio Littmann, Gris","og_url":"https:\/\/stethoscope24.com\/estetoscopio-littmann\/product\/olivas-ajustadas-a-presion-3m-estetoscopio-littmann-gris\/","og_site_name":"Estetoscopio Littmann","article_modified_time":"2024-01-18T09:35:34+00:00","og_image":[{"width":400,"height":267,"url":"https:\/\/stethoscope24.com\/estetoscopio-littmann\/wp-content\/uploads\/2021\/02\/40002-Parts_P.jpg","type":"image\/jpeg"}],"twitter_card":"summary_large_image","twitter_misc":{"Tiempo de lectura":"1 minuto"},"schema":{"@context":"https:\/\/schema.org","@graph":[{"@type":"WebPage","@id":"https:\/\/stethoscope24.com\/estetoscopio-littmann\/product\/olivas-ajustadas-a-presion-3m-estetoscopio-littmann-gris\/","url":"https:\/\/stethoscope24.com\/estetoscopio-littmann\/product\/olivas-ajustadas-a-presion-3m-estetoscopio-littmann-gris\/","name":"Olivas Ajustadas a Presi\u00f3n 3M estetoscopio Littmann, Gris","isPartOf":{"@id":"https:\/\/stethoscope24.com\/estetoscopio-littmann\/#website"},"primaryImageOfPage":{"@id":"https:\/\/stethoscope24.com\/estetoscopio-littmann\/product\/olivas-ajustadas-a-presion-3m-estetoscopio-littmann-gris\/#primaryimage"},"image":{"@id":"https:\/\/stethoscope24.com\/estetoscopio-littmann\/product\/olivas-ajustadas-a-presion-3m-estetoscopio-littmann-gris\/#primaryimage"},"thumbnailUrl":"https:\/\/i0.wp.com\/stethoscope24.com\/estetoscopio-littmann\/wp-content\/uploads\/2021\/02\/40002-Parts_P.jpg?fit=400%2C267&ssl=1","datePublished":"2021-02-23T14:33:41+00:00","dateModified":"2024-01-18T09:35:34+00:00","description":"Comprar ahora - Olivas Ajustadas a Presi\u00f3n 3M estetoscopio Littmann, Gris","breadcrumb":{"@id":"https:\/\/stethoscope24.com\/estetoscopio-littmann\/product\/olivas-ajustadas-a-presion-3m-estetoscopio-littmann-gris\/#breadcrumb"},"inLanguage":"es","potentialAction":[{"@type":"ReadAction","target":["https:\/\/stethoscope24.com\/estetoscopio-littmann\/product\/olivas-ajustadas-a-presion-3m-estetoscopio-littmann-gris\/"]}]},{"@type":"ImageObject","inLanguage":"es","@id":"https:\/\/stethoscope24.com\/estetoscopio-littmann\/product\/olivas-ajustadas-a-presion-3m-estetoscopio-littmann-gris\/#primaryimage","url":"https:\/\/i0.wp.com\/stethoscope24.com\/estetoscopio-littmann\/wp-content\/uploads\/2021\/02\/40002-Parts_P.jpg?fit=400%2C267&ssl=1","contentUrl":"https:\/\/i0.wp.com\/stethoscope24.com\/estetoscopio-littmann\/wp-content\/uploads\/2021\/02\/40002-Parts_P.jpg?fit=400%2C267&ssl=1","width":400,"height":267,"caption":"3M&#x2122; Littmann\u00ae Stethoscope Spare Parts Kit, Snap Tight Soft-Sealing Eartips, Grey, Large and Small, 40002"},{"@type":"BreadcrumbList","@id":"https:\/\/stethoscope24.com\/estetoscopio-littmann\/product\/olivas-ajustadas-a-presion-3m-estetoscopio-littmann-gris\/#breadcrumb","itemListElement":[{"@type":"ListItem","position":1,"name":"Home","item":"https:\/\/stethoscope24.com\/estetoscopio-littmann\/"},{"@type":"ListItem","position":2,"name":"Shop","item":"https:\/\/stethoscope24.com\/estetoscopio-littmann\/shop\/"},{"@type":"ListItem","position":3,"name":"Olivas Ajustadas a Presi\u00f3n 3M estetoscopio Littmann, Gris"}]},{"@type":"WebSite","@id":"https:\/\/stethoscope24.com\/estetoscopio-littmann\/#website","url":"https:\/\/stethoscope24.com\/estetoscopio-littmann\/","name":"Estetoscopio Littmann","description":"Estetoscopio Littmann","publisher":{"@id":"https:\/\/stethoscope24.com\/estetoscopio-littmann\/#organization"},"potentialAction":[{"@type":"SearchAction","target":{"@type":"EntryPoint","urlTemplate":"https:\/\/stethoscope24.com\/estetoscopio-littmann\/?s={search_term_string}"},"query-input":{"@type":"PropertyValueSpecification","valueRequired":true,"valueName":"search_term_string"}}],"inLanguage":"es"},{"@type":"Organization","@id":"https:\/\/stethoscope24.com\/estetoscopio-littmann\/#organization","name":"Estetoscopio Littmann","url":"https:\/\/stethoscope24.com\/estetoscopio-littmann\/","logo":{"@type":"ImageObject","inLanguage":"es","@id":"https:\/\/stethoscope24.com\/estetoscopio-littmann\/#\/schema\/logo\/image\/","url":"https:\/\/i0.wp.com\/stethoscope24.com\/estetoscopio-littmann\/wp-content\/uploads\/2021\/03\/logostethoscope24-50.jpg?fit=298%2C50&ssl=1","contentUrl":"https:\/\/i0.wp.com\/stethoscope24.com\/estetoscopio-littmann\/wp-content\/uploads\/2021\/03\/logostethoscope24-50.jpg?fit=298%2C50&ssl=1","width":298,"height":50,"caption":"Estetoscopio Littmann"},"image":{"@id":"https:\/\/stethoscope24.com\/estetoscopio-littmann\/#\/schema\/logo\/image\/"}}]}},"jetpack_sharing_enabled":true,"_links":{"self":[{"href":"https:\/\/stethoscope24.com\/estetoscopio-littmann\/wp-json\/wp\/v2\/product\/23388","targetHints":{"allow":["GET"]}}],"collection":[{"href":"https:\/\/stethoscope24.com\/estetoscopio-littmann\/wp-json\/wp\/v2\/product"}],"about":[{"href":"https:\/\/stethoscope24.com\/estetoscopio-littmann\/wp-json\/wp\/v2\/types\/product"}],"replies":[{"embeddable":true,"href":"https:\/\/stethoscope24.com\/estetoscopio-littmann\/wp-json\/wp\/v2\/comments?post=23388"}],"wp:featuredmedia":[{"embeddable":true,"href":"https:\/\/stethoscope24.com\/estetoscopio-littmann\/wp-json\/wp\/v2\/media\/23384"}],"wp:attachment":[{"href":"https:\/\/stethoscope24.com\/estetoscopio-littmann\/wp-json\/wp\/v2\/media?parent=23388"}],"wp:term":[{"taxonomy":"product_brand","embeddable":true,"href":"https:\/\/stethoscope24.com\/estetoscopio-littmann\/wp-json\/wp\/v2\/product_brand?post=23388"},{"taxonomy":"product_cat","embeddable":true,"href":"https:\/\/stethoscope24.com\/estetoscopio-littmann\/wp-json\/wp\/v2\/product_cat?post=23388"},{"taxonomy":"product_tag","embeddable":true,"href":"https:\/\/stethoscope24.com\/estetoscopio-littmann\/wp-json\/wp\/v2\/product_tag?post=23388"}],"curies":[{"name":"wp","href":"https:\/\/api.w.org\/{rel}","templated":true}]}}