{"id":23469,"date":"2021-02-24T14:15:43","date_gmt":"2021-02-24T14:15:43","guid":{"rendered":"https:\/\/estetoscopiolittmann.com\/?post_type=product&#038;p=23469"},"modified":"2024-01-18T09:35:25","modified_gmt":"2024-01-18T09:35:25","slug":"stethoscope-littmann-hard-case-purple-big","status":"publish","type":"product","link":"https:\/\/stethoscope24.com\/estetoscopio-littmann\/product\/stethoscope-littmann-hard-case-purple-big\/","title":{"rendered":"Estuche R\u00edgido Morado, Grande, para Estetoscopio Littmann"},"content":{"rendered":"<p>Proteja su estetoscopio con el inteligente dise\u00f1o acolchonado que mantiene seguros sus dispositivos de diagn\u00f3stico m\u00e1s valiosos, con el estuche r\u00edgido para estetoscopio Megabox.<br \/>\nUna conveniente muesca le muestra c\u00f3mo guardar su estetoscopio favorito cuando no est\u00e1 en uso.<\/p>\n","protected":false},"excerpt":{"rendered":"<ul style=\"list-style-type: disc; list-style-position: outside;\">\n<li>Estuche redondo con cierre de cremallera bidireccional.<\/li>\n<li>Acolchonado de espuma interior extra\u00edble.<\/li>\n<li>Muesca para el estetoscopio para un f\u00e1cil almacenamiento y protecci\u00f3n..<\/li>\n<li>Medidas L: 38cm x W: 15cm x H: 4cm.<\/li>\n<li>Bolsillo de almacenamiento lateral hecho de red para m\u00e1s dispositivos de diagn\u00f3stico.<\/li>\n<li>Asa de transporte c\u00f3moda.<\/li>\n<li>El grande estuche para estetoscopio Littmann Hard Box es compatible con los estetoscopios Littmann Cardiology IV, Master Caediology y Digital CORE.<\/li>\n<\/ul>\n","protected":false},"featured_media":23445,"comment_status":"open","ping_status":"closed","template":"","meta":[],"product_brand":[],"product_cat":[232,242],"product_tag":[349,350],"class_list":{"0":"post-23469","1":"product","2":"type-product","3":"status-publish","4":"has-post-thumbnail","6":"product_cat-estuche-rigido-para-estetoscopio-littmann","7":"product_cat-big-hard-cases","8":"product_tag-estuche-rigido-para-estetoscopio-littmann","9":"product_tag-grande","10":"pa_estuche-rigido-color-morado","12":"first","13":"instock","14":"taxable","15":"shipping-taxable","16":"purchasable","17":"product-type-simple"},"yoast_head":"<!-- This site is optimized with the Yoast SEO plugin v27.4 - https:\/\/yoast.com\/product\/yoast-seo-wordpress\/ -->\n<title>Estuche R\u00edgido Morado, Grande, para Estetoscopio Littmann<\/title>\n<meta name=\"description\" content=\"Proteja su estetoscopio con el inteligente dise\u00f1o acolchonado que mantiene seguros sus dispositivos de diagn\u00f3stico m\u00e1s valiosos, con el estuche r\u00edgido para estetoscopio Megabox.\" \/>\n<meta name=\"robots\" content=\"index, follow, max-snippet:-1, max-image-preview:large, max-video-preview:-1\" \/>\n<link rel=\"canonical\" href=\"https:\/\/stethoscope24.com\/estetoscopio-littmann\/product\/stethoscope-littmann-hard-case-purple-big\/\" \/>\n<meta property=\"og:locale\" content=\"es_MX\" \/>\n<meta property=\"og:type\" content=\"article\" \/>\n<meta property=\"og:title\" content=\"Estuche R\u00edgido Morado, Grande, para Estetoscopio Littmann\" \/>\n<meta property=\"og:description\" content=\"Proteja su estetoscopio con el inteligente dise\u00f1o acolchonado que mantiene seguros sus dispositivos de diagn\u00f3stico m\u00e1s valiosos, con el estuche r\u00edgido para estetoscopio Megabox.\" \/>\n<meta property=\"og:url\" content=\"https:\/\/stethoscope24.com\/estetoscopio-littmann\/product\/stethoscope-littmann-hard-case-purple-big\/\" \/>\n<meta property=\"og:site_name\" content=\"Estetoscopio Littmann\" \/>\n<meta property=\"article:modified_time\" content=\"2024-01-18T09:35:25+00:00\" \/>\n<meta property=\"og:image\" content=\"https:\/\/stethoscope24.com\/estetoscopio-littmann\/wp-content\/uploads\/2021\/02\/megabox-stethoscope-case-purple_1.jpg\" \/>\n\t<meta property=\"og:image:width\" content=\"800\" \/>\n\t<meta property=\"og:image:height\" content=\"800\" \/>\n\t<meta property=\"og:image:type\" content=\"image\/jpeg\" \/>\n<meta name=\"twitter:card\" content=\"summary_large_image\" \/>\n<meta name=\"twitter:label1\" content=\"Tiempo de lectura\" \/>\n\t<meta name=\"twitter:data1\" content=\"1 minuto\" \/>\n<script type=\"application\/ld+json\" class=\"yoast-schema-graph\">{\"@context\":\"https:\\\/\\\/schema.org\",\"@graph\":[{\"@type\":\"WebPage\",\"@id\":\"https:\\\/\\\/stethoscope24.com\\\/estetoscopio-littmann\\\/product\\\/stethoscope-littmann-hard-case-purple-big\\\/\",\"url\":\"https:\\\/\\\/stethoscope24.com\\\/estetoscopio-littmann\\\/product\\\/stethoscope-littmann-hard-case-purple-big\\\/\",\"name\":\"Estuche R\u00edgido Morado, Grande, para Estetoscopio Littmann\",\"isPartOf\":{\"@id\":\"https:\\\/\\\/stethoscope24.com\\\/estetoscopio-littmann\\\/#website\"},\"primaryImageOfPage\":{\"@id\":\"https:\\\/\\\/stethoscope24.com\\\/estetoscopio-littmann\\\/product\\\/stethoscope-littmann-hard-case-purple-big\\\/#primaryimage\"},\"image\":{\"@id\":\"https:\\\/\\\/stethoscope24.com\\\/estetoscopio-littmann\\\/product\\\/stethoscope-littmann-hard-case-purple-big\\\/#primaryimage\"},\"thumbnailUrl\":\"https:\\\/\\\/i0.wp.com\\\/stethoscope24.com\\\/estetoscopio-littmann\\\/wp-content\\\/uploads\\\/2021\\\/02\\\/megabox-stethoscope-case-purple_1.jpg?fit=800%2C800&ssl=1\",\"datePublished\":\"2021-02-24T14:15:43+00:00\",\"dateModified\":\"2024-01-18T09:35:25+00:00\",\"description\":\"Proteja su estetoscopio con el inteligente dise\u00f1o acolchonado que mantiene seguros sus dispositivos de diagn\u00f3stico m\u00e1s valiosos, con el estuche r\u00edgido para estetoscopio Megabox.\",\"breadcrumb\":{\"@id\":\"https:\\\/\\\/stethoscope24.com\\\/estetoscopio-littmann\\\/product\\\/stethoscope-littmann-hard-case-purple-big\\\/#breadcrumb\"},\"inLanguage\":\"es\",\"potentialAction\":[{\"@type\":\"ReadAction\",\"target\":[\"https:\\\/\\\/stethoscope24.com\\\/estetoscopio-littmann\\\/product\\\/stethoscope-littmann-hard-case-purple-big\\\/\"]}]},{\"@type\":\"ImageObject\",\"inLanguage\":\"es\",\"@id\":\"https:\\\/\\\/stethoscope24.com\\\/estetoscopio-littmann\\\/product\\\/stethoscope-littmann-hard-case-purple-big\\\/#primaryimage\",\"url\":\"https:\\\/\\\/i0.wp.com\\\/stethoscope24.com\\\/estetoscopio-littmann\\\/wp-content\\\/uploads\\\/2021\\\/02\\\/megabox-stethoscope-case-purple_1.jpg?fit=800%2C800&ssl=1\",\"contentUrl\":\"https:\\\/\\\/i0.wp.com\\\/stethoscope24.com\\\/estetoscopio-littmann\\\/wp-content\\\/uploads\\\/2021\\\/02\\\/megabox-stethoscope-case-purple_1.jpg?fit=800%2C800&ssl=1\",\"width\":800,\"height\":800,\"caption\":\"Estuche R\u00edgido Morado, Grande, para Estetoscopio Littmann\"},{\"@type\":\"BreadcrumbList\",\"@id\":\"https:\\\/\\\/stethoscope24.com\\\/estetoscopio-littmann\\\/product\\\/stethoscope-littmann-hard-case-purple-big\\\/#breadcrumb\",\"itemListElement\":[{\"@type\":\"ListItem\",\"position\":1,\"name\":\"Home\",\"item\":\"https:\\\/\\\/stethoscope24.com\\\/estetoscopio-littmann\\\/\"},{\"@type\":\"ListItem\",\"position\":2,\"name\":\"Shop\",\"item\":\"https:\\\/\\\/stethoscope24.com\\\/estetoscopio-littmann\\\/shop\\\/\"},{\"@type\":\"ListItem\",\"position\":3,\"name\":\"Estuche R\u00edgido Morado, Grande, para Estetoscopio Littmann\"}]},{\"@type\":\"WebSite\",\"@id\":\"https:\\\/\\\/stethoscope24.com\\\/estetoscopio-littmann\\\/#website\",\"url\":\"https:\\\/\\\/stethoscope24.com\\\/estetoscopio-littmann\\\/\",\"name\":\"Estetoscopio Littmann\",\"description\":\"Estetoscopio Littmann\",\"publisher\":{\"@id\":\"https:\\\/\\\/stethoscope24.com\\\/estetoscopio-littmann\\\/#organization\"},\"potentialAction\":[{\"@type\":\"SearchAction\",\"target\":{\"@type\":\"EntryPoint\",\"urlTemplate\":\"https:\\\/\\\/stethoscope24.com\\\/estetoscopio-littmann\\\/?s={search_term_string}\"},\"query-input\":{\"@type\":\"PropertyValueSpecification\",\"valueRequired\":true,\"valueName\":\"search_term_string\"}}],\"inLanguage\":\"es\"},{\"@type\":\"Organization\",\"@id\":\"https:\\\/\\\/stethoscope24.com\\\/estetoscopio-littmann\\\/#organization\",\"name\":\"Estetoscopio Littmann\",\"url\":\"https:\\\/\\\/stethoscope24.com\\\/estetoscopio-littmann\\\/\",\"logo\":{\"@type\":\"ImageObject\",\"inLanguage\":\"es\",\"@id\":\"https:\\\/\\\/stethoscope24.com\\\/estetoscopio-littmann\\\/#\\\/schema\\\/logo\\\/image\\\/\",\"url\":\"https:\\\/\\\/i0.wp.com\\\/stethoscope24.com\\\/estetoscopio-littmann\\\/wp-content\\\/uploads\\\/2021\\\/03\\\/logostethoscope24-50.jpg?fit=298%2C50&ssl=1\",\"contentUrl\":\"https:\\\/\\\/i0.wp.com\\\/stethoscope24.com\\\/estetoscopio-littmann\\\/wp-content\\\/uploads\\\/2021\\\/03\\\/logostethoscope24-50.jpg?fit=298%2C50&ssl=1\",\"width\":298,\"height\":50,\"caption\":\"Estetoscopio Littmann\"},\"image\":{\"@id\":\"https:\\\/\\\/stethoscope24.com\\\/estetoscopio-littmann\\\/#\\\/schema\\\/logo\\\/image\\\/\"}}]}<\/script>\n<!-- \/ Yoast SEO plugin. -->","yoast_head_json":{"title":"Estuche R\u00edgido Morado, Grande, para Estetoscopio Littmann","description":"Proteja su estetoscopio con el inteligente dise\u00f1o acolchonado que mantiene seguros sus dispositivos de diagn\u00f3stico m\u00e1s valiosos, con el estuche r\u00edgido para estetoscopio Megabox.","robots":{"index":"index","follow":"follow","max-snippet":"max-snippet:-1","max-image-preview":"max-image-preview:large","max-video-preview":"max-video-preview:-1"},"canonical":"https:\/\/stethoscope24.com\/estetoscopio-littmann\/product\/stethoscope-littmann-hard-case-purple-big\/","og_locale":"es_MX","og_type":"article","og_title":"Estuche R\u00edgido Morado, Grande, para Estetoscopio Littmann","og_description":"Proteja su estetoscopio con el inteligente dise\u00f1o acolchonado que mantiene seguros sus dispositivos de diagn\u00f3stico m\u00e1s valiosos, con el estuche r\u00edgido para estetoscopio Megabox.","og_url":"https:\/\/stethoscope24.com\/estetoscopio-littmann\/product\/stethoscope-littmann-hard-case-purple-big\/","og_site_name":"Estetoscopio Littmann","article_modified_time":"2024-01-18T09:35:25+00:00","og_image":[{"width":800,"height":800,"url":"https:\/\/stethoscope24.com\/estetoscopio-littmann\/wp-content\/uploads\/2021\/02\/megabox-stethoscope-case-purple_1.jpg","type":"image\/jpeg"}],"twitter_card":"summary_large_image","twitter_misc":{"Tiempo de lectura":"1 minuto"},"schema":{"@context":"https:\/\/schema.org","@graph":[{"@type":"WebPage","@id":"https:\/\/stethoscope24.com\/estetoscopio-littmann\/product\/stethoscope-littmann-hard-case-purple-big\/","url":"https:\/\/stethoscope24.com\/estetoscopio-littmann\/product\/stethoscope-littmann-hard-case-purple-big\/","name":"Estuche R\u00edgido Morado, Grande, para Estetoscopio Littmann","isPartOf":{"@id":"https:\/\/stethoscope24.com\/estetoscopio-littmann\/#website"},"primaryImageOfPage":{"@id":"https:\/\/stethoscope24.com\/estetoscopio-littmann\/product\/stethoscope-littmann-hard-case-purple-big\/#primaryimage"},"image":{"@id":"https:\/\/stethoscope24.com\/estetoscopio-littmann\/product\/stethoscope-littmann-hard-case-purple-big\/#primaryimage"},"thumbnailUrl":"https:\/\/i0.wp.com\/stethoscope24.com\/estetoscopio-littmann\/wp-content\/uploads\/2021\/02\/megabox-stethoscope-case-purple_1.jpg?fit=800%2C800&ssl=1","datePublished":"2021-02-24T14:15:43+00:00","dateModified":"2024-01-18T09:35:25+00:00","description":"Proteja su estetoscopio con el inteligente dise\u00f1o acolchonado que mantiene seguros sus dispositivos de diagn\u00f3stico m\u00e1s valiosos, con el estuche r\u00edgido para estetoscopio Megabox.","breadcrumb":{"@id":"https:\/\/stethoscope24.com\/estetoscopio-littmann\/product\/stethoscope-littmann-hard-case-purple-big\/#breadcrumb"},"inLanguage":"es","potentialAction":[{"@type":"ReadAction","target":["https:\/\/stethoscope24.com\/estetoscopio-littmann\/product\/stethoscope-littmann-hard-case-purple-big\/"]}]},{"@type":"ImageObject","inLanguage":"es","@id":"https:\/\/stethoscope24.com\/estetoscopio-littmann\/product\/stethoscope-littmann-hard-case-purple-big\/#primaryimage","url":"https:\/\/i0.wp.com\/stethoscope24.com\/estetoscopio-littmann\/wp-content\/uploads\/2021\/02\/megabox-stethoscope-case-purple_1.jpg?fit=800%2C800&ssl=1","contentUrl":"https:\/\/i0.wp.com\/stethoscope24.com\/estetoscopio-littmann\/wp-content\/uploads\/2021\/02\/megabox-stethoscope-case-purple_1.jpg?fit=800%2C800&ssl=1","width":800,"height":800,"caption":"Estuche R\u00edgido Morado, Grande, para Estetoscopio Littmann"},{"@type":"BreadcrumbList","@id":"https:\/\/stethoscope24.com\/estetoscopio-littmann\/product\/stethoscope-littmann-hard-case-purple-big\/#breadcrumb","itemListElement":[{"@type":"ListItem","position":1,"name":"Home","item":"https:\/\/stethoscope24.com\/estetoscopio-littmann\/"},{"@type":"ListItem","position":2,"name":"Shop","item":"https:\/\/stethoscope24.com\/estetoscopio-littmann\/shop\/"},{"@type":"ListItem","position":3,"name":"Estuche R\u00edgido Morado, Grande, para Estetoscopio Littmann"}]},{"@type":"WebSite","@id":"https:\/\/stethoscope24.com\/estetoscopio-littmann\/#website","url":"https:\/\/stethoscope24.com\/estetoscopio-littmann\/","name":"Estetoscopio Littmann","description":"Estetoscopio Littmann","publisher":{"@id":"https:\/\/stethoscope24.com\/estetoscopio-littmann\/#organization"},"potentialAction":[{"@type":"SearchAction","target":{"@type":"EntryPoint","urlTemplate":"https:\/\/stethoscope24.com\/estetoscopio-littmann\/?s={search_term_string}"},"query-input":{"@type":"PropertyValueSpecification","valueRequired":true,"valueName":"search_term_string"}}],"inLanguage":"es"},{"@type":"Organization","@id":"https:\/\/stethoscope24.com\/estetoscopio-littmann\/#organization","name":"Estetoscopio Littmann","url":"https:\/\/stethoscope24.com\/estetoscopio-littmann\/","logo":{"@type":"ImageObject","inLanguage":"es","@id":"https:\/\/stethoscope24.com\/estetoscopio-littmann\/#\/schema\/logo\/image\/","url":"https:\/\/i0.wp.com\/stethoscope24.com\/estetoscopio-littmann\/wp-content\/uploads\/2021\/03\/logostethoscope24-50.jpg?fit=298%2C50&ssl=1","contentUrl":"https:\/\/i0.wp.com\/stethoscope24.com\/estetoscopio-littmann\/wp-content\/uploads\/2021\/03\/logostethoscope24-50.jpg?fit=298%2C50&ssl=1","width":298,"height":50,"caption":"Estetoscopio Littmann"},"image":{"@id":"https:\/\/stethoscope24.com\/estetoscopio-littmann\/#\/schema\/logo\/image\/"}}]}},"jetpack_sharing_enabled":true,"_links":{"self":[{"href":"https:\/\/stethoscope24.com\/estetoscopio-littmann\/wp-json\/wp\/v2\/product\/23469","targetHints":{"allow":["GET"]}}],"collection":[{"href":"https:\/\/stethoscope24.com\/estetoscopio-littmann\/wp-json\/wp\/v2\/product"}],"about":[{"href":"https:\/\/stethoscope24.com\/estetoscopio-littmann\/wp-json\/wp\/v2\/types\/product"}],"replies":[{"embeddable":true,"href":"https:\/\/stethoscope24.com\/estetoscopio-littmann\/wp-json\/wp\/v2\/comments?post=23469"}],"wp:featuredmedia":[{"embeddable":true,"href":"https:\/\/stethoscope24.com\/estetoscopio-littmann\/wp-json\/wp\/v2\/media\/23445"}],"wp:attachment":[{"href":"https:\/\/stethoscope24.com\/estetoscopio-littmann\/wp-json\/wp\/v2\/media?parent=23469"}],"wp:term":[{"taxonomy":"product_brand","embeddable":true,"href":"https:\/\/stethoscope24.com\/estetoscopio-littmann\/wp-json\/wp\/v2\/product_brand?post=23469"},{"taxonomy":"product_cat","embeddable":true,"href":"https:\/\/stethoscope24.com\/estetoscopio-littmann\/wp-json\/wp\/v2\/product_cat?post=23469"},{"taxonomy":"product_tag","embeddable":true,"href":"https:\/\/stethoscope24.com\/estetoscopio-littmann\/wp-json\/wp\/v2\/product_tag?post=23469"}],"curies":[{"name":"wp","href":"https:\/\/api.w.org\/{rel}","templated":true}]}}